{"id":15677,"date":"2023-02-13T12:40:27","date_gmt":"2023-02-13T10:40:27","guid":{"rendered":"http:\/\/packstera.lt\/?post_type=product&#038;p=15677"},"modified":"2023-04-19T15:09:24","modified_gmt":"2023-04-19T12:09:24","slug":"magnetiskie-separatori-separatoriem","status":"publish","type":"product","link":"https:\/\/packstera.lt\/lv\/p\/magnetiniai-separatoriai-atskyrejai\/","title":{"rendered":"Magn\u0113tiskie separatori"},"content":{"rendered":"<div data-elementor-type=\"wp-post\" data-elementor-id=\"15677\" class=\"elementor elementor-15677\">\n\t\t\t\t\t\t<section class=\"elementor-section elementor-top-section elementor-element elementor-element-27aeda97 elementor-section-boxed elementor-section-height-default elementor-section-height-default\" data-id=\"27aeda97\" data-element_type=\"section\" data-e-type=\"section\">\n\t\t\t\t\t\t<div class=\"elementor-container elementor-column-gap-default\">\n\t\t\t\t\t<div class=\"elementor-column elementor-col-100 elementor-top-column elementor-element elementor-element-280baefd\" data-id=\"280baefd\" data-element_type=\"column\" data-e-type=\"column\">\n\t\t\t<div class=\"elementor-widget-wrap elementor-element-populated\">\n\t\t\t\t\t\t<div class=\"elementor-element elementor-element-60f3570e elementor-widget elementor-widget-text-editor\" data-id=\"60f3570e\" data-element_type=\"widget\" data-e-type=\"widget\" data-widget_type=\"text-editor.default\">\n\t\t\t\t<div class=\"elementor-widget-container\">\n\t\t\t\t\t\t\t\t\t<table width=\"630\">\r\n<tbody>\r\n<tr>\r\n<td width=\"300\">Uzst\u0101d\u012b\u0161anas vieta<\/td>\r\n<td width=\"330\">Produktu padeves cauru\u013cu sist\u0113m\u0101<\/td>\r\n<\/tr>\r\n<tr>\r\n<td width=\"300\">Izmanto\u0161ana<\/td>\r\n<td width=\"330\">Lielapjoma produktiem<\/td>\r\n<\/tr>\r\n<tr>\r\n<td width=\"300\">Produkta kust\u012bbas virziens<\/td>\r\n<td width=\"330\">Vertik\u0101li<\/td>\r\n<\/tr>\r\n<tr>\r\n<td width=\"300\">Uzst\u0101d\u012bti magn\u0113ti<\/td>\r\n<td width=\"330\">Neod\u012bma magn\u0113ti N35<\/td>\r\n<\/tr>\r\n<tr>\r\n<td width=\"300\">Maks. magn\u0113tisk\u0101 indukcija uz cauru\u013cu virsmas (+\/-10%)<\/td>\r\n<td width=\"330\">10 700 gausu (opcija 12 200 gausu ar N52 magn\u0113tiem)<\/td>\r\n<\/tr>\r\n<tr>\r\n<td width=\"300\">Maks. magn\u0113tisk\u0101 indukcija kodol\u0101 (+\/-10%)<\/td>\r\n<td width=\"330\">17 000 gausu (opcija 18 700 gausu ar N52 magn\u0113tiem)<\/td>\r\n<\/tr>\r\n<tr>\r\n<td width=\"300\">Maks. sniegumu<\/td>\r\n<td width=\"330\">No 4 l\u012bdz 15 gadiem<sup>3<\/sup>\/h (atkar\u012bb\u0101 no mode\u013ca un produkta)<\/td>\r\n<\/tr>\r\n<tr>\r\n<td width=\"300\">Svars<\/td>\r\n<td width=\"330\">No 17 l\u012bdz 40 kg (atkar\u012bb\u0101 no mode\u013ca)<\/td>\r\n<\/tr>\r\n<tr>\r\n<td width=\"300\">Savienojo\u0161o cauru\u013cu diametrs<\/td>\r\n<td width=\"330\">No 100 l\u012bdz 300 mm (atkar\u012bb\u0101 no mode\u013ca)<\/td>\r\n<\/tr>\r\n<tr>\r\n<td width=\"300\">Savienojuma veids<\/td>\r\n<td width=\"330\">EN 1092-1 atloki vai J\u0113kaba atloki<\/td>\r\n<\/tr>\r\n<tr>\r\n<td width=\"300\">Maz\u0101k\u0101s met\u0101la da\u013ci\u0146as, kuras var atdal\u012bt<\/td>\r\n<td width=\"330\">0,03 mm<\/td>\r\n<\/tr>\r\n<tr>\r\n<td width=\"300\">Maks. Darb\u012bbas temperat\u016bra<\/td>\r\n<td width=\"330\">80 <sup>ak<\/sup>C<\/td>\r\n<\/tr>\r\n<tr>\r\n<td width=\"300\">Min. Apk\u0101rt\u0113j\u0101s vides temperat\u016bra<\/td>\r\n<td width=\"330\">-25 <sup>ak<\/sup>C<\/td>\r\n<\/tr>\r\n<tr>\r\n<td width=\"300\">Maks. apk\u0101rt\u0113j\u0101s vides temperat\u016bra<\/td>\r\n<td width=\"330\">45 <sup>ak<\/sup>C<\/td>\r\n<\/tr>\r\n<tr>\r\n<td width=\"300\">Bl\u012bves materi\u0101ls<\/td>\r\n<td width=\"330\">Silikona<\/td>\r\n<\/tr>\r\n<tr>\r\n<td width=\"300\">Sp\u0113ja atdal\u012bt paramagn\u0113tisk\u0101s da\u013ci\u0146as<\/td>\r\n<td width=\"330\">J\u0101<\/td>\r\n<\/tr>\r\n<tr>\r\n<td width=\"300\">T\u012br\u012b\u0161anas metode<\/td>\r\n<td width=\"330\">Manu\u0101la t\u012br\u012b\u0161ana, produkta pl\u016bsma ir j\u0101p\u0101rtrauc<\/td>\r\n<\/tr>\r\n<tr>\r\n<td width=\"300\">Magn\u0113tisko cauru\u013cu \u0101r\u0113jais diametrs<\/td>\r\n<td width=\"330\">32 mm<\/td>\r\n<\/tr>\r\n<tr>\r\n<td width=\"300\">Serdes magn\u0113tu diametrs<\/td>\r\n<td width=\"330\">29 mm<\/td>\r\n<\/tr>\r\n<tr>\r\n<td width=\"300\">Magn\u0113tisko cauru\u013cu skaits<\/td>\r\n<td width=\"330\">No 3 l\u012bdz 9 gabaliem (atkar\u012bb\u0101 no mode\u013ca)<\/td>\r\n<\/tr>\r\n<tr>\r\n<td width=\"300\">Korpusa materi\u0101ls, kas saskaras ar izstr\u0101d\u0101jumu<\/td>\r\n<td width=\"330\">Ner\u016bs\u0113jo\u0161ais t\u0113rauds AISI\u00a0304 (DIN\u00a01.4301)<\/td>\r\n<\/tr>\r\n<tr>\r\n<td width=\"300\">Standarta virsmas apstr\u0101de<\/td>\r\n<td width=\"330\">Apstr\u0101d\u0101ts ar smil\u0161u str\u016bklu (Ra 1,6 \u00b5m)<\/td>\r\n<\/tr>\r\n<tr>\r\n<td width=\"300\">Ir pieejamas ar\u012b citas virsmas apstr\u0101des metodes<\/td>\r\n<td width=\"330\">Pul\u0113ts, ni\u0137el\u0113ts, p\u0101rkl\u0101ts ar plastmasu, gumijots<\/td>\r\n<\/tr>\r\n<\/tbody>\r\n<\/table>\t\t\t\t\t\t\t\t<\/div>\n\t\t\t\t<\/div>\n\t\t\t\t\t<\/div>\n\t\t<\/div>\n\t\t\t\t\t<\/div>\n\t\t<\/section>\n\t\t\t\t<section class=\"elementor-section elementor-top-section elementor-element elementor-element-1638028 elementor-section-boxed elementor-section-height-default elementor-section-height-default\" data-id=\"1638028\" data-element_type=\"section\" data-e-type=\"section\">\n\t\t\t\t\t\t<div class=\"elementor-container elementor-column-gap-default\">\n\t\t\t\t\t<div class=\"elementor-column elementor-col-66 elementor-top-column elementor-element elementor-element-d9287a2\" data-id=\"d9287a2\" data-element_type=\"column\" data-e-type=\"column\">\n\t\t\t<div class=\"elementor-widget-wrap elementor-element-populated\">\n\t\t\t\t\t\t<div class=\"elementor-element elementor-element-65ec29b elementor-widget elementor-widget-video\" data-id=\"65ec29b\" data-element_type=\"widget\" data-e-type=\"widget\" data-settings=\"{&quot;video_type&quot;:&quot;hosted&quot;,&quot;controls&quot;:&quot;yes&quot;}\" data-widget_type=\"video.default\">\n\t\t\t\t<div class=\"elementor-widget-container\">\n\t\t\t\t\t\t\t<div class=\"e-hosted-video elementor-wrapper elementor-open-inline\">\n\t\t\t\t\t<video class=\"elementor-video\" src=\"http:\/\/packstera.lt\/wp-content\/uploads\/2023\/02\/magnetinis-separatorius.mp4\" controls=\"\" preload=\"metadata\" controlslist=\"nodownload\"><\/video>\n\t\t\t\t<\/div>\n\t\t\t\t\t\t<\/div>\n\t\t\t\t<\/div>\n\t\t\t\t\t<\/div>\n\t\t<\/div>\n\t\t\t\t<div class=\"elementor-column elementor-col-33 elementor-top-column elementor-element elementor-element-6f47e64\" data-id=\"6f47e64\" data-element_type=\"column\" data-e-type=\"column\">\n\t\t\t<div class=\"elementor-widget-wrap\">\n\t\t\t\t\t\t\t<\/div>\n\t\t<\/div>\n\t\t\t\t\t<\/div>\n\t\t<\/section>\n\t\t\t\t<\/div>","protected":false},"excerpt":{"rendered":"<p style=\"text-align: justify;\">Magn\u0113tiskie separatori ir paredz\u0113ti, lai \u0101tri un viegli atdal\u012btu met\u0101la piemais\u012bjumus no br\u012bvi kr\u012bto\u0161iem birsto\u0161iem materi\u0101liem. T\u0101 k\u0101 lielapjoma materi\u0101ls kr\u012bt caur magnetiz\u0113taj\u0101m caurul\u0113m, sp\u0113c\u012bgais magn\u0113tiskais lauks, ko rada neod\u012bma magn\u0113ti cauru\u013cu iek\u0161pus\u0113, notver met\u0101la da\u013ci\u0146as uz cauru\u013cu virsmas.<\/p>\n<p style=\"text-align: justify;\">Korpusa iek\u0161pus\u0113 eso\u0161\u0101s caurules ir izvietotas div\u0101s rind\u0101s, un aug\u0161\u0113j\u0101 cauru\u013cu komplekt\u0101 ir par vienu cauruli maz\u0101k. \u0160\u0101d\u0101 veid\u0101 izgatavotais cauru\u013cu komplekts ir \u013coti intens\u012bv\u0101 saskar\u0113 ar gar\u0101mejo\u0161o produktu, t\u0101p\u0113c tas sp\u0113j no\u0137ert pat maz\u0101kos feromagn\u0113tiskos piemais\u012bjumus un garant\u0113 \u0101rk\u0101rt\u012bgi augstu atdal\u012b\u0161anas efektivit\u0101ti.<\/p>\n<p style=\"text-align: justify;\">Atdal\u012bt\u0101ji tiek piesl\u0113gti pie produkcijas padeves sist\u0113mas ar standarta vai J\u0113kaba tipa atlokiem no 100 l\u012bdz 300 mm. Ir pieejami piel\u0101goti izm\u0113ri, lai tie atbilstu j\u016bsu ie\u017eogojuma sist\u0113mai.<\/p>","protected":false},"featured_media":15683,"template":"","meta":[],"product_cat":[725],"product_tag":[712],"class_list":{"0":"post-15677","1":"product","2":"type-product","3":"status-publish","4":"has-post-thumbnail","6":"product_cat-magnetiniai-separatoriai","7":"product_tag-maistas-ir-gerimai","9":"first","10":"instock","11":"shipping-taxable","12":"product-type-simple"},"_links":{"self":[{"href":"https:\/\/packstera.lt\/lv\/wp-json\/wp\/v2\/product\/15677","targetHints":{"allow":["GET"]}}],"collection":[{"href":"https:\/\/packstera.lt\/lv\/wp-json\/wp\/v2\/product"}],"about":[{"href":"https:\/\/packstera.lt\/lv\/wp-json\/wp\/v2\/types\/product"}],"version-history":[{"count":4,"href":"https:\/\/packstera.lt\/lv\/wp-json\/wp\/v2\/product\/15677\/revisions"}],"predecessor-version":[{"id":15690,"href":"https:\/\/packstera.lt\/lv\/wp-json\/wp\/v2\/product\/15677\/revisions\/15690"}],"wp:featuredmedia":[{"embeddable":true,"href":"https:\/\/packstera.lt\/lv\/wp-json\/wp\/v2\/media\/15683"}],"wp:attachment":[{"href":"https:\/\/packstera.lt\/lv\/wp-json\/wp\/v2\/media?parent=15677"}],"wp:term":[{"taxonomy":"product_cat","embeddable":true,"href":"https:\/\/packstera.lt\/lv\/wp-json\/wp\/v2\/product_cat?post=15677"},{"taxonomy":"product_tag","embeddable":true,"href":"https:\/\/packstera.lt\/lv\/wp-json\/wp\/v2\/product_tag?post=15677"}],"curies":[{"name":"wp","href":"https:\/\/api.w.org\/{rel}","templated":true}]}}