{"id":15815,"date":"2023-03-17T11:42:27","date_gmt":"2023-03-17T09:42:27","guid":{"rendered":"http:\/\/packstera.lt\/?post_type=product&#038;p=15815"},"modified":"2023-04-19T15:08:41","modified_gmt":"2023-04-19T12:08:41","slug":"ierice-skaitisanai-un-iesainosanai-maisos-ar-skruvem-vai-maziem-izstradajumiem","status":"publish","type":"product","link":"https:\/\/packstera.lt\/lv\/p\/varztu-ar-smulkiu-produktu-skaiciavimo-ir-pakavimo-i-maiselius-irenginys\/","title":{"rendered":"Ier\u012bce skr\u016bvju vai mazu izstr\u0101d\u0101jumu skait\u012b\u0161anai un iepako\u0161anai"},"content":{"rendered":"","protected":false},"excerpt":{"rendered":"<p>Lielisks risin\u0101jums nelielu komponentu, piem\u0113ram, skr\u016bvju, naglu, uzgrie\u017e\u0146u, plastmasas deta\u013cu vai citu, iepako\u0161anai.<\/p>\n<ul>\n<li>Piel\u0101gotas vibr\u0101cijas pl\u0101ksnes iepakotajam produktam.<\/li>\n<li>Prec\u012bza skait\u012b\u0161ana un iepako\u0161ana maisos.<\/li>\n<li>Pa\u0161diagnostika, autom\u0101tiska bremz\u0113\u0161ana atteices gad\u012bjum\u0101.<\/li>\n<li>Iepakojuma ra\u017eo\u0161anas apjoma apr\u0113\u0137in\u0101\u0161ana un izseko\u0161ana.<\/li>\n<li>Vienk\u0101r\u0161a un intuit\u012bva vad\u012bba.<\/li>\n<li>Iesp\u0113jams iepakot iepakojum\u0101 ar apdruku (iepakojuma pozicion\u0113\u0161ana).<\/li>\n<li>Vair\u0101ku da\u017e\u0101du deta\u013cu iepako\u0161ana, produkti vien\u0101 iepakojum\u0101.<\/li>\n<\/ul>","protected":false},"featured_media":15822,"template":"","meta":[],"product_cat":[571],"product_tag":[714,716,718],"class_list":{"0":"post-15815","1":"product","2":"type-product","3":"status-publish","4":"has-post-thumbnail","6":"product_cat-vertikalaus-pakavimo-irenginiai","7":"product_tag-chemija-ir-plastikas","8":"product_tag-medienos","9":"product_tag-statyba","11":"first","12":"instock","13":"shipping-taxable","14":"product-type-simple"},"_links":{"self":[{"href":"https:\/\/packstera.lt\/lv\/wp-json\/wp\/v2\/product\/15815","targetHints":{"allow":["GET"]}}],"collection":[{"href":"https:\/\/packstera.lt\/lv\/wp-json\/wp\/v2\/product"}],"about":[{"href":"https:\/\/packstera.lt\/lv\/wp-json\/wp\/v2\/types\/product"}],"version-history":[{"count":3,"href":"https:\/\/packstera.lt\/lv\/wp-json\/wp\/v2\/product\/15815\/revisions"}],"predecessor-version":[{"id":15828,"href":"https:\/\/packstera.lt\/lv\/wp-json\/wp\/v2\/product\/15815\/revisions\/15828"}],"wp:featuredmedia":[{"embeddable":true,"href":"https:\/\/packstera.lt\/lv\/wp-json\/wp\/v2\/media\/15822"}],"wp:attachment":[{"href":"https:\/\/packstera.lt\/lv\/wp-json\/wp\/v2\/media?parent=15815"}],"wp:term":[{"taxonomy":"product_cat","embeddable":true,"href":"https:\/\/packstera.lt\/lv\/wp-json\/wp\/v2\/product_cat?post=15815"},{"taxonomy":"product_tag","embeddable":true,"href":"https:\/\/packstera.lt\/lv\/wp-json\/wp\/v2\/product_tag?post=15815"}],"curies":[{"name":"wp","href":"https:\/\/api.w.org\/{rel}","templated":true}]}}