{"id":16186,"date":"2023-04-12T17:23:47","date_gmt":"2023-04-12T14:23:47","guid":{"rendered":"http:\/\/packstera.lt\/?post_type=product&#038;p=16186"},"modified":"2023-04-19T15:06:10","modified_gmt":"2023-04-19T12:06:10","slug":"termoformesanas-iepakosanas-iekartas","status":"publish","type":"product","link":"https:\/\/packstera.lt\/lv\/p\/terminio-formavimo-pakavimo-irenginys\/","title":{"rendered":"Termoform\u0113\u0161anas iepako\u0161anas ma\u0161\u012bna"},"content":{"rendered":"<div data-elementor-type=\"wp-post\" data-elementor-id=\"16186\" class=\"elementor elementor-16186\">\n\t\t\t\t\t\t<section class=\"elementor-section elementor-top-section elementor-element elementor-element-49e90304 elementor-section-boxed elementor-section-height-default elementor-section-height-default\" data-id=\"49e90304\" data-element_type=\"section\" data-e-type=\"section\">\n\t\t\t\t\t\t<div class=\"elementor-container elementor-column-gap-default\">\n\t\t\t\t\t<div class=\"elementor-column elementor-col-100 elementor-top-column elementor-element elementor-element-34e1c95b\" data-id=\"34e1c95b\" data-element_type=\"column\" data-e-type=\"column\">\n\t\t\t<div class=\"elementor-widget-wrap elementor-element-populated\">\n\t\t\t\t\t\t<div class=\"elementor-element elementor-element-78cfd091 elementor-widget elementor-widget-text-editor\" data-id=\"78cfd091\" data-element_type=\"widget\" data-e-type=\"widget\" data-widget_type=\"text-editor.default\">\n\t\t\t\t<div class=\"elementor-widget-container\">\n\t\t\t\t\t\t\t\t\t<table>\r\n<tbody>\r\n<tr>\r\n<td width=\"264\">Ier\u012bces izm\u0113ri<\/td>\r\n<td width=\"360\">No 5000x1030x1910 h mm (atkar\u012bgs no v\u0113lamaj\u0101m modifik\u0101cij\u0101m un vajadz\u012bb\u0101m)<\/td>\r\n<\/tr>\r\n<tr>\r\n<td width=\"264\">Performance<\/td>\r\n<td width=\"360\">No 6 l\u012bdz 12 cikliem\/min<\/td>\r\n<\/tr>\r\n<tr>\r\n<td width=\"264\">Cikla so\u013ca garums<\/td>\r\n<td width=\"360\">L\u012bdz 600 mm<\/td>\r\n<\/tr>\r\n<tr>\r\n<td width=\"264\">Maksim\u0101lais iepako\u0161anas dzi\u013cums<\/td>\r\n<td width=\"360\">L\u012bdz 200 mm<\/td>\r\n<\/tr>\r\n<tr>\r\n<td width=\"264\">Pre\u010du iekrau\u0161anas laukuma garums<\/td>\r\n<td width=\"360\">No 1000 l\u012bdz 6000 mm<\/td>\r\n<\/tr>\r\n<tr>\r\n<td width=\"264\">Maksim\u0101lais pl\u0113ves ru\u013c\u013ca platums<\/td>\r\n<td width=\"360\">L\u012bdz 640 mm<\/td>\r\n<\/tr>\r\n<tr>\r\n<td width=\"264\">Iepakojuma formas<\/td>\r\n<td width=\"360\">Da\u017e\u0101di (p\u0113c vajadz\u012bbas)<\/td>\r\n<\/tr>\r\n<tr>\r\n<td width=\"264\">Elektr\u012bbas pat\u0113ri\u0146\u0161<\/td>\r\n<td width=\"360\">No 15 l\u012bdz 70 kW<\/td>\r\n<\/tr>\r\n<tr>\r\n<td width=\"264\">Svars<\/td>\r\n<td width=\"360\">No 1400 l\u012bdz 2200 kg<\/td>\r\n<\/tr>\r\n<\/tbody>\r\n<\/table>\t\t\t\t\t\t\t\t<\/div>\n\t\t\t\t<\/div>\n\t\t\t\t\t<\/div>\n\t\t<\/div>\n\t\t\t\t\t<\/div>\n\t\t<\/section>\n\t\t\t\t<section class=\"elementor-section elementor-top-section elementor-element elementor-element-3576495 elementor-section-boxed elementor-section-height-default elementor-section-height-default\" data-id=\"3576495\" data-element_type=\"section\" data-e-type=\"section\">\n\t\t\t\t\t\t<div class=\"elementor-container elementor-column-gap-default\">\n\t\t\t\t\t<div class=\"elementor-column elementor-col-50 elementor-top-column elementor-element elementor-element-c4131a4\" data-id=\"c4131a4\" data-element_type=\"column\" data-e-type=\"column\">\n\t\t\t<div class=\"elementor-widget-wrap elementor-element-populated\">\n\t\t\t\t\t\t<div class=\"elementor-element elementor-element-9b1fed5 btn-position-bottom elementor-widget elementor-widget-razzi-image-button\" data-id=\"9b1fed5\" data-element_type=\"widget\" data-e-type=\"widget\" data-widget_type=\"razzi-image-button.default\">\n\t\t\t\t<div class=\"elementor-widget-container\">\n\t\t\t\t\t<div class=\"razzi-image-button\"><img fetchpriority=\"high\" decoding=\"async\" width=\"800\" height=\"533\" src=\"https:\/\/packstera.lt\/wp-content\/uploads\/2023\/04\/Steak-Skin-Pckaging4.jpg\" class=\"attachment-full size-full wp-image-16191\" alt=\"\" \/><a href=\"http:\/\/packstera.lt\/wp-content\/uploads\/2023\/04\/Thermoforming-machines-1.pdf\" target=\"_blank\" rel=\"nofollow\" class=\"razzi-image-button__link\"><\/a><a href=\"http:\/\/packstera.lt\/wp-content\/uploads\/2023\/04\/Thermoforming-machines-1.pdf\" target=\"_blank\" rel=\"nofollow\" class=\"razzi-image-button__position razzi-image-button__button\">Ra\u017eot\u0101ja apraksts <span class=\"razzi-svg-icon\"><svg aria-hidden=\"true\" role=\"img\" focusable=\"false\" xmlns=\"http:\/\/www.w3.org\/2000\/svg\" width=\"24\" height=\"24\" viewbox=\"0 0 24 24\" fill=\"none\" stroke=\"currentColor\" stroke-width=\"2\" stroke-linecap=\"round\" stroke-linejoin=\"round\"><line x1=\"0\" y1=\"12\" x2=\"19\" y2=\"12\"><\/line><polyline points=\"12 5 19 12 12 19\"><\/polyline><\/svg><\/span><\/a><\/div>\t\t\t\t<\/div>\n\t\t\t\t<\/div>\n\t\t\t\t\t<\/div>\n\t\t<\/div>\n\t\t\t\t<div class=\"elementor-column elementor-col-50 elementor-top-column elementor-element elementor-element-fee7b0f\" data-id=\"fee7b0f\" data-element_type=\"column\" data-e-type=\"column\">\n\t\t\t<div class=\"elementor-widget-wrap\">\n\t\t\t\t\t\t\t<\/div>\n\t\t<\/div>\n\t\t\t\t\t<\/div>\n\t\t<\/section>\n\t\t\t\t<\/div>","protected":false},"excerpt":{"rendered":"<p style=\"text-align: justify;\">Kvalitat\u012bva un daudzpus\u012bga termoform\u0113\u0161anas iepako\u0161anas iek\u0101rta. Piln\u012bb\u0101 sagatavots visaugst\u0101k\u0101 standarta iepakojumam. Ier\u012bces modernais modul\u0101rais dizains \u013cauj uzst\u0101d\u012bt daudzas modifik\u0101cijas un sagatavot to atbilsto\u0161i aktu\u0101laj\u0101m iepakojuma vajadz\u012bb\u0101m. Termoformatori ir izstr\u0101d\u0101ti atbilsto\u0161i visstingr\u0101kaj\u0101m higi\u0113nas pras\u012bb\u0101m, izmantojot vismodern\u0101k\u0101s tehnolo\u0123ijas. \u0100tra un prec\u012bza iepakojuma form\u0101tu mai\u0146as sist\u0113ma garant\u0113 piln\u012bgu dro\u0161\u012bbu un izcilus rezult\u0101tus, iesai\u0146ojot j\u016bsu produktus.<\/p>\n<ul>\n<li style=\"text-align: justify;\">Iepakojums: izmantojot vakuumu, augstspiediena gaisu<\/li>\n<li style=\"text-align: justify;\">Druk\u0101\u0161anas iesp\u0113ja<\/li>\n<li style=\"text-align: justify;\">Mar\u0137\u0113\u0161anas iesp\u0113ja<\/li>\n<li style=\"text-align: justify;\">G\u0101zes iesmidzin\u0101\u0161ana (MAP)<\/li>\n<li style=\"text-align: justify;\">Vieglas atv\u0113r\u0161anas funkcija<\/li>\n<li style=\"text-align: justify;\">Piel\u0101gots iepakojums<\/li>\n<li style=\"text-align: justify;\">\u0100tra un dro\u0161a iepakojuma form\u0101ta mai\u0146a<\/li>\n<li style=\"text-align: justify;\">Autom\u0101tiska iepakojumu piepild\u012b\u0161ana ar produktu<\/li>\n<\/ul>","protected":false},"featured_media":16192,"template":"","meta":[],"product_cat":[568],"product_tag":[712],"class_list":{"0":"post-16186","1":"product","2":"type-product","3":"status-publish","4":"has-post-thumbnail","6":"product_cat-termo-formavimo-irenginiai","7":"product_tag-maistas-ir-gerimai","9":"first","10":"instock","11":"shipping-taxable","12":"product-type-simple"},"_links":{"self":[{"href":"https:\/\/packstera.lt\/lv\/wp-json\/wp\/v2\/product\/16186","targetHints":{"allow":["GET"]}}],"collection":[{"href":"https:\/\/packstera.lt\/lv\/wp-json\/wp\/v2\/product"}],"about":[{"href":"https:\/\/packstera.lt\/lv\/wp-json\/wp\/v2\/types\/product"}],"version-history":[{"count":10,"href":"https:\/\/packstera.lt\/lv\/wp-json\/wp\/v2\/product\/16186\/revisions"}],"predecessor-version":[{"id":16216,"href":"https:\/\/packstera.lt\/lv\/wp-json\/wp\/v2\/product\/16186\/revisions\/16216"}],"wp:featuredmedia":[{"embeddable":true,"href":"https:\/\/packstera.lt\/lv\/wp-json\/wp\/v2\/media\/16192"}],"wp:attachment":[{"href":"https:\/\/packstera.lt\/lv\/wp-json\/wp\/v2\/media?parent=16186"}],"wp:term":[{"taxonomy":"product_cat","embeddable":true,"href":"https:\/\/packstera.lt\/lv\/wp-json\/wp\/v2\/product_cat?post=16186"},{"taxonomy":"product_tag","embeddable":true,"href":"https:\/\/packstera.lt\/lv\/wp-json\/wp\/v2\/product_tag?post=16186"}],"curies":[{"name":"wp","href":"https:\/\/api.w.org\/{rel}","templated":true}]}}