{"id":16341,"date":"2023-04-14T15:16:58","date_gmt":"2023-04-14T12:16:58","guid":{"rendered":"http:\/\/packstera.lt\/?post_type=product&#038;p=16341"},"modified":"2023-04-19T15:05:26","modified_gmt":"2023-04-19T12:05:26","slug":"individualas-vakuuma-pacelsanas-sistemas","status":"publish","type":"product","link":"https:\/\/packstera.lt\/lv\/p\/individualios-vakuumines-kelimo-sistemos\/","title":{"rendered":"Individu\u0101las vakuuma pacel\u0161anas sist\u0113mas"},"content":{"rendered":"<div data-elementor-type=\"wp-post\" data-elementor-id=\"16341\" class=\"elementor elementor-16341\">\n\t\t\t\t\t\t<section class=\"elementor-section elementor-top-section elementor-element elementor-element-839761e elementor-section-boxed elementor-section-height-default elementor-section-height-default\" data-id=\"839761e\" data-element_type=\"section\" data-e-type=\"section\">\n\t\t\t\t\t\t<div class=\"elementor-container elementor-column-gap-default\">\n\t\t\t\t\t<div class=\"elementor-column elementor-col-33 elementor-top-column elementor-element elementor-element-91820b2\" data-id=\"91820b2\" data-element_type=\"column\" data-e-type=\"column\">\n\t\t\t<div class=\"elementor-widget-wrap elementor-element-populated\">\n\t\t\t\t\t\t<div class=\"elementor-element elementor-element-5de976b btn-position-bottom elementor-widget elementor-widget-razzi-image-button\" data-id=\"5de976b\" data-element_type=\"widget\" data-e-type=\"widget\" data-widget_type=\"razzi-image-button.default\">\n\t\t\t\t<div class=\"elementor-widget-container\">\n\t\t\t\t\t<div class=\"razzi-image-button\"><img fetchpriority=\"high\" decoding=\"async\" width=\"800\" height=\"496\" src=\"https:\/\/packstera.lt\/wp-content\/uploads\/2023\/04\/Vakuum-He1500x1500.jpg\" class=\"attachment-full size-full wp-image-16342\" alt=\"\" srcset=\"https:\/\/packstera.lt\/wp-content\/uploads\/2023\/04\/Vakuum-He1500x1500.jpg 800w, https:\/\/packstera.lt\/wp-content\/uploads\/2023\/04\/Vakuum-He1500x1500-300x186.jpg 300w, https:\/\/packstera.lt\/wp-content\/uploads\/2023\/04\/Vakuum-He1500x1500-768x476.jpg 768w, https:\/\/packstera.lt\/wp-content\/uploads\/2023\/04\/Vakuum-He1500x1500-18x12.jpg 18w, https:\/\/packstera.lt\/wp-content\/uploads\/2023\/04\/Vakuum-He1500x1500-570x353.jpg 570w, https:\/\/packstera.lt\/wp-content\/uploads\/2023\/04\/Vakuum-He1500x1500-600x372.jpg 600w, https:\/\/packstera.lt\/wp-content\/uploads\/2023\/04\/Vakuum-He1500x1500-130x81.jpg 130w\" sizes=\"(max-width: 800px) 100vw, 800px\" \/><a href=\"http:\/\/packstera.lt\/wp-content\/uploads\/2023\/04\/timLIFT-Vacuum-Lifting-Technology-Special-Solutio.pdf\" target=\"_blank\" rel=\"nofollow\" class=\"razzi-image-button__link\"><\/a><a href=\"http:\/\/packstera.lt\/wp-content\/uploads\/2023\/04\/timLIFT-Vacuum-Lifting-Technology-Special-Solutio.pdf\" target=\"_blank\" rel=\"nofollow\" class=\"razzi-image-button__position razzi-image-button__button\">Ra\u017eot\u0101ja apraksts <span class=\"razzi-svg-icon\"><svg aria-hidden=\"true\" role=\"img\" focusable=\"false\" xmlns=\"http:\/\/www.w3.org\/2000\/svg\" width=\"24\" height=\"24\" viewbox=\"0 0 24 24\" fill=\"none\" stroke=\"currentColor\" stroke-width=\"2\" stroke-linecap=\"round\" stroke-linejoin=\"round\"><line x1=\"0\" y1=\"12\" x2=\"19\" y2=\"12\"><\/line><polyline points=\"12 5 19 12 12 19\"><\/polyline><\/svg><\/span><\/a><\/div>\t\t\t\t<\/div>\n\t\t\t\t<\/div>\n\t\t\t\t\t<\/div>\n\t\t<\/div>\n\t\t\t\t<div class=\"elementor-column elementor-col-66 elementor-top-column elementor-element elementor-element-b53eb0b\" data-id=\"b53eb0b\" data-element_type=\"column\" data-e-type=\"column\">\n\t\t\t<div class=\"elementor-widget-wrap\">\n\t\t\t\t\t\t\t<\/div>\n\t\t<\/div>\n\t\t\t\t\t<\/div>\n\t\t<\/section>\n\t\t\t\t<\/div>","protected":false},"excerpt":{"rendered":"<p>Ra\u017eot\u0101ja apraksts<\/p>","protected":false},"featured_media":16343,"template":"","meta":[],"product_cat":[548],"product_tag":[716],"class_list":{"0":"post-16341","1":"product","2":"type-product","3":"status-publish","4":"has-post-thumbnail","6":"product_cat-vakuuminiai-kelimo-prietaisai","7":"product_tag-medienos","9":"first","10":"instock","11":"shipping-taxable","12":"product-type-simple"},"_links":{"self":[{"href":"https:\/\/packstera.lt\/lv\/wp-json\/wp\/v2\/product\/16341","targetHints":{"allow":["GET"]}}],"collection":[{"href":"https:\/\/packstera.lt\/lv\/wp-json\/wp\/v2\/product"}],"about":[{"href":"https:\/\/packstera.lt\/lv\/wp-json\/wp\/v2\/types\/product"}],"version-history":[{"count":4,"href":"https:\/\/packstera.lt\/lv\/wp-json\/wp\/v2\/product\/16341\/revisions"}],"predecessor-version":[{"id":16351,"href":"https:\/\/packstera.lt\/lv\/wp-json\/wp\/v2\/product\/16341\/revisions\/16351"}],"wp:featuredmedia":[{"embeddable":true,"href":"https:\/\/packstera.lt\/lv\/wp-json\/wp\/v2\/media\/16343"}],"wp:attachment":[{"href":"https:\/\/packstera.lt\/lv\/wp-json\/wp\/v2\/media?parent=16341"}],"wp:term":[{"taxonomy":"product_cat","embeddable":true,"href":"https:\/\/packstera.lt\/lv\/wp-json\/wp\/v2\/product_cat?post=16341"},{"taxonomy":"product_tag","embeddable":true,"href":"https:\/\/packstera.lt\/lv\/wp-json\/wp\/v2\/product_tag?post=16341"}],"curies":[{"name":"wp","href":"https:\/\/api.w.org\/{rel}","templated":true}]}}