{"id":16476,"date":"2023-05-22T15:32:17","date_gmt":"2023-05-22T12:32:17","guid":{"rendered":"http:\/\/packstera.lt\/?post_type=product&#038;p=16476"},"modified":"2024-02-23T11:29:35","modified_gmt":"2024-02-23T09:29:35","slug":"rev-vega-horizontalas-iepakosanas-iekartas-tikla-maisiniem","status":"publish","type":"product","link":"https:\/\/packstera.lt\/lv\/p\/rev-vega-horizontalaus-pakavimo-iranga-i-tinklinius-maisus\/","title":{"rendered":"REV Vega horizont\u0101l\u0101 iepako\u0161anas iek\u0101rta t\u012bkla maisos"},"content":{"rendered":"<div data-elementor-type=\"wp-post\" data-elementor-id=\"16476\" class=\"elementor elementor-16476\">\n\t\t\t\t\t\t<section class=\"elementor-section elementor-top-section elementor-element elementor-element-12f1ce05 elementor-section-boxed elementor-section-height-default elementor-section-height-default\" data-id=\"12f1ce05\" data-element_type=\"section\" data-e-type=\"section\">\n\t\t\t\t\t\t<div class=\"elementor-container elementor-column-gap-default\">\n\t\t\t\t\t<div class=\"elementor-column elementor-col-100 elementor-top-column elementor-element elementor-element-22aee0af\" data-id=\"22aee0af\" data-element_type=\"column\" data-e-type=\"column\">\n\t\t\t<div class=\"elementor-widget-wrap elementor-element-populated\">\n\t\t\t\t\t\t<div class=\"elementor-element elementor-element-51373133 elementor-widget elementor-widget-text-editor\" data-id=\"51373133\" data-element_type=\"widget\" data-e-type=\"widget\" data-widget_type=\"text-editor.default\">\n\t\t\t\t<div class=\"elementor-widget-container\">\n\t\t\t\t\t\t\t\t\t<table>\r\n<tbody>\r\n<tr>\r\n<td width=\"312\">Kontrolieris<\/td>\r\n<td width=\"312\">Kr\u0101su sk\u0101rienekr\u0101ns<\/td>\r\n<\/tr>\r\n<tr>\r\n<td width=\"312\">Performance<\/td>\r\n<td width=\"312\">L\u012bdz 35 iepakojumiem min\u016bt\u0113 (atkar\u012bb\u0101 no iepakojuma izm\u0113ra un svara)<\/td>\r\n<\/tr>\r\n<tr>\r\n<td width=\"312\">Liel\u0101kais iepakojums<\/td>\r\n<td width=\"312\">300\u00a0x\u00a0200\u00a0x\u00a0110\u00a0mm (G.\u00a0x.\u00a0P.\u00a0x A)<\/td>\r\n<\/tr>\r\n<tr>\r\n<td width=\"312\">Maksim\u0101lais iepakojuma svars<\/td>\r\n<td width=\"312\">L\u012bdz 2 kg<\/td>\r\n<\/tr>\r\n<tr>\r\n<td width=\"312\">T\u012bkla caurule<\/td>\r\n<td width=\"312\">Diametrs \u00d8260. Var izgatavot 300m t\u012bklu<\/td>\r\n<\/tr>\r\n<tr>\r\n<td width=\"312\">Lentes uzlik\u0161ana (izmanto k\u0101 rokturi)<\/td>\r\n<td width=\"312\">Lentes platums var b\u016bt l\u012bdz 27 mm<\/td>\r\n<\/tr>\r\n<\/tbody>\r\n<\/table>\t\t\t\t\t\t\t\t<\/div>\n\t\t\t\t<\/div>\n\t\t\t\t\t<\/div>\n\t\t<\/div>\n\t\t\t\t\t<\/div>\n\t\t<\/section>\n\t\t\t\t<section class=\"elementor-section elementor-top-section elementor-element elementor-element-1e4d48e elementor-section-boxed elementor-section-height-default elementor-section-height-default\" data-id=\"1e4d48e\" data-element_type=\"section\" data-e-type=\"section\">\n\t\t\t\t\t\t<div class=\"elementor-container elementor-column-gap-default\">\n\t\t\t\t\t<div class=\"elementor-column elementor-col-66 elementor-top-column elementor-element elementor-element-4d58fd1\" data-id=\"4d58fd1\" data-element_type=\"column\" data-e-type=\"column\">\n\t\t\t<div class=\"elementor-widget-wrap elementor-element-populated\">\n\t\t\t\t\t\t<div class=\"elementor-element elementor-element-25fe339 elementor-widget elementor-widget-video\" data-id=\"25fe339\" data-element_type=\"widget\" data-e-type=\"widget\" data-settings=\"{&quot;youtube_url&quot;:&quot;https:\\\/\\\/www.youtube.com\\\/watch?v=1QJILdLHvao&amp;ab_channel=REVPackagingSolutions&quot;,&quot;video_type&quot;:&quot;youtube&quot;,&quot;controls&quot;:&quot;yes&quot;}\" data-widget_type=\"video.default\">\n\t\t\t\t<div class=\"elementor-widget-container\">\n\t\t\t\t\t\t\t<div class=\"elementor-wrapper elementor-open-inline\">\n\t\t\t<div class=\"elementor-video\"><\/div>\t\t<\/div>\n\t\t\t\t\t\t<\/div>\n\t\t\t\t<\/div>\n\t\t\t\t\t<\/div>\n\t\t<\/div>\n\t\t\t\t<div class=\"elementor-column elementor-col-33 elementor-top-column elementor-element elementor-element-390fbda\" data-id=\"390fbda\" data-element_type=\"column\" data-e-type=\"column\">\n\t\t\t<div class=\"elementor-widget-wrap elementor-element-populated\">\n\t\t\t\t\t\t<div class=\"elementor-element elementor-element-eba448d btn-position-bottom elementor-widget elementor-widget-razzi-image-button\" data-id=\"eba448d\" data-element_type=\"widget\" data-e-type=\"widget\" data-widget_type=\"razzi-image-button.default\">\n\t\t\t\t<div class=\"elementor-widget-container\">\n\t\t\t\t\t<div class=\"razzi-image-button\"><img fetchpriority=\"high\" decoding=\"async\" width=\"1200\" height=\"900\" src=\"https:\/\/packstera.lt\/wp-content\/uploads\/2023\/05\/Vega-scaled-1.jpg\" class=\"attachment-full size-full wp-image-16494\" alt=\"\" \/><a href=\"http:\/\/packstera.lt\/wp-content\/uploads\/2023\/05\/Vega_eng.pdf\" target=\"_blank\" rel=\"nofollow\" class=\"razzi-image-button__link\"><\/a><a href=\"http:\/\/packstera.lt\/wp-content\/uploads\/2023\/05\/Vega_eng.pdf\" target=\"_blank\" rel=\"nofollow\" class=\"razzi-image-button__position razzi-image-button__button\">Ra\u017eot\u0101ja apraksts <span class=\"razzi-svg-icon\"><svg aria-hidden=\"true\" role=\"img\" focusable=\"false\" xmlns=\"http:\/\/www.w3.org\/2000\/svg\" width=\"24\" height=\"24\" viewbox=\"0 0 24 24\" fill=\"none\" stroke=\"currentColor\" stroke-width=\"2\" stroke-linecap=\"round\" stroke-linejoin=\"round\"><line x1=\"0\" y1=\"12\" x2=\"19\" y2=\"12\"><\/line><polyline points=\"12 5 19 12 12 19\"><\/polyline><\/svg><\/span><\/a><\/div>\t\t\t\t<\/div>\n\t\t\t\t<\/div>\n\t\t\t\t\t<\/div>\n\t\t<\/div>\n\t\t\t\t\t<\/div>\n\t\t<\/section>\n\t\t\t\t<\/div>","protected":false},"excerpt":{"rendered":"<p style=\"text-align: justify;\">REV Vega horizont\u0101l\u0101 t\u012bkla maisi\u0146u iepako\u0161anas iek\u0101rta ir univers\u0101ls risin\u0101jums j\u016bsu produktu iepako\u0161anas vajadz\u012bb\u0101m. Vega var iepakot va\u013c\u0113jus produktus kast\u0113s, uz palet\u0113m.<\/p>\n<p style=\"text-align: justify;\">Pla\u0161i izmanto autom\u0101tiskaj\u0101s iepako\u0161anas l\u012bnij\u0101s ar produktu sv\u0113r\u0161anas vai skait\u012b\u0161anas ier\u012bc\u0113m.<\/p>\n<p style=\"text-align: justify;\">Visbie\u017e\u0101k ier\u012bci izmanto aug\u013ciem vai d\u0101rze\u0146iem, ta\u010du to var izmantot gandr\u012bz jebkuram produktam.<\/p>\n<ul>\n<li style=\"text-align: justify;\">Da\u017e\u0101du izm\u0113ru eti\u0137e\u0161u pievieno\u0161ana, druk\u0101\u0161ana uz t\u0101m<\/li>\n<li style=\"text-align: justify;\">Siksnas piestiprin\u0101\u0161ana (izmanto k\u0101 p\u0101rn\u0113s\u0101\u0161anas rokturi)<\/li>\n<li style=\"text-align: justify;\">Maiga produktu padeve ar m\u012bkstu konveijeru<\/li>\n<li style=\"text-align: justify;\">\u013boti vienk\u0101r\u0161a un intuit\u012bva lieto\u0161ana<\/li>\n<\/ul>","protected":false},"featured_media":16498,"template":"","meta":[],"product_cat":[566],"product_tag":[],"class_list":{"0":"post-16476","1":"product","2":"type-product","3":"status-publish","4":"has-post-thumbnail","6":"product_cat-horizontalaus-pakavimo-irenginiai","8":"first","9":"instock","10":"shipping-taxable","11":"product-type-simple"},"_links":{"self":[{"href":"https:\/\/packstera.lt\/lv\/wp-json\/wp\/v2\/product\/16476","targetHints":{"allow":["GET"]}}],"collection":[{"href":"https:\/\/packstera.lt\/lv\/wp-json\/wp\/v2\/product"}],"about":[{"href":"https:\/\/packstera.lt\/lv\/wp-json\/wp\/v2\/types\/product"}],"version-history":[{"count":6,"href":"https:\/\/packstera.lt\/lv\/wp-json\/wp\/v2\/product\/16476\/revisions"}],"predecessor-version":[{"id":16564,"href":"https:\/\/packstera.lt\/lv\/wp-json\/wp\/v2\/product\/16476\/revisions\/16564"}],"wp:featuredmedia":[{"embeddable":true,"href":"https:\/\/packstera.lt\/lv\/wp-json\/wp\/v2\/media\/16498"}],"wp:attachment":[{"href":"https:\/\/packstera.lt\/lv\/wp-json\/wp\/v2\/media?parent=16476"}],"wp:term":[{"taxonomy":"product_cat","embeddable":true,"href":"https:\/\/packstera.lt\/lv\/wp-json\/wp\/v2\/product_cat?post=16476"},{"taxonomy":"product_tag","embeddable":true,"href":"https:\/\/packstera.lt\/lv\/wp-json\/wp\/v2\/product_tag?post=16476"}],"curies":[{"name":"wp","href":"https:\/\/api.w.org\/{rel}","templated":true}]}}