{"id":16477,"date":"2023-05-22T15:37:07","date_gmt":"2023-05-22T12:37:07","guid":{"rendered":"http:\/\/packstera.lt\/?post_type=product&#038;p=16477"},"modified":"2023-05-22T16:47:31","modified_gmt":"2023-05-22T13:47:31","slug":"rev-puma-vertikalas-iepakosanas-iekartas-tikla-maisiem","status":"publish","type":"product","link":"https:\/\/packstera.lt\/lv\/p\/rev-puma-vertikalaus-pakavimo-iranga-i-tinklinius-maisus\/","title":{"rendered":"REV Puma vertik\u0101l\u0101s iepako\u0161anas apr\u012bkojums"},"content":{"rendered":"<div data-elementor-type=\"wp-post\" data-elementor-id=\"16477\" class=\"elementor elementor-16477\">\n\t\t\t\t\t\t<section class=\"elementor-section elementor-top-section elementor-element elementor-element-5ee55fda elementor-section-boxed elementor-section-height-default elementor-section-height-default\" data-id=\"5ee55fda\" data-element_type=\"section\" data-e-type=\"section\">\n\t\t\t\t\t\t<div class=\"elementor-container elementor-column-gap-default\">\n\t\t\t\t\t<div class=\"elementor-column elementor-col-100 elementor-top-column elementor-element elementor-element-6750a7a9\" data-id=\"6750a7a9\" data-element_type=\"column\" data-e-type=\"column\">\n\t\t\t<div class=\"elementor-widget-wrap elementor-element-populated\">\n\t\t\t\t\t\t<div class=\"elementor-element elementor-element-1678c168 elementor-widget elementor-widget-text-editor\" data-id=\"1678c168\" data-element_type=\"widget\" data-e-type=\"widget\" data-widget_type=\"text-editor.default\">\n\t\t\t\t<div class=\"elementor-widget-container\">\n\t\t\t\t\t\t\t\t\t<table>\r\n<tbody>\r\n<tr>\r\n<td width=\"312\">Kontrolieris<\/td>\r\n<td width=\"312\">7 collu sk\u0101rienekr\u0101ns ier\u012bces vad\u012bbai 10,1 collu sk\u0101rienekr\u0101ns termop\u0101rneses printerim<\/td>\r\n<\/tr>\r\n<tr>\r\n<td width=\"312\">Performance<\/td>\r\n<td width=\"312\">L\u012bdz 37 iepakojumiem min\u016bt\u0113 (atkar\u012bb\u0101 no iepakojuma izm\u0113ra un svara)<\/td>\r\n<\/tr>\r\n<tr>\r\n<td width=\"312\">Minim\u0101lais\/maksim\u0101lais iepakojuma svars<\/td>\r\n<td width=\"312\">No 100 gr l\u012bdz 2,5 kg<\/td>\r\n<\/tr>\r\n<\/tbody>\r\n<\/table>\t\t\t\t\t\t\t\t<\/div>\n\t\t\t\t<\/div>\n\t\t\t\t\t<\/div>\n\t\t<\/div>\n\t\t\t\t\t<\/div>\n\t\t<\/section>\n\t\t\t\t<section class=\"elementor-section elementor-top-section elementor-element elementor-element-89dda76 elementor-section-boxed elementor-section-height-default elementor-section-height-default\" data-id=\"89dda76\" data-element_type=\"section\" data-e-type=\"section\">\n\t\t\t\t\t\t<div class=\"elementor-container elementor-column-gap-default\">\n\t\t\t\t\t<div class=\"elementor-column elementor-col-66 elementor-top-column elementor-element elementor-element-ceee726\" data-id=\"ceee726\" data-element_type=\"column\" data-e-type=\"column\">\n\t\t\t<div class=\"elementor-widget-wrap elementor-element-populated\">\n\t\t\t\t\t\t<div class=\"elementor-element elementor-element-81520e8 elementor-widget elementor-widget-video\" data-id=\"81520e8\" data-element_type=\"widget\" data-e-type=\"widget\" data-settings=\"{&quot;youtube_url&quot;:&quot;https:\\\/\\\/www.youtube.com\\\/watch?v=y7dVoR-8wzk&amp;ab_channel=REVPackagingSolutions&quot;,&quot;video_type&quot;:&quot;youtube&quot;,&quot;controls&quot;:&quot;yes&quot;}\" data-widget_type=\"video.default\">\n\t\t\t\t<div class=\"elementor-widget-container\">\n\t\t\t\t\t\t\t<div class=\"elementor-wrapper elementor-open-inline\">\n\t\t\t<div class=\"elementor-video\"><\/div>\t\t<\/div>\n\t\t\t\t\t\t<\/div>\n\t\t\t\t<\/div>\n\t\t\t\t\t<\/div>\n\t\t<\/div>\n\t\t\t\t<div class=\"elementor-column elementor-col-33 elementor-top-column elementor-element elementor-element-607bd9e\" data-id=\"607bd9e\" data-element_type=\"column\" data-e-type=\"column\">\n\t\t\t<div class=\"elementor-widget-wrap elementor-element-populated\">\n\t\t\t\t\t\t<div class=\"elementor-element elementor-element-7f5a9a6 btn-position-bottom elementor-widget elementor-widget-razzi-image-button\" data-id=\"7f5a9a6\" data-element_type=\"widget\" data-e-type=\"widget\" data-widget_type=\"razzi-image-button.default\">\n\t\t\t\t<div class=\"elementor-widget-container\">\n\t\t\t\t\t<div class=\"razzi-image-button\"><img fetchpriority=\"high\" decoding=\"async\" width=\"800\" height=\"600\" src=\"https:\/\/packstera.lt\/wp-content\/uploads\/2023\/05\/20201118_093530-1.jpg\" class=\"attachment-full size-full wp-image-16489\" alt=\"\" \/><a href=\"http:\/\/packstera.lt\/wp-content\/uploads\/2023\/05\/Puma-EN.pdf\" target=\"_blank\" rel=\"nofollow\" class=\"razzi-image-button__link\"><\/a><a href=\"http:\/\/packstera.lt\/wp-content\/uploads\/2023\/05\/Puma-EN.pdf\" target=\"_blank\" rel=\"nofollow\" class=\"razzi-image-button__position razzi-image-button__button\">Ra\u017eot\u0101ja apraksts <span class=\"razzi-svg-icon\"><svg aria-hidden=\"true\" role=\"img\" focusable=\"false\" xmlns=\"http:\/\/www.w3.org\/2000\/svg\" width=\"24\" height=\"24\" viewbox=\"0 0 24 24\" fill=\"none\" stroke=\"currentColor\" stroke-width=\"2\" stroke-linecap=\"round\" stroke-linejoin=\"round\"><line x1=\"0\" y1=\"12\" x2=\"19\" y2=\"12\"><\/line><polyline points=\"12 5 19 12 12 19\"><\/polyline><\/svg><\/span><\/a><\/div>\t\t\t\t<\/div>\n\t\t\t\t<\/div>\n\t\t\t\t\t<\/div>\n\t\t<\/div>\n\t\t\t\t\t<\/div>\n\t\t<\/section>\n\t\t\t\t<\/div>","protected":false},"excerpt":{"rendered":"<p style=\"text-align: justify;\">REV Puma vertik\u0101l\u0101s iepako\u0161anas iek\u0101rtas t\u012bkla maisi\u0146os ir m\u016bsdien\u012bgs risin\u0101jums J\u016bsu produktu iepako\u0161anas vajadz\u012bb\u0101m.<\/p>\n<p style=\"text-align: justify;\">Iepakojuma gali ir sapludin\u0101ti, t\u0101p\u0113c netiek izmantoti met\u0101la klip\u0161i. Da\u017e\u0101das produktu iepakojuma mar\u0137\u0113\u0161anas iesp\u0113jas.<\/p>\n<p style=\"text-align: justify;\">Ier\u012bcei ir divas t\u016bbi\u0146as ar piestiprin\u0101tu t\u012bklu, vienai beidzoties t\u016bbi\u0146a autom\u0101tiski p\u0101rsl\u0113dzas uz otr\u0101s lieto\u0161anu, t\u0101d\u0113j\u0101di nodro\u0161inot nep\u0101rtrauktu produktu iepako\u0161anu.<\/p>\n<p style=\"text-align: justify;\">Iepako\u0161anas ma\u0161\u012bnas p\u0101rsvar\u0101 tiek izmantotas aug\u013cu vai d\u0101rze\u0146u iepako\u0161anai, ta\u010du t\u0101s var izmantot gandr\u012bz jebkuram produktam.<\/p>\n<ul>\n<li style=\"text-align: justify;\">Viena materi\u0101la iepakojums ir viegli saliekams, jo netiek izmantoti met\u0101la skavas<\/li>\n<li style=\"text-align: justify;\">Termisk\u0101s p\u0101rneses printeris var druk\u0101t uz eti\u0137etes iek\u0161puses vai \u0101rpuses<\/li>\n<li style=\"text-align: justify;\">Individu\u0101la eti\u0137etes izm\u0113ra un formas izv\u0113le<\/li>\n<li style=\"text-align: justify;\">Polster\u0113jums kr\u012bto\u0161am produktam<\/li>\n<li style=\"text-align: justify;\">Iek\u013cauts divvirzienu iepakojuma izkrau\u0161anas konveijers<\/li>\n<li style=\"text-align: justify;\">Ir pieejamas da\u017e\u0101da diametra iepako\u0161anas t\u012bkla caurules<\/li>\n<\/ul>","protected":false},"featured_media":16484,"template":"","meta":[],"product_cat":[571],"product_tag":[],"class_list":{"0":"post-16477","1":"product","2":"type-product","3":"status-publish","4":"has-post-thumbnail","6":"product_cat-vertikalaus-pakavimo-irenginiai","8":"first","9":"instock","10":"shipping-taxable","11":"product-type-simple"},"_links":{"self":[{"href":"https:\/\/packstera.lt\/lv\/wp-json\/wp\/v2\/product\/16477","targetHints":{"allow":["GET"]}}],"collection":[{"href":"https:\/\/packstera.lt\/lv\/wp-json\/wp\/v2\/product"}],"about":[{"href":"https:\/\/packstera.lt\/lv\/wp-json\/wp\/v2\/types\/product"}],"version-history":[{"count":6,"href":"https:\/\/packstera.lt\/lv\/wp-json\/wp\/v2\/product\/16477\/revisions"}],"predecessor-version":[{"id":16493,"href":"https:\/\/packstera.lt\/lv\/wp-json\/wp\/v2\/product\/16477\/revisions\/16493"}],"wp:featuredmedia":[{"embeddable":true,"href":"https:\/\/packstera.lt\/lv\/wp-json\/wp\/v2\/media\/16484"}],"wp:attachment":[{"href":"https:\/\/packstera.lt\/lv\/wp-json\/wp\/v2\/media?parent=16477"}],"wp:term":[{"taxonomy":"product_cat","embeddable":true,"href":"https:\/\/packstera.lt\/lv\/wp-json\/wp\/v2\/product_cat?post=16477"},{"taxonomy":"product_tag","embeddable":true,"href":"https:\/\/packstera.lt\/lv\/wp-json\/wp\/v2\/product_tag?post=16477"}],"curies":[{"name":"wp","href":"https:\/\/api.w.org\/{rel}","templated":true}]}}