{"id":16558,"date":"2024-02-23T11:27:53","date_gmt":"2024-02-23T09:27:53","guid":{"rendered":"http:\/\/packstera.lt\/?post_type=product&#038;p=16558"},"modified":"2024-02-23T11:38:09","modified_gmt":"2024-02-23T09:38:09","slug":"plusmas-iepakojuma-plusmas-iepakosanas-ierice-max-40","status":"publish","type":"product","link":"https:\/\/packstera.lt\/lv\/p\/flow-pack-srautinio-ipakavimo-irenginys-max-40\/","title":{"rendered":"Pl\u016bsmas iepakojuma pl\u016bsmas iepako\u0161anas ier\u012bce Max 40"},"content":{"rendered":"<h2>Galven\u0101s tehnisk\u0101s \u012bpa\u0161\u012bbas<\/h2>\n<ul>\n<li>Lab\u0101\/kreis\u0101 versija<\/li>\n<li>Konsoles konstrukcija no AISI 304 ner\u016bs\u0113jo\u0161\u0101 t\u0113rauda<\/li>\n<li>Kr\u0101su sk\u0101rienekr\u0101na interfeiss<\/li>\n<li>Rot\u0101cijas grie\u0161anas\/bl\u012bv\u0113\u0161anas iek\u0101rta<\/li>\n<li>Metin\u0101ta pl\u0113ve: 20 mt\/min<\/li>\n<li>Iekrau\u0161anas padeves konveijers 2000 mm standarta garums<\/li>\n<li>3 p\u0101ri bl\u012bv\u0113\u0161anas rite\u0146u (1 pl\u0113ves vilk\u0161ana, 1 apsild\u0101ma bl\u012bv\u0113\u0161anai, 1 p\u0101ri atloku loc\u012b\u0161anai)<\/li>\n<li>Viena v\u0101rpstas spoles tur\u0113t\u0101js<\/li>\n<li>Iespiests atz\u012bmju sensors<\/li>\n<li>Fiks\u0113ts ner\u016bs\u0113jo\u0161\u0101 t\u0113rauda form\u0113\u0161anas tunelis<\/li>\n<li>Iepakojuma aukst\u0101s aizz\u012bmogo\u0161anas iesp\u0113ja<\/li>\n<li>Izejas siksna no FDA GRADE materi\u0101la, ko darbina neatkar\u012bgi no cilindra motora<\/li>\n<li>Atverami polikarbon\u0101ta aizsargsargi<\/li>\n<li>Nosliece uz mar\u0137\u0113\u0161anas un mar\u0137\u0113\u0161anas ier\u012bc\u0113m<\/li>\n<li>Elektronika atrodas iek\u0101rtas r\u0101mja iek\u0161pus\u0113, kur tai var viegli piek\u013c\u016bt un ir aizsarg\u0101ta pret mitrumu un infiltr\u0101ciju<\/li>\n<li>Sader\u012bgas pl\u0113ves: visas termiski nosl\u0113dzamas un meh\u0101niski apstr\u0101d\u0101jamas pl\u0113ves, piem\u0113ram, polipropil\u0113ns, viegla savienota pl\u0113ve, aukst\u0101 bl\u012bv\u0113\u0161ana.<\/li>\n<\/ul>\n<p>&nbsp;<\/p>\n<h2>Iepakojuma veidi<\/h2>\n<ul>\n<li>Standarta spilvenu maisi\u0146i<\/li>\n<li>Spilvenu maisi\u0146i ar s\u0101nu bl\u012bv\u0113jumu<\/li>\n<li>Spilvenu maisi\u0146i ar Euroslot<\/li>\n<li>Spilvenu somas ar r\u0101v\u0113jsl\u0113dz\u0113ja aizdari<\/li>\n<li>Gustued somas<\/li>\n<li>Gu\u013cveida maisi\u0146i ar s\u0101nu bl\u012bv\u0113jumu<\/li>\n<li>Gu\u013cveida somas ar r\u0101v\u0113jsl\u0113dz\u0113ja aizdari<\/li>\n<li>Easy Open rievotas somas<\/li>\n<li>Easy Open rievotas somas ar Euroslot.<\/li>\n<\/ul>\n<h2>\nIesp\u0113jas<\/h2>\n<ul>\n<li>Regul\u0113jams biju\u0161ais<\/li>\n<li>Kodu un datuma printeris<\/li>\n<li>Nav produkta \/ nav maisa funkcijas<\/li>\n<li>S\u0101nu p\u016bt\u0113js rievotai somai<\/li>\n<li>P\u0101rm\u0113r\u012bga gaisa no\u0146em\u0161anas sist\u0113ma<\/li>\n<li>Euroslot<\/li>\n<li>Ma\u0161\u012bnas b\u0101ze uz rite\u0146iem<\/li>\n<li>Alum\u012bnija deta\u013cas, kas apstr\u0101d\u0101tas ar nelip\u012bgu un korozijiztur\u012bgu nanotehnolo\u0123isko FDA keramisko p\u0101rkl\u0101jumu (EVO CPC), kas nodro\u0161ina ar\u012b ilgsto\u0161u pa\u0161att\u012br\u012b\u0161an\u0101s efektu un samazina uztur\u0113\u0161anas izmaksas<\/li>\n<li>Ner\u016bs\u0113jo\u0161ais t\u0113rauds apstr\u0101d\u0101ts ar nanotehnolo\u0123isko p\u0101rkl\u0101jumu (EVO G&amp;S), liel\u0101kai nodilumiztur\u012bbai un traipu aizsardz\u012bbai. Tas aizsarg\u0101 pret \u016bdeni, e\u013c\u013cu, sk\u0101b\u0113m, mitrumu, pel\u0113jumu utt., vienlaikus nodro\u0161inot ilgsto\u0161u pa\u0161att\u012br\u012b\u0161an\u0101s efektu un samazinot uztur\u0113\u0161anas izmaksas<\/li>\n<li>Att\u0101l\u0101 pal\u012bdz\u012bba. Mar\u0161rut\u0113t\u0101js \u013cauj p\u0101rbaud\u012bt parametrus, noteikt darb\u012bbas trauc\u0113jumus un veikt iejauk\u0161an\u0101s att\u0101lin\u0101ti.<\/li>\n<\/ul>\n<p>&nbsp;<\/p>\n<h2>PIEEJAMI MODE\u013bI<\/h2>\n<ul>\n<li><strong>MAX40 SAN: dezinfic\u0113jama versija<\/strong>. Konstrukcija un deta\u013cas, kas saskaras ar izstr\u0101d\u0101jumu, ir no ner\u016bs\u0113jo\u0161\u0101 t\u0113rauda: izstr\u0101d\u0101juma iekrau\u0161anas lente (ja t\u0101da ir) un izvadsiksna ar \u0101tr\u0101s atbr\u012bvo\u0161anas funkciju; tas atvieglo jostas t\u012br\u012b\u0161anu un nomai\u0146u. Alum\u012bnija da\u013cas ir apstr\u0101d\u0101tas ar nanotehnolo\u0123isko keramisko p\u0101rkl\u0101jumu (EVO CPC).<\/li>\n<\/ul>\n<h2>Tehnisko datu lapa<\/h2>\n<ul>\n<li>7 collu sk\u0101rienekr\u0101na interfeiss Ethernet ports + USB PT070-WST4B-F1R1<\/li>\n<li>Svars 700 kg<\/li>\n<li>Grie\u0161anas\/bl\u012bv\u0113\u0161anas funkcionalit\u0101te ar rot\u0113jo\u0161iem bl\u012bv\u0113t\u0101jiem. Maksim\u0101l\u0101 rot\u0101cija un 160 mm, maksim\u0101lie bl\u012bv\u0113juma izm\u0113ri 250 mm x 32 mm biezs. Motors SD1261\/CAN.331- 45-135VDC + piedzi\u0146a 450 1800 \/ motovario reduktors NMRV050 i=10 \u2013 F. &amp;14, atloka 120 mm<\/li>\n<li>K\u0101rtrid\u017eu rezistori L250 D 15 220V 700W<\/li>\n<li>J tipa termop\u0101ra zondes<\/li>\n<li>Nazis un lakta 250x20x4,9<\/li>\n<li>Padeves konveijers: konstrukcija, aizsargpane\u013ci un s\u0101nu vadotnes no ner\u016bs\u0113jo\u0161\u0101 t\u0113rauda. Garums 2000, lieljaudas \u0137\u0113de ar hostaformas blo\u0137\u0113\u0161anas fiksatoriem. Motors SD1261\/CAN.331- 45-135VDC + piedzi\u0146a 450 1800 \/ motovario reduktors NMRV050 i=10 \u2013 F. &amp;14, atloka 120 mm. Produkta kl\u0101tb\u016btnes sensors SICK\/Datalogic\/Pepperl+Fuchs<\/li>\n<li>3 p\u0101ri bl\u012bv\u0113\u0161anas rite\u0146u, no kuriem vienu silda 350W 110V rezistors (Omega). Motors SD1261\/CAN.331- 45-135VDC + piedzi\u0146a 450 1800 \/ motovario gear reduktors NMRV050 i=10<\/li>\n<li>Viena v\u0101rpstas spoles tur\u0113t\u0101js, lietder\u012bgais platums 600mm, ar vienk\u0101r\u0161u ru\u013c\u013cu nomai\u0146as sist\u0113mu, neatkar\u012bga motoriz\u0101cija NMRV040 i=15 + 0,37kw motors<\/li>\n<li>Fiks\u0113ts fiks\u0113ts ner\u016bs\u0113jo\u0161\u0101 t\u0113rauda veidot\u0101js<\/li>\n<li>Izejas siksna no FDA GRADE materi\u0101la ar neatkar\u012bgu motoriz\u0101ciju, izmantojot trumu\u013ca motora mod. 80LP RL 280 EL 286 \u0101trums 0,59 m\/s IP66<\/li>\n<li>Druk\u0101tas z\u012bmes sensora sensors SICK\/Datalogic\/Pepperl+Fuchs<\/li>\n<li>Elektr\u012bbas padeve: 400 + Neitr\u0101ls - 50Hz<\/li>\n<li>Pat\u0113ri\u0146\u0161: 8 amp\u0113ri - 6 b\u0101ri (nep\u0101rtraukti)<\/li>\n<li>Autom\u0101tiska bl\u012bv\u0113\u0161anas rite\u0146u atv\u0113r\u0161ana<\/li>\n<li>Standarta spoles izm\u0113ri: platums 600mm, diametrs 380mm<\/li>\n<li>Camozzi pneimatiskie komponenti<\/li>\n<li>CMZ elektronisk\u0101s un motoriz\u0101cijas sast\u0101vda\u013cas<\/li>\n<li>Min\/max izstr\u0101d\u0101juma izm\u0113ri: 30-150mm garums; 15-120mm platums; Augstums 5-50 mm<\/li>\n<li>Atverami polikarbon\u0101ta aizsargsargi, kas apr\u012bkoti ar dro\u0161\u012bbas mikrosl\u0113d\u017eiem<\/li>\n<li>NGI pretvibr\u0101cijas atbalsta k\u0101jas no ner\u016bs\u0113jo\u0161\u0101 t\u0113rauda.<\/li>\n<\/ul>","protected":false},"excerpt":{"rendered":"<p>Pl\u016bsmas iepako\u0161anas iek\u0101rta MAX40 ir apr\u012bkota ar 3 asu servomotoriem, ko vada viedie motori. Ide\u0101li piem\u0113rots maziem un vid\u0113jiem produktiem (uzl\u012bmes, da\u017e\u0101di nieci\u0146i, vafeles, uzkodas utt.), MAX40 ir izstr\u0101d\u0101ts, lai apmierin\u0101tu gan p\u0101rtikas, gan nep\u0101rtikas nozares vajadz\u012bbas. Ier\u012bce var iepakot da\u017e\u0101du formu un izm\u0113ru cietus izstr\u0101d\u0101jumus. \u0160\u012b iepako\u0161anas iek\u0101rta ar rot\u0113jo\u0161\u0101m bl\u012bv\u0113m un augst\u0101k\u0101s kvalit\u0101tes PLC ar temperat\u016bras kontroli, ieb\u016bv\u0113tu diagnostiku, da\u017e\u0101du iepakojuma form\u0101tu atmi\u0146as ierakstiem un daudzfunkcion\u0101lu un daudzvalodu sk\u0101rienekr\u0101nu; visa konstrukcija ir izgatavota no ner\u016bs\u0113jo\u0161\u0101 t\u0113rauda, kas \u013cauj \u0113rti lietot \u0161o ier\u012bci mitr\u0101 vid\u0113: elektronika ir uzst\u0101d\u012bta ier\u012bces korpus\u0101, viegli pieejama un aizsarg\u0101ta no mitruma iek\u013c\u016b\u0161anas. Ier\u012bces pamata modelim var pievienot da\u017e\u0101dus piederumus. Iek\u0101rta atbilst pa\u0161reiz\u0113jiem CE standartiem un pras\u012bb\u0101m lieto\u0161anai p\u0101rtikas p\u0101rstr\u0101des vid\u0113.<\/p>","protected":false},"featured_media":16567,"template":"","meta":[],"product_cat":[566],"product_tag":[],"class_list":{"0":"post-16558","1":"product","2":"type-product","3":"status-publish","4":"has-post-thumbnail","6":"product_cat-horizontalaus-pakavimo-irenginiai","8":"first","9":"instock","10":"shipping-taxable","11":"product-type-simple"},"_links":{"self":[{"href":"https:\/\/packstera.lt\/lv\/wp-json\/wp\/v2\/product\/16558","targetHints":{"allow":["GET"]}}],"collection":[{"href":"https:\/\/packstera.lt\/lv\/wp-json\/wp\/v2\/product"}],"about":[{"href":"https:\/\/packstera.lt\/lv\/wp-json\/wp\/v2\/types\/product"}],"version-history":[{"count":4,"href":"https:\/\/packstera.lt\/lv\/wp-json\/wp\/v2\/product\/16558\/revisions"}],"predecessor-version":[{"id":16568,"href":"https:\/\/packstera.lt\/lv\/wp-json\/wp\/v2\/product\/16558\/revisions\/16568"}],"wp:featuredmedia":[{"embeddable":true,"href":"https:\/\/packstera.lt\/lv\/wp-json\/wp\/v2\/media\/16567"}],"wp:attachment":[{"href":"https:\/\/packstera.lt\/lv\/wp-json\/wp\/v2\/media?parent=16558"}],"wp:term":[{"taxonomy":"product_cat","embeddable":true,"href":"https:\/\/packstera.lt\/lv\/wp-json\/wp\/v2\/product_cat?post=16558"},{"taxonomy":"product_tag","embeddable":true,"href":"https:\/\/packstera.lt\/lv\/wp-json\/wp\/v2\/product_tag?post=16558"}],"curies":[{"name":"wp","href":"https:\/\/api.w.org\/{rel}","templated":true}]}}