{"id":16559,"date":"2024-02-23T11:28:20","date_gmt":"2024-02-23T09:28:20","guid":{"rendered":"http:\/\/packstera.lt\/?post_type=product&#038;p=16559"},"modified":"2024-02-23T13:46:36","modified_gmt":"2024-02-23T11:46:36","slug":"plusmas-iepakojums-plusmas-iepakojuma-ierices-gals","status":"publish","type":"product","link":"https:\/\/packstera.lt\/lv\/p\/flow-pack-srautinio-ipakavimo-irenginys-gala\/","title":{"rendered":"Flow pack pl\u016bsmas iepako\u0161anas iek\u0101rta Gala"},"content":{"rendered":"<h2>Galven\u0101s tehnisk\u0101s \u012bpa\u0161\u012bbas<\/h2>\n<ul>\n<li>Lab\u0101\/kreis\u0101 versija<\/li>\n<li>Konsoles konstrukcija no AISI 304 ner\u016bs\u0113jo\u0161\u0101 t\u0113rauda ar noapa\u013cotiem st\u016briem<\/li>\n<li>Kr\u0101su sk\u0101rienekr\u0101na interfeiss<\/li>\n<li>Rot\u0101cijas grie\u0161anas\/bl\u012bv\u0113\u0161anas funkcionalit\u0101te<\/li>\n<li>Iepakojuma \u0101trums: 30m aizz\u012bmogots\/min<\/li>\n<li>Ieb\u016bv\u0113ts iekr\u0101v\u0113js ar produkta kontrol\u0113tu darb\u012bbu<\/li>\n<li>4 p\u0101ri bl\u012bv\u0113\u0161anas rite\u0146u (1 auksts pl\u0113ves padevei, 2 apsild\u0101mi bl\u012bv\u0113\u0161anai, 1 salok\u0101miem atlokiem)<\/li>\n<li>Viena v\u0101rpstas spoles tur\u0113t\u0101js<\/li>\n<li>Veid\u0146u centr\u0113\u0161anas sensors<\/li>\n<li>Iepakojuma aukst\u0101s aizz\u012bmogo\u0161anas iesp\u0113ja<\/li>\n<li>Fiks\u0113ts ner\u016bs\u0113jo\u0161\u0101 t\u0113rauda form\u0113\u0161anas tunelis<\/li>\n<li>Izejas siksna no FDA GRADE materi\u0101la ar neatkar\u012bgu motoriz\u0101ciju<\/li>\n<li>Atverami Lexan aizsargi ar dro\u0161\u012bbas sensoriem<\/li>\n<li>Gaisa s\u016bk\u0161ana iepakojum\u0101<\/li>\n<li>Nosliece uz mar\u0137\u0113\u0161anas un mar\u0137\u0113\u0161anas ier\u012bc\u0113m<\/li>\n<li>Sader\u012bgas pl\u0113ves: visas termiski nosl\u0113dzamas un meh\u0101niski apstr\u0101d\u0101jamas pl\u0113ves, piem\u0113ram, polipropil\u0113ns, viegla savienota pl\u0113ve, aukst\u0101 bl\u012bv\u0113\u0161ana.<\/li>\n<\/ul>\n<p>&nbsp;<\/p>\n<h2>Iepakojuma veidi<\/h2>\n<ul>\n<li>Standarta spilvenu maisi\u0146i<\/li>\n<li>Spilvenu maisi\u0146i ar s\u0101nu bl\u012bv\u0113jumu<\/li>\n<li>Spilvenu maisi\u0146i ar Euroslot<\/li>\n<li>Spilvenu somas ar r\u0101v\u0113jsl\u0113dz\u0113ja aizdari<\/li>\n<li>Gustued somas<\/li>\n<li>Gu\u013cveida maisi\u0146i ar s\u0101nu bl\u012bv\u0113jumu<\/li>\n<li>Gu\u013cveida somas ar r\u0101v\u0113jsl\u0113dz\u0113ja aizdari<\/li>\n<li>Easy Open rievotas somas<\/li>\n<li>Easy Open rievotas somas ar Euroslot<\/li>\n<\/ul>\n<h2>Iesp\u0113jas<\/h2>\n<ul>\n<li>G\u0101zes p\u016bt\u0113ja sprausla<\/li>\n<li>Mikrometrisk\u0101 \u0161\u0137idruma doz\u0113\u0161ana (spirts, pretpel\u0113jums)<\/li>\n<li>Dubultspoles atbalsts<\/li>\n<li>Divk\u0101r\u0161\u0101s spoles atbalsts ar pusautom\u0101tisko ru\u013c\u013cu mai\u0146as sist\u0113mu lidojuma laik\u0101 bez nepiecie\u0161am\u012bbas samazin\u0101t iek\u0101rtas \u0101trumu.<\/li>\n<li>Papla\u0161ino\u0161s spoles atbalsts<\/li>\n<li>Spoles atbalsts Noder\u012bgais garums 700 diametrs 380<\/li>\n<li>Ner\u016bs\u0113jo\u0161\u0101 t\u0113rauda rull\u012b\u0161u konveijers<\/li>\n<li>Univers\u0101ls form\u0113\u0161anas tunelis<\/li>\n<li><em>Nav produkta, nav maisa funkcijas<\/em><\/li>\n<li>Form\u0113\u0161anas vien\u012bba<\/li>\n<li>S\u0101nu p\u016bt\u0113js rievotiem maisiem<\/li>\n<li>Salona ma\u0161\u012bnas gaisa kondicionieris<\/li>\n<li>Euroslot<\/li>\n<li>Ma\u0161\u012bnas b\u0101ze uz rite\u0146iem<\/li>\n<li>Alum\u012bnija deta\u013cu apstr\u0101de ar nelip\u012bgu un korozijiztur\u012bgu nanotehnolo\u0123isko FDA keramisko p\u0101rkl\u0101jumu (EVO CPC), kas nodro\u0161ina ar\u012b ilgsto\u0161u pa\u0161att\u012br\u012b\u0161an\u0101s efektu un samazina uztur\u0113\u0161anas izmaksas<\/li>\n<li>Ner\u016bs\u0113jo\u0161\u0101 t\u0113rauda apstr\u0101de ar nanotehnolo\u0123isko p\u0101rkl\u0101jumu (EVO G&amp;S), lai nodro\u0161in\u0101tu liel\u0101ku nodilumiztur\u012bbu un traipu aizsardz\u012bbu. Tas pasarg\u0101 no \u016bdens, e\u013c\u013cas, sk\u0101b\u0113m, mitruma, pel\u0113juma u.c., vienlaikus nodro\u0161inot ilgsto\u0161u pa\u0161att\u012br\u012b\u0161an\u0101s efektu un samazinot uztur\u0113\u0161anas izmaksas.<\/li>\n<li>Att\u0101lais atbalsts. Mar\u0161rut\u0113t\u0101js \u013cauj p\u0101rbaud\u012bt parametrus, noteikt darb\u012bbas trauc\u0113jumus un veikt iejauk\u0161an\u0101s att\u0101lin\u0101ti.<\/li>\n<\/ul>\n<p>&nbsp;<\/p>\n<h2>PIEEJAMI MODE\u013bI<\/h2>\n<ul>\n<li><strong>Gala Monodos<\/strong>: piem\u0113rots mazu produktu iepako\u0161anai un lieto\u0161anai vid\u0113 ar ierobe\u017eotu vietu.<\/li>\n<li><strong>Beigt LD KARTI<\/strong>: apr\u012bkots ar Long Dwell grie\u0161anas\/bl\u012bv\u0113\u0161anas vien\u012bbu \u0101trgaitas apstr\u0101dei un herm\u0113tiska iepakojuma bl\u012bv\u0113\u0161anai. Iek\u0161\u0113j\u0101 g\u0101zes p\u016bt\u0113ja sprausla.<\/li>\n<li><strong>Gala SAN<\/strong>: dezinfic\u0113jama versija. Strukt\u016bra un deta\u013cas, kas saskaras ar izstr\u0101d\u0101jumu no ner\u016bs\u0113jo\u0161\u0101 t\u0113rauda, k\u0101 ar\u012b produkta iekrau\u0161anas izvadsiksna ar \u0101tr\u0101s atbr\u012bvo\u0161anas funkciju, lai atvieglotu jostas t\u012br\u012b\u0161anu un nomai\u0146u. Alum\u012bnija da\u013cas, kas apstr\u0101d\u0101tas ar nanotehnolo\u0123isko keramisko p\u0101rkl\u0101jumu (EVO CPC).<\/li>\n<\/ul>\n<h2>Tehnisko datu lapa<\/h2>\n<p>Standarta ma\u0161\u012bnas:<\/p>\n<ul>\n<li>7 collu sk\u0101rienekr\u0101na interfeiss Ethernet ports + USB PT070-WST4B-F1R1<\/li>\n<li>Svars 800 kg<\/li>\n<li>Grie\u0161anas\/bl\u012bv\u0113\u0161anas funkcionalit\u0101te ar rot\u0113jo\u0161iem bl\u012bv\u0113t\u0101jiem. Maksim\u0101l\u0101 rot\u0101cija un 220 mm, maksim\u0101lie bl\u012bv\u0113juma izm\u0113ri 350 mm x 32 mm biezs. Motors SD1261\/CAN.331- 45-135VDC + piedzi\u0146a 450 1800 \/ motovario reduktors NMRV050 i=10 \u2013 F. &amp;14, atloka 120 mm<\/li>\n<li>K\u0101rtrid\u017eu rezistori L350 D 15 220V 700W<\/li>\n<li>J tipa termop\u0101ra zondes<\/li>\n<li>Autom\u0101tiskais iekr\u0101v\u0113js: alum\u012bnija konstrukcija. Aizsargpane\u013ci un s\u0101nu vadotnes no ner\u016bs\u0113jo\u0161\u0101 t\u0113rauda. Garums 1550, FDA GRADE produktu atdal\u012b\u0161anas un virz\u012b\u0161anas materi\u0101li, kas apr\u012bkoti ar kan\u0101lu vakuums\u016bk\u0146a produktu aiztures sist\u0113mu CL40HS. Motors SD1261\/CAN.331- 45-135VDC + piedzi\u0146a 450 1800\/motovario zobratu reduktors NMRV050 i=10 \u2013 F. &amp;14, atloka 120 mm. Produkta kl\u0101tb\u016btnes sensors SICK\/Datalogic\/Pepperl+Fuchs<\/li>\n<li>4 p\u0101ri bl\u012bv\u0113\u0161anas rite\u0146u, no kuriem viens tiek apsild\u012bts ar 350W 110V rezistori (Omega). Motors SD1261\/CAN.331- 45-135VDC + piedzi\u0146a 450 1800 \/ motovario gear reduktors NMRV050 i=10<\/li>\n<li>Autom\u0101tisk\u0101 termobl\u012bv\u0113\u0161anas rite\u0146a apert\u016bra<\/li>\n<li>Viena v\u0101rpstas spoles tur\u0113t\u0101js, lietder\u012bgais platums 600mm, ar vienk\u0101r\u0161u ru\u013c\u013cu nomai\u0146as sist\u0113mu, neatkar\u012bga motoriz\u0101cija NMRV040 i=15 + 0,37kw motors<\/li>\n<li>Fiks\u0113ts form\u0113\u0161anas tunelis no ner\u016bs\u0113jo\u0161\u0101 t\u0113rauda<\/li>\n<li>1000 mm gara izejas siksna no FDA GRADE materi\u0101la ar neatkar\u012bgu motoriz\u0101ciju, izmantojot trumu\u013ca motora mod. 80LP RL 280 EL 286 \u0101trums 0,59 m\/s IP66<\/li>\n<li>Atverami aizsargi izstr\u0101d\u0101juma aizsardz\u012bbai pie ieejas un izejas no grie\u0161anas\/bl\u012bv\u0113\u0161anas vien\u012bbas, ar ner\u016bs\u0113jo\u0161\u0101 t\u0113rauda r\u0101mi un Lexan tuneli, apr\u012bkoti ar dro\u0161\u012bbas sensoru<\/li>\n<li>Kan\u0101la vakuums\u016bk\u0146a mod. CL40HS liek\u0101 gaisa no\u0146em\u0161anai no iepakojumiem pirms aizz\u012bmogo\u0161anas.<\/li>\n<li>Veid\u0146u centr\u0113\u0161anas sensors SICK\/Datalogic\/Pepperl+Fuchs<\/li>\n<li>Elektr\u012bbas padeve: 400 + Neitr\u0101ls - 50Hz<\/li>\n<li>Pat\u0113ri\u0146\u0161: 8 amp\u0113ri - 6 b\u0101ri (nep\u0101rtraukti)<\/li>\n<li>Bl\u012bv\u0113\u0161anas rite\u0146u autom\u0101tisk\u0101 apert\u016bra<\/li>\n<li>Standarta spoles izm\u0113ri: platums 600mm, diametrs 380mm<\/li>\n<li>CMZ elektronisk\u0101s un motoriz\u0101cijas sast\u0101vda\u013cas<\/li>\n<li>Camozzi pneimatiskie komponenti<\/li>\n<li>NGI pretvibr\u0101cijas atbalsta k\u0101jas no ner\u016bs\u0113jo\u0161\u0101 t\u0113rauda<\/li>\n<\/ul>","protected":false},"excerpt":{"rendered":"<p>Iepako\u0161anas iek\u0101rta GALA ir elektroniska ier\u012bce, kas apr\u012bkota ar 4 asu viedajiem servomotoriem. Iek\u0101rta sp\u0113j iepakot da\u017e\u0101dus p\u0101rtikas un tehniskos produktus, padarot to ide\u0101li piem\u0113rotu cepumiem, krekeriem, vafel\u0113m, \u0161okol\u0101des t\u0101fel\u012bt\u0113m, graudaugu batoni\u0146iem, uzkod\u0101m, maizei, picai, palikt\u0146iem, s\u012bkumiem, uzl\u012bm\u0113m utt. iepako\u0161anai. Gala modelis ir tehnolo\u0123iski progres\u012bva Flowpack ier\u012bce ar rot\u0113jo\u0161\u0101m bl\u012bv\u0113m. Tas ir uzticams, viegli lietojams un kopjams, padarot to ide\u0101li piem\u0113rotu vid\u0113ja\/liela apjoma ra\u017eo\u0161anai. Ier\u012bce ir apr\u012bkota ar jaun\u0101k\u0101s paaudzes PLC ar temperat\u016bras kontroli, integr\u0113tu diagnostiku, da\u017e\u0101du form\u0101tu atmi\u0146as ierakstiem un daudzfunkcion\u0101lu un daudzvalodu sk\u0101rienekr\u0101nu. Visa konstrukcija ir izgatavota no ner\u016bs\u0113jo\u0161\u0101 t\u0113rauda, kas atvieglo \u0161\u012bs ier\u012bces lieto\u0161anu mitr\u0101 vid\u0113; elektronika atrodas ier\u012bces korpusa iek\u0161pus\u0113, aizsarg\u0101ta no mitruma. Ier\u012bces pamata modelim var pievienot da\u017e\u0101dus piederumus. Ier\u012bce ir ra\u017eota saska\u0146\u0101 ar pa\u0161reiz\u0113jiem CE standartiem un p\u0101rtikas p\u0101rstr\u0101des vides noteikumiem.<\/p>","protected":false},"featured_media":16570,"template":"","meta":[],"product_cat":[566],"product_tag":[],"class_list":{"0":"post-16559","1":"product","2":"type-product","3":"status-publish","4":"has-post-thumbnail","6":"product_cat-horizontalaus-pakavimo-irenginiai","8":"first","9":"instock","10":"shipping-taxable","11":"product-type-simple"},"_links":{"self":[{"href":"https:\/\/packstera.lt\/lv\/wp-json\/wp\/v2\/product\/16559","targetHints":{"allow":["GET"]}}],"collection":[{"href":"https:\/\/packstera.lt\/lv\/wp-json\/wp\/v2\/product"}],"about":[{"href":"https:\/\/packstera.lt\/lv\/wp-json\/wp\/v2\/types\/product"}],"version-history":[{"count":4,"href":"https:\/\/packstera.lt\/lv\/wp-json\/wp\/v2\/product\/16559\/revisions"}],"predecessor-version":[{"id":16575,"href":"https:\/\/packstera.lt\/lv\/wp-json\/wp\/v2\/product\/16559\/revisions\/16575"}],"wp:featuredmedia":[{"embeddable":true,"href":"https:\/\/packstera.lt\/lv\/wp-json\/wp\/v2\/media\/16570"}],"wp:attachment":[{"href":"https:\/\/packstera.lt\/lv\/wp-json\/wp\/v2\/media?parent=16559"}],"wp:term":[{"taxonomy":"product_cat","embeddable":true,"href":"https:\/\/packstera.lt\/lv\/wp-json\/wp\/v2\/product_cat?post=16559"},{"taxonomy":"product_tag","embeddable":true,"href":"https:\/\/packstera.lt\/lv\/wp-json\/wp\/v2\/product_tag?post=16559"}],"curies":[{"name":"wp","href":"https:\/\/api.w.org\/{rel}","templated":true}]}}