{"id":16561,"date":"2024-02-23T11:28:41","date_gmt":"2024-02-23T09:28:41","guid":{"rendered":"http:\/\/packstera.lt\/?post_type=product&#038;p=16561"},"modified":"2024-02-23T13:50:15","modified_gmt":"2024-02-23T11:50:15","slug":"plusmas-iepakojums-plusmas-iepakosanas-ierice-pablo","status":"publish","type":"product","link":"https:\/\/packstera.lt\/lv\/p\/flow-pack-srautinio-ipakavimo-irenginys-pablo\/","title":{"rendered":"Flow pack pl\u016bsmas iepako\u0161anas ier\u012bce Pablo"},"content":{"rendered":"<h2>Galven\u0101s \u012bpa\u0161\u012bbas<\/h2>\n<ul>\n<li>Iek\u0161\u0113j\u0101 izple\u0161an\u0101s spoles atbalsta v\u0101rpsta ar smalku spoles centr\u0113\u0161anas regul\u0113\u0161anu un kompens\u0101cijas bremzi.<\/li>\n<li>Jauna bl\u012bv\u0113\u0161anas rite\u0146u apsildes sist\u0113ma, kas nodro\u0161ina samazin\u0101tu ener\u0123ijas pat\u0113ri\u0146u un prec\u012bzu temperat\u016bras kontroli.<\/li>\n<li>Kr\u0101su sk\u0101rienekr\u0101na panelis.<\/li>\n<li>Pl\u0113ves padevi un aizz\u012bmogo\u0161anu veic tr\u012bs rull\u012b\u0161u p\u0101ri (karsts-auksts-karsts).<\/li>\n<li>Fotoelements veidnes centr\u0113\u0161anas p\u0101rbaudei.<\/li>\n<li>Motoriz\u0113ta izvadsiksna, garums 800 mm.<\/li>\n<li>Aizsargsargs<\/li>\n<\/ul>\n<p>&nbsp;<\/p>\n<h2>Galven\u0101s iesp\u0113jas<\/h2>\n<ul>\n<li>\u010cetri p\u0101ri bl\u012bv\u0113\u0161anas rite\u0146u<\/li>\n<li>Mikrometrisk\u0101 \u0161\u0137idruma doz\u0113\u0161ana (spirts, pretpel\u0113jums)<\/li>\n<li>Dubult\u0101s pl\u0113ves padeve ar autom\u0101tisku ru\u013c\u013cu mai\u0146u<\/li>\n<li>Autom\u0101tiska neatbilsto\u0161u produktu noraid\u012b\u0161ana<\/li>\n<li>Autom\u0101tiska padeves velt\u0146u regul\u0113\u0161ana<\/li>\n<li>Filmas priek\u0161form\u0113\u0161ana<\/li>\n<li>Long Dwell \u0161\u0137\u0113rsbl\u012bv\u0113\u0161anas iek\u0101rta<\/li>\n<\/ul>","protected":false},"excerpt":{"rendered":"<p>Pablo modelis ir horizont\u0101las pl\u016bsmas iepako\u0161anas iek\u0101rta, kur\u0101 produkti tiek p\u0101rvietoti iesai\u0146o\u0161anas pl\u0113v\u0113 horizont\u0101li (HFFS). Tas ietver vair\u0101kas funkcijas, kas paredz\u0113tas produktivit\u0101tes uzlabo\u0161anai un p\u0101rvald\u012bbas izmaksu samazin\u0101\u0161anai.<\/p>\n<p>Korpuss ir \u0101rk\u0101rt\u012bgi iztur\u012bgs. Pastiprin\u0101tais spoles atbalsts \u013cauj tie\u0161i uz korpusa uzst\u0101d\u012bt papildu apr\u012bkojumu, piem\u0113ram, eti\u0137etes un urbjma\u0161\u012bnas.<\/p>\n<p>Ier\u012bcei ir zemas temperat\u016bras bl\u012bv\u0113\u0161anas risin\u0101jums ar maz\u0101ku gaisa daudzumu iepakojum\u0101. Modelis ar g\u0101zes iesmidzin\u0101\u0161anu ir piem\u0113rots modific\u0113t\u0101s atmosf\u0113ras iepakojumam (MAP). Tas ir lieliski piem\u0113rots ar\u012b daudzpakojumiem vai lieliem produktiem.<\/p>\n<p>Elektroniski kontrol\u0113ta plombu p\u0101rvieto\u0161anas sist\u0113ma garant\u0113 \u0101tru un vienk\u0101r\u0161u perfekti nosl\u0113gtu iepakojumu izveidi.<\/p>","protected":false},"featured_media":16573,"template":"","meta":[],"product_cat":[566],"product_tag":[],"class_list":{"0":"post-16561","1":"product","2":"type-product","3":"status-publish","4":"has-post-thumbnail","6":"product_cat-horizontalaus-pakavimo-irenginiai","8":"first","9":"instock","10":"shipping-taxable","11":"product-type-simple"},"_links":{"self":[{"href":"https:\/\/packstera.lt\/lv\/wp-json\/wp\/v2\/product\/16561","targetHints":{"allow":["GET"]}}],"collection":[{"href":"https:\/\/packstera.lt\/lv\/wp-json\/wp\/v2\/product"}],"about":[{"href":"https:\/\/packstera.lt\/lv\/wp-json\/wp\/v2\/types\/product"}],"version-history":[{"count":4,"href":"https:\/\/packstera.lt\/lv\/wp-json\/wp\/v2\/product\/16561\/revisions"}],"predecessor-version":[{"id":16576,"href":"https:\/\/packstera.lt\/lv\/wp-json\/wp\/v2\/product\/16561\/revisions\/16576"}],"wp:featuredmedia":[{"embeddable":true,"href":"https:\/\/packstera.lt\/lv\/wp-json\/wp\/v2\/media\/16573"}],"wp:attachment":[{"href":"https:\/\/packstera.lt\/lv\/wp-json\/wp\/v2\/media?parent=16561"}],"wp:term":[{"taxonomy":"product_cat","embeddable":true,"href":"https:\/\/packstera.lt\/lv\/wp-json\/wp\/v2\/product_cat?post=16561"},{"taxonomy":"product_tag","embeddable":true,"href":"https:\/\/packstera.lt\/lv\/wp-json\/wp\/v2\/product_tag?post=16561"}],"curies":[{"name":"wp","href":"https:\/\/api.w.org\/{rel}","templated":true}]}}