{"id":16580,"date":"2024-02-23T13:57:57","date_gmt":"2024-02-23T11:57:57","guid":{"rendered":"http:\/\/packstera.lt\/?post_type=product&#038;p=16580"},"modified":"2025-06-10T14:12:00","modified_gmt":"2025-06-10T11:12:00","slug":"paplates-sealer-athena","status":"publish","type":"product","link":"https:\/\/packstera.lt\/lv\/p\/indeliu-uzlydymo-irenginys-tray-sealer-athena\/","title":{"rendered":"Papl\u0101tes bl\u012bv\u0113t\u0101js At\u0113na"},"content":{"rendered":"<p>Papl\u0101tes bl\u012bv\u0113t\u0101js At\u0113na <strong data-start=\"897\" data-end=\"997\">\u2013 efektyvus automatinis tray sealer su MAP pakavimo galimybe ir lankstumu form\u0173 srityje<\/strong><\/p>\n<p data-start=\"999\" data-end=\"1353\">\u201eAthena\u201c \u2013 tai kompakti\u0161kas, bet galingas automatinis <strong data-start=\"1053\" data-end=\"1083\">indeli\u0173 u\u017elydymo \u012frenginys<\/strong>, sukurtas atitikti profesionali\u0173 maisto gamintoj\u0173 ir perdirb\u0117j\u0173 poreikius, ypa\u010d <strong data-start=\"1164\" data-end=\"1200\">ma\u017eo ir vidutinio dyd\u017eio \u012fmon\u0117se<\/strong>. \u0160is modelis sujungia auk\u0161t\u0105 \u201eTecnovac\u201c technologin\u012f lyg\u012f su patikimu veikimu ir galimybe lanks\u010diai prisitaikyti prie \u012fvairi\u0173 pakuo\u010di\u0173 format\u0173 bei tip\u0173.<\/p>\n<p data-start=\"1355\" data-end=\"1685\">Vienas i\u0161 pagrindini\u0173 \u201eAthena\u201c privalum\u0173 \u2013 tai galimyb\u0117 atlikti <strong data-start=\"1419\" data-end=\"1463\">pakavim\u0105 modifikuotoje atmosferoje (MAP)<\/strong>. Tai leid\u017eia \u017eenkliai prailginti produkt\u0173 galiojimo laik\u0105 ir i\u0161laikyti j\u0173 \u0161vie\u017eum\u0105, kvap\u0105 bei spalv\u0105. \u012erenginys gali dirbti su \u012fvairiais suderinamais pad\u0117klais ir vir\u0161ini\u0173 pl\u0117veli\u0173 tipais, pritaikytais \u0161iai technologijai.<\/p>\n<p data-start=\"1687\" data-end=\"2071\"><strong data-start=\"1687\" data-end=\"1716\">Higiena ir ilgaam\u017ei\u0161kumas<\/strong><br data-start=\"1716\" data-end=\"1719\" \/>\u201eAthena\u201c korpusas pagamintas i\u0161 tvirto <strong data-start=\"1758\" data-end=\"1781\">ner\u016bdijan\u010dio plieno<\/strong>, kuris ne tik u\u017etikrina ilgaam\u017ei\u0161kum\u0105, bet ir atitinka grie\u017e\u010diausius maisto pramon\u0117s <strong data-start=\"1867\" data-end=\"1896\">sanitarinius reikalavimus<\/strong>. \u012erenginys lengvai valomas, tod\u0117l puikiai tinka darbui aplinkoje, kur b\u016btinas da\u017enas plovimas \u2013 pavyzd\u017eiui, m\u0117sos, \u017euvies, pieno produkt\u0173 ar \u0161vie\u017eio maisto pakavimo cechuose.<\/p>\n<p data-start=\"2073\" data-end=\"2424\"><strong data-start=\"2073\" data-end=\"2121\">Form\u0173 suderinamumas \u2013 i\u0161skirtinis prana\u0161umas<\/strong><br data-start=\"2121\" data-end=\"2124\" \/>Dar viena svarbi savyb\u0117 \u2013 \u201eAthena\u201c <strong data-start=\"2159\" data-end=\"2222\">suderinama su pusiau automatinio modelio \u201eOlympia\u201c formomis<\/strong>. Jei \u012fmon\u0117 jau naudojo \u201eOlympia\u201c, pereinant prie automatizuoto proceso su \u201eAthena\u201c nebereikia investuoti \u012f naujas formas. Tai ne tik suma\u017eina investicij\u0173 ka\u0161tus, bet ir leid\u017eia grei\u010diau prad\u0117ti gamyb\u0105.<\/p>\n<p data-start=\"2426\" data-end=\"2734\">Kiekviena forma gaminama individualiai pagal kliento technin\u0119 u\u017eduot\u012f \u2013 naudojamas <strong data-start=\"2509\" data-end=\"2544\">precizi\u0161kai apdirbtas aliuminis<\/strong>, kuris u\u017etikrina auk\u0161\u010diausio lygio tikslum\u0105, tvirtum\u0105 ir nuosekl\u0173 u\u017elydymo rezultat\u0105. Tai labai svarbu, kai pakuot\u0117s estetin\u0117 i\u0161vaizda bei sandarumas yra kriti\u0161kai svarb\u016bs produkt\u0173 kokybei.<\/p>\n<p data-start=\"2736\" data-end=\"2771\"><strong data-start=\"2736\" data-end=\"2769\">Kod\u0117l verta rinktis \u201eAthena\u201c?<\/strong><\/p>\n<ul data-start=\"2772\" data-end=\"3168\">\n<li data-start=\"2772\" data-end=\"2847\">\n<p data-start=\"2774\" data-end=\"2847\"><strong data-start=\"2774\" data-end=\"2791\">MAP pakavimas<\/strong> \u2013 ilgesnis galiojimo laikas, geresn\u0117 produkto apsauga<\/p>\n<\/li>\n<li data-start=\"2848\" data-end=\"2899\">\n<p data-start=\"2850\" data-end=\"2899\"><strong data-start=\"2850\" data-end=\"2872\">Kompakti\u0161kas dydis<\/strong> \u2013 tinka ribotoms erdv\u0117ms<\/p>\n<\/li>\n<li data-start=\"2900\" data-end=\"2963\">\n<p data-start=\"2902\" data-end=\"2963\"><strong data-start=\"2902\" data-end=\"2934\">Ner\u016bdijan\u010dio plieno korpusas<\/strong> \u2013 higieni\u0161kas ir ilgaam\u017eis<\/p>\n<\/li>\n<li data-start=\"2964\" data-end=\"3033\">\n<p data-start=\"2966\" data-end=\"3033\"><strong data-start=\"2966\" data-end=\"2995\">Ma\u017eos ir vidutin\u0117s \u012fmon\u0117s<\/strong> \u2013 idealus segmentas \u0161iam \u012frenginiui<\/p>\n<\/li>\n<li data-start=\"3034\" data-end=\"3096\">\n<p data-start=\"3036\" data-end=\"3096\"><strong data-start=\"3036\" data-end=\"3072\">Form\u0173 suderinamumas su \u201eOlympia\u201c<\/strong> \u2013 taupoma investicija<\/p>\n<\/li>\n<li data-start=\"3097\" data-end=\"3168\">\n<p data-start=\"3099\" data-end=\"3168\"><strong data-start=\"3099\" data-end=\"3125\">Auk\u0161ta pakavimo kokyb\u0117<\/strong> \u2013 individualiai gaminamos aliuminio formos<\/p>\n<\/li>\n<\/ul>\n<p data-start=\"3170\" data-end=\"3463\">\u201eAthena\u201c yra puikus sprendimas \u012fmon\u0117ms, kurios ie\u0161ko efektyvios, automatizuotos u\u017elydymo sistemos be b\u016btinyb\u0117s pereiti prie dideli\u0173 pramonini\u0173 linij\u0173. Tai tarsi tiltas tarp pusiau automatin\u0117s ir visi\u0161kai automatin\u0117s pakavimo infrastrukt\u016bros, suteikiantis galimyb\u0119 augti palaipsniui ir tvariai.<\/p>","protected":false},"excerpt":{"rendered":"<p>Papl\u0101tes bl\u012bv\u0113t\u0101js At\u0113na <strong data-start=\"154\" data-end=\"233\">\u2013 kompakti\u0161kas, higieni\u0161kas ir lankstus indeli\u0173 u\u017elydymo \u012frenginys<\/strong><br data-start=\"233\" data-end=\"236\" \/>\u201eAthena\u201c \u2013 tai automatinis u\u017elydymo \u012frenginys, skirtas darbui su \u012fvairiomis pad\u0117kl\u0173 ir vir\u0161ini\u0173 pl\u0117veli\u0173 kombinacijomis, pritaikytomis <strong data-start=\"371\" data-end=\"414\">modifikuotos atmosferos pakavimui (MAP)<\/strong>. D\u0117l tvirtos ner\u016bdijan\u010diojo plieno konstrukcijos, lengvos prie\u017ei\u016bros ir atitikimo higienos reikalavimams, \u0161is \u012frenginys puikiai tinka <strong data-start=\"549\" data-end=\"581\">ma\u017eoms ir vidutin\u0117ms \u012fmon\u0117ms<\/strong>. Svarbus prana\u0161umas \u2013 galimyb\u0117 naudoti <strong data-start=\"621\" data-end=\"668\">pusiau automatinio modelio \u201eOlympia\u201c formas<\/strong>, taip i\u0161vengiant papildom\u0173 investicij\u0173. Kiekviena aliuminio forma gaminama individualiai pagal kliento poreikius, kad b\u016bt\u0173 u\u017etikrintas maksimalus tikslumas ir sandarinimo kokyb\u0117.<\/p>","protected":false},"featured_media":16607,"template":"","meta":[],"product_cat":[756],"product_tag":[],"class_list":{"0":"post-16580","1":"product","2":"type-product","3":"status-publish","4":"has-post-thumbnail","6":"product_cat-automatiniai-indeliu-uzlydymui","8":"first","9":"instock","10":"shipping-taxable","11":"product-type-simple"},"_links":{"self":[{"href":"https:\/\/packstera.lt\/lv\/wp-json\/wp\/v2\/product\/16580","targetHints":{"allow":["GET"]}}],"collection":[{"href":"https:\/\/packstera.lt\/lv\/wp-json\/wp\/v2\/product"}],"about":[{"href":"https:\/\/packstera.lt\/lv\/wp-json\/wp\/v2\/types\/product"}],"version-history":[{"count":4,"href":"https:\/\/packstera.lt\/lv\/wp-json\/wp\/v2\/product\/16580\/revisions"}],"predecessor-version":[{"id":17465,"href":"https:\/\/packstera.lt\/lv\/wp-json\/wp\/v2\/product\/16580\/revisions\/17465"}],"wp:featuredmedia":[{"embeddable":true,"href":"https:\/\/packstera.lt\/lv\/wp-json\/wp\/v2\/media\/16607"}],"wp:attachment":[{"href":"https:\/\/packstera.lt\/lv\/wp-json\/wp\/v2\/media?parent=16580"}],"wp:term":[{"taxonomy":"product_cat","embeddable":true,"href":"https:\/\/packstera.lt\/lv\/wp-json\/wp\/v2\/product_cat?post=16580"},{"taxonomy":"product_tag","embeddable":true,"href":"https:\/\/packstera.lt\/lv\/wp-json\/wp\/v2\/product_tag?post=16580"}],"curies":[{"name":"wp","href":"https:\/\/api.w.org\/{rel}","templated":true}]}}