{"id":16583,"date":"2024-02-23T13:59:09","date_gmt":"2024-02-23T11:59:09","guid":{"rendered":"http:\/\/packstera.lt\/?post_type=product&#038;p=16583"},"modified":"2025-06-10T11:04:39","modified_gmt":"2025-06-10T08:04:39","slug":"paplates-sealer-orion","status":"publish","type":"product","link":"https:\/\/packstera.lt\/lv\/p\/indeliu-uzlydymo-irenginys-tray-sealer-orion\/","title":{"rendered":"Papl\u0101tes bl\u012bv\u0113t\u0101js Orion"},"content":{"rendered":"<p>Papl\u0101tes bl\u012bv\u0113t\u0101js Orion <strong data-start=\"1005\" data-end=\"1089\">\u2013 automatinis in-line tipo indeli\u0173 u\u017elydymo \u012frenginys pramoninei gamybai<\/strong><\/p>\n<p data-start=\"1091\" data-end=\"1425\">\u201eOrion\u201c \u2013 tai auk\u0161tos klas\u0117s automatinis tray sealer \u012frenginys, sukurtas didelio na\u0161umo, pramonin\u0117ms gamybos linijoms. \u0160is modelis skirtas \u012fmon\u0117ms, kurioms svarbiausia \u2013 greitis, tikslumas ir proceso patikimumas. D\u0117l savo pa\u017eangi\u0173 technologini\u0173 sprendim\u0173, \u201eOrion\u201c idealiai tinka integruoti \u012f visi\u0161kai automatizuotas pakavimo sistemas.<\/p>\n<p data-start=\"1427\" data-end=\"1726\">Vienas svarbiausi\u0173 \u201eOrion\u201c bruo\u017e\u0173 \u2013 dviguba padavimo juosta su indeksavimo funkcija, leid\u017eianti efektyviai valdyti skirtingu tempu atkeliaujan\u010dias pakuotes. Nesvarbu, ar pakuot\u0117s pateikiamos nuolatine srove, ar atsitiktine tvarka \u2013 \u012frenginys automati\u0161kai prisitaiko ir u\u017etikrina vientis\u0105 darbo eig\u0105.<\/p>\n<p data-start=\"1728\" data-end=\"2040\">Pakuot\u0117s tarp juost\u0173 ir u\u017elydymo kameros yra perkelin\u0117jamos naudojant galingus griebtuvus, kurie varomi be\u0161epet\u0117liu servovarikliu. \u0160is variklis garantuoja didel\u012f tikslum\u0105 ir greit\u0105 reakcij\u0105 net didelio grei\u010dio re\u017eimuose. Toks sprendimas leid\u017eia u\u017etikrinti nepriekai\u0161ting\u0105 darbo stabilum\u0105 bei minimal\u0173 broko lyg\u012f.<\/p>\n<p data-start=\"2042\" data-end=\"2336\">U\u017elydymo pl\u0117vel\u0117s atrai\u0161os sistema \u201eOrion\u201c \u012frenginyje yra ypa\u010d moderni \u2013 ji valdo tiek atrai\u0161\u0105, tiek pl\u0117vel\u0117s suvyniojim\u0105 po panaudojimo. D\u0117l \u0161ios sistemos \u017eenkliai suma\u017e\u0117ja pl\u0117vel\u0117s s\u0105naudos, o taip pat i\u0161vengiama prastov\u0173, kurios gal\u0117t\u0173 kilti d\u0117l atsitiktini\u0173 pl\u0117vel\u0117s \u012fply\u0161im\u0173 ar u\u017estrigim\u0173.<\/p>\n<p data-start=\"2338\" data-end=\"2674\">U\u017elydymo kamer\u0105 valdo specialiai \u201eTecnovac\u201c sukurta svirties mechanizmo sistema, pasi\u017eyminti ilgaam\u017ei\u0161kumu ir stabilumu. Priklausomai nuo kliento poreiki\u0173 ir gamybin\u0117s infrastrukt\u016bros, \u0161is mechanizmas gali b\u016bti valdomas pneumatiniu arba elektro-mechaniniu b\u016bdu, kas leid\u017eia tiksliai pritaikyti \u012frengin\u012f prie specifin\u0117s gamybos aplinkos.<\/p>\n<p data-start=\"2676\" data-end=\"2704\"><strong data-start=\"2676\" data-end=\"2704\">Pagrindiniai privalumai:<\/strong><\/p>\n<ul data-start=\"2705\" data-end=\"3256\">\n<li data-start=\"2705\" data-end=\"2772\">\n<p data-start=\"2707\" data-end=\"2772\"><strong data-start=\"2707\" data-end=\"2727\">Didelis na\u0161umas:<\/strong> puikiai tinka pramoniniams gamybos kiekiams.<\/p>\n<\/li>\n<li data-start=\"2773\" data-end=\"2897\">\n<p data-start=\"2775\" data-end=\"2897\"><strong data-start=\"2775\" data-end=\"2816\">Automatinis pakuo\u010di\u0173 srauto valdymas:<\/strong> dviguba padavimo sistema leid\u017eia efektyviai dirbti su skirtingo pob\u016bd\u017eio srautu.<\/p>\n<\/li>\n<li data-start=\"2898\" data-end=\"3001\">\n<p data-start=\"2900\" data-end=\"3001\"><strong data-start=\"2900\" data-end=\"2930\">Tikslus pakuo\u010di\u0173 valdymas:<\/strong> be\u0161epet\u0117lis servovariklis u\u017etikrina greit\u0105 ir tiksl\u0173 indeli\u0173 jud\u0117jim\u0105.<\/p>\n<\/li>\n<li data-start=\"3002\" data-end=\"3084\">\n<p data-start=\"3004\" data-end=\"3084\"><strong data-start=\"3004\" data-end=\"3040\">Efektyvus pl\u0117vel\u0117s panaudojimas:<\/strong> suma\u017eina atliekas ir neplanuotas prastovas.<\/p>\n<\/li>\n<li data-start=\"3085\" data-end=\"3166\">\n<p data-start=\"3087\" data-end=\"3166\"><strong data-start=\"3087\" data-end=\"3111\">Tvirta konstrukcija:<\/strong> ilgalaikiam naudojimui net ir intensyviomis s\u0105lygomis.<\/p>\n<\/li>\n<li data-start=\"3167\" data-end=\"3256\">\n<p data-start=\"3169\" data-end=\"3256\"><strong data-start=\"3169\" data-end=\"3199\">Lankstus kameros valdymas:<\/strong> pneumatika arba elektro-mechanika pagal kliento poreik\u012f.<\/p>\n<\/li>\n<\/ul>\n<p data-start=\"3258\" data-end=\"3535\">\u201eOrion\u201c \u2013 tai puikus sprendimas \u012fmon\u0117ms, ie\u0161kan\u010dioms patikimo ir efektyvaus indeli\u0173 u\u017elydymo \u012frenginio didel\u0117s apimties gamybai. D\u0117l modulini\u0173 sprendim\u0173 ir galimyb\u0117s pritaikyti sistem\u0105 individualiems poreikiams, \u0161is \u012frenginys tampa ilgalaike investicija \u012f kokyb\u0119 ir efektyvum\u0105.<\/p>","protected":false},"excerpt":{"rendered":"<p>Indeli\u0173 u\u017elydymo \u012frenginys tray sealer Orion \u2013 tai automatinis in-line tipo indeli\u0173 u\u017elydymo \u012frenginys, sukurtas pramoninei dideli\u0173 kieki\u0173 gamybai. Jis idealiai integruojasi \u012f visi\u0161kai automatizuotas gamybos linijas, kur b\u016btinas didelis greitis, tikslumas ir patikimumas. Dviguba padavimo juosta su indeksavimu leid\u017eia efektyviai valdyti pakuo\u010di\u0173 jud\u0117jim\u0105, nepriklausomai nuo j\u0173 pateikimo pob\u016bd\u017eio. Galingi griebtuvai, varomi be\u0161epet\u0117liu servovarikliu, u\u017etikrina skland\u0173 ir greit\u0105 indeli\u0173 perkelim\u0105. Patobulinta pl\u0117vel\u0117s atrai\u0161os sistema \u017eenkliai suma\u017eina jos sunaudojim\u0105 ir neleid\u017eia susidaryti prastovoms. Tvirta u\u017elydymo kamera gali b\u016bti valdoma pneumatiniu arba elektro-mechaniniu b\u016bdu, priklausomai nuo kliento poreiki\u0173. Tai galingas sprendimas intensyviai gamybai.<\/p>","protected":false},"featured_media":16604,"template":"","meta":[],"product_cat":[757],"product_tag":[],"class_list":{"0":"post-16583","1":"product","2":"type-product","3":"status-publish","4":"has-post-thumbnail","6":"product_cat-dirbantys-linijoje","8":"first","9":"instock","10":"shipping-taxable","11":"product-type-simple"},"_links":{"self":[{"href":"https:\/\/packstera.lt\/lv\/wp-json\/wp\/v2\/product\/16583","targetHints":{"allow":["GET"]}}],"collection":[{"href":"https:\/\/packstera.lt\/lv\/wp-json\/wp\/v2\/product"}],"about":[{"href":"https:\/\/packstera.lt\/lv\/wp-json\/wp\/v2\/types\/product"}],"version-history":[{"count":4,"href":"https:\/\/packstera.lt\/lv\/wp-json\/wp\/v2\/product\/16583\/revisions"}],"predecessor-version":[{"id":17461,"href":"https:\/\/packstera.lt\/lv\/wp-json\/wp\/v2\/product\/16583\/revisions\/17461"}],"wp:featuredmedia":[{"embeddable":true,"href":"https:\/\/packstera.lt\/lv\/wp-json\/wp\/v2\/media\/16604"}],"wp:attachment":[{"href":"https:\/\/packstera.lt\/lv\/wp-json\/wp\/v2\/media?parent=16583"}],"wp:term":[{"taxonomy":"product_cat","embeddable":true,"href":"https:\/\/packstera.lt\/lv\/wp-json\/wp\/v2\/product_cat?post=16583"},{"taxonomy":"product_tag","embeddable":true,"href":"https:\/\/packstera.lt\/lv\/wp-json\/wp\/v2\/product_tag?post=16583"}],"curies":[{"name":"wp","href":"https:\/\/api.w.org\/{rel}","templated":true}]}}