{"id":16753,"date":"2024-06-18T11:01:52","date_gmt":"2024-06-18T08:01:52","guid":{"rendered":"http:\/\/packstera.lt\/?post_type=product&#038;p=16753"},"modified":"2024-08-29T17:00:13","modified_gmt":"2024-08-29T14:00:13","slug":"rev-puma-vertikalas-iepakosanas-iekartas-tikla-maisiem-2","status":"publish","type":"product","link":"https:\/\/packstera.lt\/lv\/p\/vertikalaus-pakavimo-iranga-i-tinklinius-maisus-sorma\/","title":{"rendered":"Vertik\u0101l\u0101s iepako\u0161anas iek\u0101rtas t\u012bkla maisos SORMA"},"content":{"rendered":"<p>Vertik\u0101l\u0101s iepako\u0161anas iek\u0101rtas t\u012bkla maisi\u0146os SORMA citrusaug\u013cu, kartupe\u013cu, s\u012bpolu un l\u012bdz\u012bgu produktu iepako\u0161anai. Ier\u012bce izmanto met\u0101la sloksnes, kas sav\u012btas spol\u0113s, un t\u0101s funkcija ir ievietot rokturi t\u012bkl\u0101. Vad\u012bba tiek veikta, izmantojot 7 collu kr\u0101su sk\u0101rienekr\u0101nu. Iepakojuma svars var b\u016bt no 0,5 l\u012bdz 3 kg. Papildu funkcijas ietver autom\u0101tisku cauru\u013cu nomai\u0146u, kad beidzas str\u0101vas padeve, un eti\u0137e\u0161u printeri.<\/p>","protected":false},"excerpt":{"rendered":"<p style=\"text-align: justify;\">Vertik\u0101l\u0101 iepako\u0161anas iek\u0101rta t\u012bkla maisi\u0146os SORMA, citrusaug\u013cu, kartupe\u013cu un s\u012bpolu iepako\u0161anai, ar sk\u0101rienekr\u0101nu un roktura ievieto\u0161anas funkciju.<\/p>","protected":false},"featured_media":16755,"template":"","meta":[],"product_cat":[571],"product_tag":[719],"class_list":{"0":"post-16753","1":"product","2":"type-product","3":"status-publish","4":"has-post-thumbnail","6":"product_cat-vertikalaus-pakavimo-irenginiai","7":"product_tag-zemesukis","9":"first","10":"instock","11":"shipping-taxable","12":"product-type-simple"},"_links":{"self":[{"href":"https:\/\/packstera.lt\/lv\/wp-json\/wp\/v2\/product\/16753","targetHints":{"allow":["GET"]}}],"collection":[{"href":"https:\/\/packstera.lt\/lv\/wp-json\/wp\/v2\/product"}],"about":[{"href":"https:\/\/packstera.lt\/lv\/wp-json\/wp\/v2\/types\/product"}],"version-history":[{"count":2,"href":"https:\/\/packstera.lt\/lv\/wp-json\/wp\/v2\/product\/16753\/revisions"}],"predecessor-version":[{"id":16761,"href":"https:\/\/packstera.lt\/lv\/wp-json\/wp\/v2\/product\/16753\/revisions\/16761"}],"wp:featuredmedia":[{"embeddable":true,"href":"https:\/\/packstera.lt\/lv\/wp-json\/wp\/v2\/media\/16755"}],"wp:attachment":[{"href":"https:\/\/packstera.lt\/lv\/wp-json\/wp\/v2\/media?parent=16753"}],"wp:term":[{"taxonomy":"product_cat","embeddable":true,"href":"https:\/\/packstera.lt\/lv\/wp-json\/wp\/v2\/product_cat?post=16753"},{"taxonomy":"product_tag","embeddable":true,"href":"https:\/\/packstera.lt\/lv\/wp-json\/wp\/v2\/product_tag?post=16753"}],"curies":[{"name":"wp","href":"https:\/\/api.w.org\/{rel}","templated":true}]}}