{"id":16785,"date":"2024-08-28T10:46:26","date_gmt":"2024-08-28T07:46:26","guid":{"rendered":"http:\/\/packstera.lt\/?post_type=product&#038;p=16785"},"modified":"2024-09-20T15:26:46","modified_gmt":"2024-09-20T12:26:46","slug":"pilniba-automatiskas-horizontalas-siesanas-ierices","status":"publish","type":"product","link":"https:\/\/packstera.lt\/lv\/p\/pilnai-automatiniai-horizontalaus-surisimo-irenginiai\/","title":{"rendered":"Piln\u012bb\u0101 autom\u0101tiskas horizont\u0101l\u0101s iesie\u0161anas ier\u012bces betona r\u016bpniec\u012bbai"},"content":{"rendered":"<p>Piln\u012bb\u0101 autom\u0101tisk\u0101s horizont\u0101l\u0101s siksno\u0161anas ier\u012bces ir paredz\u0113tas r\u016bpniecisk\u0101m betona ra\u017eo\u0161anas un iepako\u0161anas l\u012bnij\u0101m, nodro\u0161inot automatiz\u0113tu palet\u0113tu pre\u010du nostiprin\u0101\u0161anu ar PP vai PET lenti. \u0160\u012bs ier\u012bces var integr\u0113t da\u017e\u0101d\u0101s nozar\u0113s, nodro\u0161inot uzticamu un \u0101tru iepako\u0161anas procesu. Konstrukcija ir iztur\u012bga, ar regul\u0113jamu siksnas spriegojumu no 100 l\u012bdz 4500 N, piel\u0101gojot stiprin\u0101jumu da\u017e\u0101da veida prec\u0113m. Vibr\u0101cijas metin\u0101\u0161anas meh\u0101nisms nodro\u0161ina sp\u0113c\u012bgu un uzticamu savienojumu. Programmat\u016bras vad\u012bbas panelis \u013cauj manu\u0101li piel\u0101got iepakojuma sec\u012bbas.<\/p>\n<p>\u0160\u012bs ir vienas no prec\u012bz\u0101kaj\u0101m sie\u0161anas ier\u012bc\u0113m tirg\u016b, kas sp\u0113j iet\u012bt J\u016bsu preci pat 2 cm virs iepakojuma plaknes, ar precizit\u0101ti +\/- 5 mm.<\/p>\n<p>Iesie\u0161anas iek\u0101rt\u0101s tiek izmantotas v\u0101cu ra\u017eot\u0101ja SANDER iesie\u0161anas galvi\u0146as. Tos var integr\u0113t daudz\u0101s ra\u017eo\u0161anas l\u012bnij\u0101s, tie ir iztur\u012bgi un kvalitat\u012bvi, piln\u012bb\u0101 programm\u0113jami.<\/p>\n<p><strong>Specifik\u0101cijas:<\/strong><\/p>\n<table>\n<thead>\n<tr>\n<th><strong>Specifik\u0101cija<\/strong><\/th>\n<th><strong>Noz\u012bme<\/strong><\/th>\n<\/tr>\n<\/thead>\n<tbody>\n<tr>\n<td><strong>Iepakojuma veids<\/strong><\/td>\n<td>Paletes<\/td>\n<\/tr>\n<tr>\n<td><strong>Lente<\/strong><\/td>\n<td>PP\/PET<\/td>\n<\/tr>\n<tr>\n<td><strong>Joslas platums<\/strong><\/td>\n<td>12\/16\/19 mm<\/td>\n<\/tr>\n<tr>\n<td><strong>Spriegojuma sp\u0113ks<\/strong><\/td>\n<td>100-4500\u00a0N<\/td>\n<\/tr>\n<tr>\n<td><strong>Iepako\u0161anas \u0101trums<\/strong><\/td>\n<td>~7 sek\/cikls<\/td>\n<\/tr>\n<tr>\n<td><strong>Vad\u012bbas sist\u0113ma<\/strong><\/td>\n<td>SIEMENS S7\/1200<\/td>\n<\/tr>\n<tr>\n<td><strong>Baro\u0161anas avots<\/strong><\/td>\n<td>3x 400 V, 50 Hz, 2,5 kW<\/td>\n<\/tr>\n<\/tbody>\n<\/table>","protected":false},"excerpt":{"rendered":"<p>Piln\u012bb\u0101 autom\u0101tiskas horizont\u0101l\u0101s siksno\u0161anas ier\u012bces palet\u0113tu betona pre\u010du nostiprin\u0101\u0161anai ar PP vai PET lenti. Integr\u0113ti r\u016bpnieciskaj\u0101s l\u012bnij\u0101s, tie nodro\u0161ina augstu veiktsp\u0113ju un uzticamu vibr\u0101cijas metin\u0101\u0161anas meh\u0101nismu. Iesie\u0161anas iek\u0101rt\u0101s tiek izmantotas v\u0101cu ra\u017eot\u0101ja SANDER iesie\u0161anas galvi\u0146as. Tos var integr\u0113t daudz\u0101s ra\u017eo\u0161anas l\u012bnij\u0101s, tie ir iztur\u012bgi un kvalitat\u012bvi, piln\u012bb\u0101 programm\u0113jami.<\/p>","protected":false},"featured_media":16789,"template":"","meta":[],"product_cat":[582,579],"product_tag":[],"class_list":{"0":"post-16785","1":"product","2":"type-product","3":"status-publish","4":"has-post-thumbnail","6":"product_cat-pilnai-automatiniai-aprisimo-irenginiai","7":"product_cat-aprisimo-pp-pet-pla-juostomis-irenginiai","9":"first","10":"instock","11":"shipping-taxable","12":"product-type-simple"},"_links":{"self":[{"href":"https:\/\/packstera.lt\/lv\/wp-json\/wp\/v2\/product\/16785","targetHints":{"allow":["GET"]}}],"collection":[{"href":"https:\/\/packstera.lt\/lv\/wp-json\/wp\/v2\/product"}],"about":[{"href":"https:\/\/packstera.lt\/lv\/wp-json\/wp\/v2\/types\/product"}],"version-history":[{"count":5,"href":"https:\/\/packstera.lt\/lv\/wp-json\/wp\/v2\/product\/16785\/revisions"}],"predecessor-version":[{"id":17027,"href":"https:\/\/packstera.lt\/lv\/wp-json\/wp\/v2\/product\/16785\/revisions\/17027"}],"wp:featuredmedia":[{"embeddable":true,"href":"https:\/\/packstera.lt\/lv\/wp-json\/wp\/v2\/media\/16789"}],"wp:attachment":[{"href":"https:\/\/packstera.lt\/lv\/wp-json\/wp\/v2\/media?parent=16785"}],"wp:term":[{"taxonomy":"product_cat","embeddable":true,"href":"https:\/\/packstera.lt\/lv\/wp-json\/wp\/v2\/product_cat?post=16785"},{"taxonomy":"product_tag","embeddable":true,"href":"https:\/\/packstera.lt\/lv\/wp-json\/wp\/v2\/product_tag?post=16785"}],"curies":[{"name":"wp","href":"https:\/\/api.w.org\/{rel}","templated":true}]}}