{"id":16802,"date":"2024-08-28T11:08:23","date_gmt":"2024-08-28T08:08:23","guid":{"rendered":"http:\/\/packstera.lt\/?post_type=product&#038;p=16802"},"modified":"2024-09-20T15:24:52","modified_gmt":"2024-09-20T12:24:52","slug":"kombinetas-siesanas-ierices","status":"publish","type":"product","link":"https:\/\/packstera.lt\/lv\/p\/kombinuoto-surisimo-irenginiai\/","title":{"rendered":"Kombin\u0113t\u0101s iesie\u0161anas ier\u012bces betona r\u016bpniec\u012bbai"},"content":{"rendered":"<p>Kombin\u0113t\u0101s siksnu ier\u012bces ir paredz\u0113tas automatiz\u0113tai palet\u0113tu betona pre\u010du nostiprin\u0101\u0161anai, izmantojot PP, PET vai met\u0101la lenti. \u0160\u012b ier\u012bce ir \u012bpa\u0161i elast\u012bga, jo to var piel\u0101got da\u017e\u0101d\u0101m nozar\u0113m, kur nepiecie\u0161ami da\u017e\u0101di stiprin\u0101jumu risin\u0101jumi. Ier\u012bce nodro\u0161ina uzticamu un efekt\u012bvu iepako\u0161anas procesu, tai ir regul\u0113jams spriego\u0161anas sp\u0113ks, kas \u013cauj piel\u0101got iesie\u0161anu da\u017e\u0101diem iepakojumiem. Integr\u0113tais vibr\u0101cijas metin\u0101\u0161anas meh\u0101nisms un \u0113rts programmat\u016bras vad\u012bbas panelis nodro\u0161ina augstu darba kvalit\u0101ti un vienk\u0101r\u0161u vad\u012bbu.<\/p>\n<p>\u0160\u012bs ir vienas no prec\u012bz\u0101kaj\u0101m sie\u0161anas ier\u012bc\u0113m tirg\u016b, kas sp\u0113j iet\u012bt J\u016bsu preci pat 2 cm virs iepakojuma plaknes, ar precizit\u0101ti +\/- 5 mm.<\/p>\n<p>Iesie\u0161anas iek\u0101rt\u0101s tiek izmantotas v\u0101cu ra\u017eot\u0101ja SANDER iesie\u0161anas galvi\u0146as. Tos var integr\u0113t daudz\u0101s ra\u017eo\u0161anas l\u012bnij\u0101s, tie ir iztur\u012bgi un kvalitat\u012bvi, piln\u012bb\u0101 programm\u0113jami.<\/p>\n<p><strong>Specifik\u0101cijas:<\/strong><\/p>\n<table>\n<thead>\n<tr>\n<th><strong>Specifik\u0101cija<\/strong><\/th>\n<th><strong>Noz\u012bme<\/strong><\/th>\n<\/tr>\n<\/thead>\n<tbody>\n<tr>\n<td><strong>Iepakojuma veids<\/strong><\/td>\n<td>Paletes<\/td>\n<\/tr>\n<tr>\n<td><strong>Lente<\/strong><\/td>\n<td>PP\/PET\/met\u0101ls<\/td>\n<\/tr>\n<tr>\n<td><strong>Joslas platums<\/strong><\/td>\n<td>12\/16\/19 mm<\/td>\n<\/tr>\n<tr>\n<td><strong>Spriegojuma sp\u0113ks<\/strong><\/td>\n<td>100-4500\u00a0N<\/td>\n<\/tr>\n<tr>\n<td><strong>Iepako\u0161anas \u0101trums<\/strong><\/td>\n<td>~7 sek\/cikls<\/td>\n<\/tr>\n<tr>\n<td><strong>Vad\u012bbas sist\u0113ma<\/strong><\/td>\n<td>SIEMENS S7\/1200<\/td>\n<\/tr>\n<tr>\n<td><strong>Baro\u0161anas avots<\/strong><\/td>\n<td>3x 400 V, 50 Hz, 2,5 kW<\/td>\n<\/tr>\n<\/tbody>\n<\/table>","protected":false},"excerpt":{"rendered":"<div class=\"flex-shrink-0 flex flex-col relative items-end\">\n<div>\n<div class=\"pt-0\">\n<div class=\"gizmo-bot-avatar flex h-8 w-8 items-center justify-center overflow-hidden rounded-full\"><\/div>\n<\/div>\n<\/div>\n<\/div>\n<div class=\"group\/conversation-turn relative flex w-full min-w-0 flex-col agent-turn\">\n<div class=\"flex-col gap-1 md:gap-3\">\n<div class=\"flex max-w-full flex-col flex-grow\">\n<div class=\"min-h-[20px] text-message flex w-full flex-col items-end gap-2 break-words [.text-message+&amp;]:mt-5 overflow-x-auto whitespace-normal\" dir=\"auto\" data-message-author-role=\"assistant\" data-message-id=\"e0dc5c09-2d77-4fdd-a6e3-8921da0febdc\">\n<div class=\"flex w-full flex-col gap-1 empty:hidden first:pt-[3px]\">\n<div class=\"markdown prose w-full break-words dark:prose-invert dark\">\n<p>Kombinuoto suri\u0161imo \u012frenginiai skirti paletizuot\u0173 betono preki\u0173 tvirtinimui PP, PET juosta arba metaline juosta. Tinka pramonin\u0117ms linijoms, u\u017etikrina lankstum\u0105 ir na\u0161um\u0105. Vokietijos gamintojo SANDER ri\u0161imo galvos. Jos gali b\u016bti integruotos \u012f daugel\u012f gamybos linij\u0173, yra tvirtos ir kokybi\u0161kos, pilnai programuojamos.<\/p>\n<\/div>\n<\/div>\n<\/div>\n<\/div>\n<\/div>\n<\/div>\n","protected":false},"featured_media":16806,"template":"","meta":[],"product_cat":[582,579],"product_tag":[],"class_list":{"0":"post-16802","1":"product","2":"type-product","3":"status-publish","4":"has-post-thumbnail","6":"product_cat-pilnai-automatiniai-aprisimo-irenginiai","7":"product_cat-aprisimo-pp-pet-pla-juostomis-irenginiai","9":"first","10":"instock","11":"shipping-taxable","12":"product-type-simple"},"_links":{"self":[{"href":"https:\/\/packstera.lt\/lv\/wp-json\/wp\/v2\/product\/16802","targetHints":{"allow":["GET"]}}],"collection":[{"href":"https:\/\/packstera.lt\/lv\/wp-json\/wp\/v2\/product"}],"about":[{"href":"https:\/\/packstera.lt\/lv\/wp-json\/wp\/v2\/types\/product"}],"version-history":[{"count":5,"href":"https:\/\/packstera.lt\/lv\/wp-json\/wp\/v2\/product\/16802\/revisions"}],"predecessor-version":[{"id":17025,"href":"https:\/\/packstera.lt\/lv\/wp-json\/wp\/v2\/product\/16802\/revisions\/17025"}],"wp:featuredmedia":[{"embeddable":true,"href":"https:\/\/packstera.lt\/lv\/wp-json\/wp\/v2\/media\/16806"}],"wp:attachment":[{"href":"https:\/\/packstera.lt\/lv\/wp-json\/wp\/v2\/media?parent=16802"}],"wp:term":[{"taxonomy":"product_cat","embeddable":true,"href":"https:\/\/packstera.lt\/lv\/wp-json\/wp\/v2\/product_cat?post=16802"},{"taxonomy":"product_tag","embeddable":true,"href":"https:\/\/packstera.lt\/lv\/wp-json\/wp\/v2\/product_tag?post=16802"}],"curies":[{"name":"wp","href":"https:\/\/api.w.org\/{rel}","templated":true}]}}