{"id":16809,"date":"2024-08-28T11:38:40","date_gmt":"2024-08-28T08:38:40","guid":{"rendered":"http:\/\/packstera.lt\/?post_type=product&#038;p=16809"},"modified":"2024-08-28T11:38:40","modified_gmt":"2024-08-28T08:38:40","slug":"automatiska-kartona-paplates-formesanas-iekarta-t2n","status":"publish","type":"product","link":"https:\/\/packstera.lt\/lv\/p\/automatinis-kartoniniu-padekliuku-formavimo-irenginys-t2n\/","title":{"rendered":"Autom\u0101tiska iek\u0101rta kartona palikt\u0146u form\u0113\u0161anai T2N"},"content":{"rendered":"<p>Autom\u0101tisk\u0101 kartona palikt\u0146u form\u0113\u0161anas iek\u0101rta T2N ir inovat\u012bvs risin\u0101jums da\u017e\u0101du izm\u0113ru un formu kartona palikt\u0146u ra\u017eo\u0161anai. Ier\u012bcei rakstur\u012bga augsta produktivit\u0101te, kas \u013cauj sasniegt ra\u017eo\u0161anas \u0101trumu l\u012bdz 50 papl\u0101t\u0113m min\u016bt\u0113. T2N ir viegli integr\u0113ts eso\u0161aj\u0101s ra\u017eo\u0161anas l\u012bnij\u0101s, tam ir uzticama automatiz\u0113ta vad\u012bbas sist\u0113ma ar vienk\u0101r\u0161u lietot\u0101ja interfeisu. \u0160\u012b iek\u0101rta var str\u0101d\u0101t ar da\u017e\u0101da biezuma un kvalit\u0101tes kartonu, nodro\u0161inot augstu gala produkta kvalit\u0101ti. Konstrukcija ir iztur\u012bga ilgsto\u0161ai lieto\u0161anai.<\/p>\n<p><strong>Specifik\u0101cijas:<\/strong><\/p>\n<table>\n<thead>\n<tr>\n<th><strong>Specifik\u0101cija<\/strong><\/th>\n<th><strong>Noz\u012bme<\/strong><\/th>\n<\/tr>\n<\/thead>\n<tbody>\n<tr>\n<td><strong>Maksim\u0101lais \u0101trums<\/strong><\/td>\n<td>L\u012bdz 50 papl\u0101t\u0113m\/min.<\/td>\n<\/tr>\n<tr>\n<td><strong>Papl\u0101tes izm\u0113ri<\/strong><\/td>\n<td>Da\u017e\u0101di (regul\u0113jami)<\/td>\n<\/tr>\n<tr>\n<td><strong>Materi\u0101ls<\/strong><\/td>\n<td>Kartons<\/td>\n<\/tr>\n<tr>\n<td><strong>Vad\u012bbas sist\u0113ma<\/strong><\/td>\n<td>Autom\u0101tisks, lietot\u0101ja interfeiss<\/td>\n<\/tr>\n<tr>\n<td><strong>Integr\u0101cija<\/strong><\/td>\n<td>Uz eso\u0161aj\u0101m ra\u017eo\u0161anas l\u012bnij\u0101m<\/td>\n<\/tr>\n<tr>\n<td><strong>Ener\u0123ijas pat\u0113ri\u0146\u0161<\/strong><\/td>\n<td>3x 400 V, 50 Hz, 4 kW<\/td>\n<\/tr>\n<\/tbody>\n<\/table>","protected":false},"excerpt":{"rendered":"<p>Autom\u0101tiska kartona palikt\u0146u form\u0113\u0161anas iek\u0101rta T2N, kas paredz\u0113ta \u0101trai un efekt\u012bvai da\u017e\u0101da izm\u0113ra kartona papl\u0101\u0161u form\u0113\u0161anai. Piel\u0101gojams da\u017e\u0101d\u0101s nozar\u0113s.<\/p>","protected":false},"featured_media":16810,"template":"","meta":[],"product_cat":[559,761],"product_tag":[],"class_list":{"0":"post-16809","1":"product","2":"type-product","3":"status-publish","4":"has-post-thumbnail","6":"product_cat-deziu-formavimo-irenginiai","7":"product_cat-kartoniniu-padekliuku-formavimo-irenginiai","9":"first","10":"instock","11":"shipping-taxable","12":"product-type-simple"},"_links":{"self":[{"href":"https:\/\/packstera.lt\/lv\/wp-json\/wp\/v2\/product\/16809","targetHints":{"allow":["GET"]}}],"collection":[{"href":"https:\/\/packstera.lt\/lv\/wp-json\/wp\/v2\/product"}],"about":[{"href":"https:\/\/packstera.lt\/lv\/wp-json\/wp\/v2\/types\/product"}],"version-history":[{"count":1,"href":"https:\/\/packstera.lt\/lv\/wp-json\/wp\/v2\/product\/16809\/revisions"}],"predecessor-version":[{"id":16811,"href":"https:\/\/packstera.lt\/lv\/wp-json\/wp\/v2\/product\/16809\/revisions\/16811"}],"wp:featuredmedia":[{"embeddable":true,"href":"https:\/\/packstera.lt\/lv\/wp-json\/wp\/v2\/media\/16810"}],"wp:attachment":[{"href":"https:\/\/packstera.lt\/lv\/wp-json\/wp\/v2\/media?parent=16809"}],"wp:term":[{"taxonomy":"product_cat","embeddable":true,"href":"https:\/\/packstera.lt\/lv\/wp-json\/wp\/v2\/product_cat?post=16809"},{"taxonomy":"product_tag","embeddable":true,"href":"https:\/\/packstera.lt\/lv\/wp-json\/wp\/v2\/product_tag?post=16809"}],"curies":[{"name":"wp","href":"https:\/\/api.w.org\/{rel}","templated":true}]}}