{"id":16812,"date":"2024-08-28T11:39:22","date_gmt":"2024-08-28T08:39:22","guid":{"rendered":"http:\/\/packstera.lt\/?post_type=product&#038;p=16812"},"modified":"2024-08-28T11:50:19","modified_gmt":"2024-08-28T08:50:19","slug":"automatiska-kartona-paplates-formesanas-iekarta-t3","status":"publish","type":"product","link":"https:\/\/packstera.lt\/lv\/p\/automatinis-kartoniniu-padekliuku-formavimo-irenginys-t3\/","title":{"rendered":"Autom\u0101tiska iek\u0101rta kartona palikt\u0146u form\u0113\u0161anai T3"},"content":{"rendered":"<p>Autom\u0101tisk\u0101 kartona papl\u0101tes form\u0113\u0161anas iek\u0101rta T3 ir jaud\u012bgs risin\u0101jums \u0101tram un prec\u012bzam kartona papl\u0101tes ra\u017eo\u0161anas procesam. \u0160\u012b iek\u0101rta var veidot papl\u0101tes no da\u017e\u0101da veida kartona, nodro\u0161inot augstu kvalit\u0101ti un uzticam\u012bbu. T3 modelis ir paredz\u0113ts intens\u012bvai r\u016bpnieciskai ra\u017eo\u0161anai, tiecoties uz augstu produktivit\u0101ti \u2013 l\u012bdz 60 papl\u0101t\u0113m min\u016bt\u0113. Integr\u0113t\u0101 automatiz\u0113t\u0101 vad\u012bbas sist\u0113ma \u013cauj \u0113rti piel\u0101got palikt\u0146u izm\u0113rus un formas. Konstrukcija ir iztur\u012bga, piel\u0101gota ilgsto\u0161ai lieto\u0161anai, ar iesp\u0113ju integr\u0113t eso\u0161aj\u0101s ra\u017eo\u0161anas l\u012bnij\u0101s.<\/p>\n<p><strong>Specifik\u0101cijas:<\/strong><\/p>\n<table>\n<thead>\n<tr>\n<th><strong>Specifik\u0101cija<\/strong><\/th>\n<th><strong>Noz\u012bme<\/strong><\/th>\n<\/tr>\n<\/thead>\n<tbody>\n<tr>\n<td><strong>Maksim\u0101lais \u0101trums<\/strong><\/td>\n<td>L\u012bdz 60 papl\u0101t\u0113m\/min.<\/td>\n<\/tr>\n<tr>\n<td><strong>Papl\u0101tes izm\u0113ri<\/strong><\/td>\n<td>Da\u017e\u0101di (regul\u0113jami)<\/td>\n<\/tr>\n<tr>\n<td><strong>Materi\u0101ls<\/strong><\/td>\n<td>Kartons<\/td>\n<\/tr>\n<tr>\n<td><strong>Vad\u012bbas sist\u0113ma<\/strong><\/td>\n<td>Autom\u0101tisks, lietot\u0101ja interfeiss<\/td>\n<\/tr>\n<tr>\n<td><strong>Integr\u0101cija<\/strong><\/td>\n<td>Uz eso\u0161aj\u0101m ra\u017eo\u0161anas l\u012bnij\u0101m<\/td>\n<\/tr>\n<tr>\n<td><strong>Ener\u0123ijas pat\u0113ri\u0146\u0161<\/strong><\/td>\n<td>3x 400 V, 50 Hz, 4 kW<\/td>\n<\/tr>\n<\/tbody>\n<\/table>\n<p>&nbsp;<\/p>","protected":false},"excerpt":{"rendered":"<p>Autom\u0101tiska papl\u0101tes form\u0113\u0161anas ier\u012bce T3 augstas veiktsp\u0113jas papl\u0101tes form\u0113\u0161anai no kartona. Piem\u0113rots da\u017e\u0101d\u0101m nozar\u0113m, nodro\u0161ina augstu ra\u017eo\u0161anas efektivit\u0101ti.<\/p>","protected":false},"featured_media":16815,"template":"","meta":[],"product_cat":[559,761],"product_tag":[],"class_list":{"0":"post-16812","1":"product","2":"type-product","3":"status-publish","4":"has-post-thumbnail","6":"product_cat-deziu-formavimo-irenginiai","7":"product_cat-kartoniniu-padekliuku-formavimo-irenginiai","9":"first","10":"instock","11":"shipping-taxable","12":"product-type-simple"},"_links":{"self":[{"href":"https:\/\/packstera.lt\/lv\/wp-json\/wp\/v2\/product\/16812","targetHints":{"allow":["GET"]}}],"collection":[{"href":"https:\/\/packstera.lt\/lv\/wp-json\/wp\/v2\/product"}],"about":[{"href":"https:\/\/packstera.lt\/lv\/wp-json\/wp\/v2\/types\/product"}],"version-history":[{"count":1,"href":"https:\/\/packstera.lt\/lv\/wp-json\/wp\/v2\/product\/16812\/revisions"}],"predecessor-version":[{"id":16816,"href":"https:\/\/packstera.lt\/lv\/wp-json\/wp\/v2\/product\/16812\/revisions\/16816"}],"wp:featuredmedia":[{"embeddable":true,"href":"https:\/\/packstera.lt\/lv\/wp-json\/wp\/v2\/media\/16815"}],"wp:attachment":[{"href":"https:\/\/packstera.lt\/lv\/wp-json\/wp\/v2\/media?parent=16812"}],"wp:term":[{"taxonomy":"product_cat","embeddable":true,"href":"https:\/\/packstera.lt\/lv\/wp-json\/wp\/v2\/product_cat?post=16812"},{"taxonomy":"product_tag","embeddable":true,"href":"https:\/\/packstera.lt\/lv\/wp-json\/wp\/v2\/product_tag?post=16812"}],"curies":[{"name":"wp","href":"https:\/\/api.w.org\/{rel}","templated":true}]}}