{"id":16813,"date":"2024-08-28T11:39:28","date_gmt":"2024-08-28T08:39:28","guid":{"rendered":"http:\/\/packstera.lt\/?post_type=product&#038;p=16813"},"modified":"2024-08-28T12:00:00","modified_gmt":"2024-08-28T09:00:00","slug":"automatiska-kartona-paplates-formesanas-ierice-ft2k","status":"publish","type":"product","link":"https:\/\/packstera.lt\/lv\/p\/automatinis-kartoniniu-padekliuku-formavimo-irenginys-ft2k\/","title":{"rendered":"Autom\u0101tiska iek\u0101rta kartona palikt\u0146u form\u0113\u0161anai FT2K"},"content":{"rendered":"<p>Autom\u0101tisk\u0101 kartona palikt\u0146u form\u0113\u0161anas iek\u0101rta FT2K ir m\u016bsdien\u012bgs risin\u0101jums da\u017e\u0101du izm\u0113ru un formu kartona palikt\u0146u izgatavo\u0161anai. Ier\u012bce nodro\u0161ina augstu produktivit\u0101ti un dro\u0161u darb\u012bbu, sasniedzot ra\u017eo\u0161anas \u0101trumu l\u012bdz 80 papl\u0101t\u0113m min\u016bt\u0113. Pateicoties t\u0101 iztur\u012bgajai konstrukcijai un uzlabotajai vad\u012bbas sist\u0113mai, FT2K var viegli integr\u0113t eso\u0161aj\u0101s r\u016bpnieciskaj\u0101s l\u012bnij\u0101s, nodro\u0161inot konsekventu un kvalitat\u012bvu ra\u017eo\u0161anas pl\u016bsmu. Ier\u012bci iesp\u0113jams piel\u0101got darbam ar da\u017e\u0101da biezuma un kvalit\u0101tes kartonu, optimiz\u0113jot ra\u017eo\u0161anas procesu atbilsto\u0161i konkr\u0113t\u0101m pras\u012bb\u0101m.<\/p>\n<p><strong>Specifik\u0101cijas:<\/strong><\/p>\n<table>\n<thead>\n<tr>\n<th><strong>Specifik\u0101cija<\/strong><\/th>\n<th><strong>Noz\u012bme<\/strong><\/th>\n<\/tr>\n<\/thead>\n<tbody>\n<tr>\n<td><strong>Maksim\u0101lais \u0101trums<\/strong><\/td>\n<td>L\u012bdz 80 papl\u0101t\u0113m\/min.<\/td>\n<\/tr>\n<tr>\n<td><strong>Papl\u0101tes izm\u0113ri<\/strong><\/td>\n<td>Da\u017e\u0101di (regul\u0113jami)<\/td>\n<\/tr>\n<tr>\n<td><strong>Materi\u0101ls<\/strong><\/td>\n<td>Kartons<\/td>\n<\/tr>\n<tr>\n<td><strong>Vad\u012bbas sist\u0113ma<\/strong><\/td>\n<td>Autom\u0101tisks, lietot\u0101ja interfeiss<\/td>\n<\/tr>\n<tr>\n<td><strong>Integr\u0101cija<\/strong><\/td>\n<td>Uz eso\u0161aj\u0101m ra\u017eo\u0161anas l\u012bnij\u0101m<\/td>\n<\/tr>\n<tr>\n<td><strong>Ener\u0123ijas pat\u0113ri\u0146\u0161<\/strong><\/td>\n<td>3x 400 V, 50 Hz, 4 kW<\/td>\n<\/tr>\n<\/tbody>\n<\/table>\n<p>&nbsp;<\/p>","protected":false},"excerpt":{"rendered":"<p>Autom\u0101tiska kartona papl\u0101tes (papl\u0101tes) form\u0113\u0161anas iek\u0101rta FT2K, kas paredz\u0113ta \u0101trai un efekt\u012bvai da\u017e\u0101da izm\u0113ra kartona papl\u0101\u0161u form\u0113\u0161anai. Integr\u0113jas r\u016bpnieciskaj\u0101s l\u012bnij\u0101s, nodro\u0161ina augstu veiktsp\u0113ju un uzticam\u012bbu.<\/p>","protected":false},"featured_media":16819,"template":"","meta":[],"product_cat":[559,761],"product_tag":[],"class_list":{"0":"post-16813","1":"product","2":"type-product","3":"status-publish","4":"has-post-thumbnail","6":"product_cat-deziu-formavimo-irenginiai","7":"product_cat-kartoniniu-padekliuku-formavimo-irenginiai","9":"first","10":"instock","11":"shipping-taxable","12":"product-type-simple"},"_links":{"self":[{"href":"https:\/\/packstera.lt\/lv\/wp-json\/wp\/v2\/product\/16813","targetHints":{"allow":["GET"]}}],"collection":[{"href":"https:\/\/packstera.lt\/lv\/wp-json\/wp\/v2\/product"}],"about":[{"href":"https:\/\/packstera.lt\/lv\/wp-json\/wp\/v2\/types\/product"}],"version-history":[{"count":2,"href":"https:\/\/packstera.lt\/lv\/wp-json\/wp\/v2\/product\/16813\/revisions"}],"predecessor-version":[{"id":16821,"href":"https:\/\/packstera.lt\/lv\/wp-json\/wp\/v2\/product\/16813\/revisions\/16821"}],"wp:featuredmedia":[{"embeddable":true,"href":"https:\/\/packstera.lt\/lv\/wp-json\/wp\/v2\/media\/16819"}],"wp:attachment":[{"href":"https:\/\/packstera.lt\/lv\/wp-json\/wp\/v2\/media?parent=16813"}],"wp:term":[{"taxonomy":"product_cat","embeddable":true,"href":"https:\/\/packstera.lt\/lv\/wp-json\/wp\/v2\/product_cat?post=16813"},{"taxonomy":"product_tag","embeddable":true,"href":"https:\/\/packstera.lt\/lv\/wp-json\/wp\/v2\/product_tag?post=16813"}],"curies":[{"name":"wp","href":"https:\/\/api.w.org\/{rel}","templated":true}]}}