{"id":16814,"date":"2024-08-28T11:39:28","date_gmt":"2024-08-28T08:39:28","guid":{"rendered":"http:\/\/packstera.lt\/?post_type=product&#038;p=16814"},"modified":"2024-08-28T11:57:52","modified_gmt":"2024-08-28T08:57:52","slug":"automatiska-kartona-kastes-formesanas-ierice-ft04","status":"publish","type":"product","link":"https:\/\/packstera.lt\/lv\/p\/automatinis-kartoniniu-dezuciu-formavimo-irenginys-ft04\/","title":{"rendered":"Autom\u0101tisk\u0101 kartona form\u0113\u0161anas ier\u012bce FT04"},"content":{"rendered":"<p>Autom\u0101tisk\u0101 kartona form\u0113\u0161anas iek\u0101rta FT04 ir izstr\u0101d\u0101ta, lai nodro\u0161in\u0101tu \u0101tru un efekt\u012bvu kartona kastes form\u0113\u0161anas procesu. Ar \u0161o ma\u0161\u012bnu var izgatavot da\u017e\u0101da izm\u0113ra un formas kastes, kas lieliski piem\u0113rotas aug\u013cu, d\u0101rze\u0146u un citu p\u0101rtikas produktu iepako\u0161anai. Pateicoties uzlabotajai automatiz\u0101cijas sist\u0113mai, FT04 ir augsta ra\u017eo\u0161anas jauda, kas \u013cauj form\u0113t l\u012bdz 80 kast\u0113m min\u016bt\u0113. Ier\u012bce ir viegli integr\u0113jama eso\u0161aj\u0101s ra\u017eo\u0161anas l\u012bnij\u0101s, nodro\u0161inot augstu ra\u017eo\u0161anas kvalit\u0101ti un minim\u0101lu roku darbu.<\/p>\n<p><strong>Specifik\u0101cijas:<\/strong><\/p>\n<table>\n<thead>\n<tr>\n<th><strong>Specifik\u0101cija<\/strong><\/th>\n<th><strong>Noz\u012bme<\/strong><\/th>\n<\/tr>\n<\/thead>\n<tbody>\n<tr>\n<td><strong>Maksim\u0101lais \u0101trums<\/strong><\/td>\n<td>L\u012bdz 80 kast\u0113m\/min.<\/td>\n<\/tr>\n<tr>\n<td><strong>Kastes izm\u0113ri<\/strong><\/td>\n<td>Da\u017e\u0101di (regul\u0113jami)<\/td>\n<\/tr>\n<tr>\n<td><strong>Materi\u0101ls<\/strong><\/td>\n<td>Kartons<\/td>\n<\/tr>\n<tr>\n<td><strong>Vad\u012bbas sist\u0113ma<\/strong><\/td>\n<td>Autom\u0101tisks, lietot\u0101ja interfeiss<\/td>\n<\/tr>\n<tr>\n<td><strong>Integr\u0101cija<\/strong><\/td>\n<td>Uz eso\u0161aj\u0101m ra\u017eo\u0161anas l\u012bnij\u0101m<\/td>\n<\/tr>\n<tr>\n<td><strong>Ener\u0123ijas pat\u0113ri\u0146\u0161<\/strong><\/td>\n<td>3x 400 V, 50 Hz, 5 kW<\/td>\n<\/tr>\n<\/tbody>\n<\/table>","protected":false},"excerpt":{"rendered":"<p>Autom\u0101tiska iek\u0101rta kartona kastu (punnetu) form\u0113\u0161anai FT04, paredz\u0113ta \u0101trai un prec\u012bzai kastu mont\u0101\u017eai no kartona. Piem\u0113rots da\u017e\u0101d\u0101m nozar\u0113m, tas nodro\u0161ina augstu veiktsp\u0113ju un kvalit\u0101ti.<\/p>","protected":false},"featured_media":16817,"template":"","meta":[],"product_cat":[559,761],"product_tag":[],"class_list":{"0":"post-16814","1":"product","2":"type-product","3":"status-publish","4":"has-post-thumbnail","6":"product_cat-deziu-formavimo-irenginiai","7":"product_cat-kartoniniu-padekliuku-formavimo-irenginiai","9":"first","10":"instock","11":"shipping-taxable","12":"product-type-simple"},"_links":{"self":[{"href":"https:\/\/packstera.lt\/lv\/wp-json\/wp\/v2\/product\/16814","targetHints":{"allow":["GET"]}}],"collection":[{"href":"https:\/\/packstera.lt\/lv\/wp-json\/wp\/v2\/product"}],"about":[{"href":"https:\/\/packstera.lt\/lv\/wp-json\/wp\/v2\/types\/product"}],"version-history":[{"count":1,"href":"https:\/\/packstera.lt\/lv\/wp-json\/wp\/v2\/product\/16814\/revisions"}],"predecessor-version":[{"id":16818,"href":"https:\/\/packstera.lt\/lv\/wp-json\/wp\/v2\/product\/16814\/revisions\/16818"}],"wp:featuredmedia":[{"embeddable":true,"href":"https:\/\/packstera.lt\/lv\/wp-json\/wp\/v2\/media\/16817"}],"wp:attachment":[{"href":"https:\/\/packstera.lt\/lv\/wp-json\/wp\/v2\/media?parent=16814"}],"wp:term":[{"taxonomy":"product_cat","embeddable":true,"href":"https:\/\/packstera.lt\/lv\/wp-json\/wp\/v2\/product_cat?post=16814"},{"taxonomy":"product_tag","embeddable":true,"href":"https:\/\/packstera.lt\/lv\/wp-json\/wp\/v2\/product_tag?post=16814"}],"curies":[{"name":"wp","href":"https:\/\/api.w.org\/{rel}","templated":true}]}}