{"id":16822,"date":"2024-08-28T13:49:07","date_gmt":"2024-08-28T10:49:07","guid":{"rendered":"http:\/\/packstera.lt\/?post_type=product&#038;p=16822"},"modified":"2024-08-28T15:56:22","modified_gmt":"2024-08-28T12:56:22","slug":"automatiska-kartona-iepakosana-un-iepakosana-i-deses-line-basic-50","status":"publish","type":"product","link":"https:\/\/packstera.lt\/lv\/p\/automatinio-kartonavimo-ir-pakavimo-i-dezes-linija-basis-50\/","title":{"rendered":"BASIS 50 autom\u0101tisk\u0101 kartona un kastu iepako\u0161anas l\u012bnija"},"content":{"rendered":"<p>Autom\u0101tisk\u0101 kartona kast\u0113\u0161anas un iepako\u0161anas l\u012bnija BASIS 50 ir efekt\u012bvs risin\u0101jums automatiz\u0113tai kartona iepako\u0161anas l\u012bnijai. \u0160\u012b iek\u0101rta ir elast\u012bga, un to var izmantot da\u017e\u0101d\u0101s nozar\u0113s, kur\u0101s nepiecie\u0161ama da\u017e\u0101da izm\u0113ra un formas kastu form\u0113\u0161ana un aizz\u012bmogo\u0161ana. BASIS 50 modelis ir kompakts un viegli integr\u0113jams eso\u0161aj\u0101s ra\u017eo\u0161anas l\u012bnij\u0101s. Pateicoties uzlabotajai automatiz\u0101cijas sist\u0113mai, iek\u0101rta nodro\u0161ina \u0101tru un kvalitat\u012bvu ra\u017eo\u0161anu, samazinot nepiecie\u0161am\u012bbu p\u0113c roku darba.<\/p>\n<p><strong>Specifik\u0101cijas:<\/strong><\/p>\n<table>\n<thead>\n<tr>\n<th><strong>Specifik\u0101cija<\/strong><\/th>\n<th><strong>Noz\u012bme<\/strong><\/th>\n<\/tr>\n<\/thead>\n<tbody>\n<tr>\n<td><strong>Maksim\u0101lais \u0101trums<\/strong><\/td>\n<td>L\u012bdz 50 kast\u0113m\/min.<\/td>\n<\/tr>\n<tr>\n<td><strong>Kastes izm\u0113ri<\/strong><\/td>\n<td>150-450 mm gar\u0161<\/td>\n<\/tr>\n<tr>\n<td><strong>Materi\u0101ls<\/strong><\/td>\n<td>Kartons, l\u012bdz 280 g\/m\u00b2<\/td>\n<\/tr>\n<tr>\n<td><strong>Vad\u012bbas sist\u0113ma<\/strong><\/td>\n<td>PLC ar sk\u0101rienekr\u0101nu<\/td>\n<\/tr>\n<tr>\n<td><strong>Integr\u0101cija<\/strong><\/td>\n<td>Uz eso\u0161aj\u0101m ra\u017eo\u0161anas l\u012bnij\u0101m<\/td>\n<\/tr>\n<tr>\n<td><strong>Ener\u0123ijas pat\u0113ri\u0146\u0161<\/strong><\/td>\n<td>4 kW<\/td>\n<\/tr>\n<\/tbody>\n<\/table>\n<p>&nbsp;<\/p>","protected":false},"excerpt":{"rendered":"<p>Autom\u0101tisk\u0101 kartona iepako\u0161ana un iepako\u0161ana kast\u0113s l\u012bnija BASIS 50, kas paredz\u0113ta da\u017e\u0101du formu un izm\u0113ru kartona kastu autom\u0101tiskai ra\u017eo\u0161anai, pild\u012b\u0161anai un aizv\u0113r\u0161anai. Piel\u0101gojams da\u017e\u0101d\u0101m nozar\u0113m, tas nodro\u0161ina efektivit\u0101ti un uzticam\u012bbu.|<\/p>","protected":false},"featured_media":16823,"template":"","meta":[],"product_cat":[762,576],"product_tag":[],"class_list":{"0":"post-16822","1":"product","2":"type-product","3":"status-publish","4":"has-post-thumbnail","6":"product_cat-kartonavimo-irenginiai","7":"product_cat-pakavimo-transportavimui-irenginiai","9":"first","10":"instock","11":"shipping-taxable","12":"product-type-simple"},"_links":{"self":[{"href":"https:\/\/packstera.lt\/lv\/wp-json\/wp\/v2\/product\/16822","targetHints":{"allow":["GET"]}}],"collection":[{"href":"https:\/\/packstera.lt\/lv\/wp-json\/wp\/v2\/product"}],"about":[{"href":"https:\/\/packstera.lt\/lv\/wp-json\/wp\/v2\/types\/product"}],"version-history":[{"count":2,"href":"https:\/\/packstera.lt\/lv\/wp-json\/wp\/v2\/product\/16822\/revisions"}],"predecessor-version":[{"id":16836,"href":"https:\/\/packstera.lt\/lv\/wp-json\/wp\/v2\/product\/16822\/revisions\/16836"}],"wp:featuredmedia":[{"embeddable":true,"href":"https:\/\/packstera.lt\/lv\/wp-json\/wp\/v2\/media\/16823"}],"wp:attachment":[{"href":"https:\/\/packstera.lt\/lv\/wp-json\/wp\/v2\/media?parent=16822"}],"wp:term":[{"taxonomy":"product_cat","embeddable":true,"href":"https:\/\/packstera.lt\/lv\/wp-json\/wp\/v2\/product_cat?post=16822"},{"taxonomy":"product_tag","embeddable":true,"href":"https:\/\/packstera.lt\/lv\/wp-json\/wp\/v2\/product_tag?post=16822"}],"curies":[{"name":"wp","href":"https:\/\/api.w.org\/{rel}","templated":true}]}}