{"id":16825,"date":"2024-08-28T13:55:08","date_gmt":"2024-08-28T10:55:08","guid":{"rendered":"http:\/\/packstera.lt\/?post_type=product&#038;p=16825"},"modified":"2024-08-28T15:55:45","modified_gmt":"2024-08-28T12:55:45","slug":"automatiska-kartona-iepakosana-un-iepakosana-i-deses-line-basic-120-2","status":"publish","type":"product","link":"https:\/\/packstera.lt\/lv\/p\/automatinio-kartonavimo-ir-pakavimo-i-dezes-linija-basis-120\/","title":{"rendered":"BASIS 120 l\u012bnija autom\u0101tiskai kartona iesai\u0146o\u0161anai un iepako\u0161anai kast\u0113s"},"content":{"rendered":"<p>Autom\u0101tisk\u0101 kartona un kastu iepako\u0161anas l\u012bnija BASIS 120 ir uzticams automatiz\u0113ts risin\u0101jums, kas paredz\u0113ts da\u017e\u0101da izm\u0113ra kartona kastu form\u0113\u0161anai un aizv\u0113r\u0161anai. \u0160\u012b ier\u012bce ir ide\u0101li piem\u0113rota ra\u017eo\u0161anas l\u012bnij\u0101m, kur svar\u012bgs ir liels ra\u017eo\u0161anas \u0101trums un kvalit\u0101te. BASIS120 nodro\u0161ina prec\u012bzu un stabilu kastu form\u0113\u0161anu, lai apstr\u0101d\u0101tu lielus ra\u017eo\u0161anas apjomus. Uzlabot\u0101 vad\u012bbas sist\u0113ma un robust\u0101 konstrukcija \u013cauj viegli integr\u0113t ier\u012bci eso\u0161aj\u0101s l\u012bnij\u0101s, t\u0101d\u0113j\u0101di samazinot vajadz\u012bbu p\u0113c manu\u0101la darba.<\/p>\n<p><strong>Specifik\u0101cijas:<\/strong><\/p>\n<table>\n<thead>\n<tr>\n<th><strong>Specifik\u0101cija<\/strong><\/th>\n<th><strong>Noz\u012bme<\/strong><\/th>\n<\/tr>\n<\/thead>\n<tbody>\n<tr>\n<td><strong>Maksim\u0101lais \u0101trums<\/strong><\/td>\n<td>L\u012bdz 120 kast\u0113m\/min.<\/td>\n<\/tr>\n<tr>\n<td><strong>Kastes izm\u0113ri<\/strong><\/td>\n<td>200-600 mm gar\u0161<\/td>\n<\/tr>\n<tr>\n<td><strong>Materi\u0101ls<\/strong><\/td>\n<td>Kartons, l\u012bdz 300 g\/m\u00b2<\/td>\n<\/tr>\n<tr>\n<td><strong>Vad\u012bbas sist\u0113ma<\/strong><\/td>\n<td>PLC ar sk\u0101rienekr\u0101nu<\/td>\n<\/tr>\n<tr>\n<td><strong>Integr\u0101cija<\/strong><\/td>\n<td>Uz eso\u0161aj\u0101m ra\u017eo\u0161anas l\u012bnij\u0101m<\/td>\n<\/tr>\n<tr>\n<td><strong>Ener\u0123ijas pat\u0113ri\u0146\u0161<\/strong><\/td>\n<td>6 kW<\/td>\n<\/tr>\n<\/tbody>\n<\/table>","protected":false},"excerpt":{"rendered":"<p>Autom\u0101tisk\u0101 kartona un iepako\u0161anas l\u012bnija BASIS 120 paredz\u0113ta da\u017e\u0101du izm\u0113ru un formu kartona kastu automatiz\u0113tai form\u0113\u0161anai un aizv\u0113r\u0161anai. Piem\u0113rots da\u017e\u0101d\u0101m nozar\u0113m, tas nodro\u0161ina augstu veiktsp\u0113ju un uzticamu darb\u012bbu.<\/p>","protected":false},"featured_media":16827,"template":"","meta":[],"product_cat":[762,576],"product_tag":[],"class_list":{"0":"post-16825","1":"product","2":"type-product","3":"status-publish","4":"has-post-thumbnail","6":"product_cat-kartonavimo-irenginiai","7":"product_cat-pakavimo-transportavimui-irenginiai","9":"first","10":"instock","11":"shipping-taxable","12":"product-type-simple"},"_links":{"self":[{"href":"https:\/\/packstera.lt\/lv\/wp-json\/wp\/v2\/product\/16825","targetHints":{"allow":["GET"]}}],"collection":[{"href":"https:\/\/packstera.lt\/lv\/wp-json\/wp\/v2\/product"}],"about":[{"href":"https:\/\/packstera.lt\/lv\/wp-json\/wp\/v2\/types\/product"}],"version-history":[{"count":3,"href":"https:\/\/packstera.lt\/lv\/wp-json\/wp\/v2\/product\/16825\/revisions"}],"predecessor-version":[{"id":16834,"href":"https:\/\/packstera.lt\/lv\/wp-json\/wp\/v2\/product\/16825\/revisions\/16834"}],"wp:featuredmedia":[{"embeddable":true,"href":"https:\/\/packstera.lt\/lv\/wp-json\/wp\/v2\/media\/16827"}],"wp:attachment":[{"href":"https:\/\/packstera.lt\/lv\/wp-json\/wp\/v2\/media?parent=16825"}],"wp:term":[{"taxonomy":"product_cat","embeddable":true,"href":"https:\/\/packstera.lt\/lv\/wp-json\/wp\/v2\/product_cat?post=16825"},{"taxonomy":"product_tag","embeddable":true,"href":"https:\/\/packstera.lt\/lv\/wp-json\/wp\/v2\/product_tag?post=16825"}],"curies":[{"name":"wp","href":"https:\/\/api.w.org\/{rel}","templated":true}]}}