{"id":16826,"date":"2024-08-28T13:55:11","date_gmt":"2024-08-28T10:55:11","guid":{"rendered":"http:\/\/packstera.lt\/?post_type=product&#038;p=16826"},"modified":"2024-08-28T15:56:00","modified_gmt":"2024-08-28T12:56:00","slug":"automatiska-kartona-iepakosana-un-iepakosana-i-deses-line-basic-100","status":"publish","type":"product","link":"https:\/\/packstera.lt\/lv\/p\/automatinio-kartonavimo-ir-pakavimo-i-dezes-linija-basis-100\/","title":{"rendered":"BASIS 100 l\u012bnija autom\u0101tiskai kartona iesai\u0146o\u0161anai un iepako\u0161anai kast\u0113s"},"content":{"rendered":"<p>Autom\u0101tisk\u0101 kartona un iepako\u0161anas l\u012bnija BASIS 100 ir progres\u012bva automatiz\u0113ta ier\u012bce, kas paredz\u0113ta efekt\u012bvai un \u0101trai kartona kastu form\u0113\u0161anai un aizv\u0113r\u0161anai. \u0160\u012b ier\u012bce ir paredz\u0113ta lieto\u0161anai r\u016bpniecisk\u0101s ra\u017eo\u0161anas l\u012bnij\u0101s, kur svar\u012bga ir precizit\u0101te un veiktsp\u0113ja. BASIS100 ir elast\u012bgs risin\u0101jums, kas sp\u0113j apstr\u0101d\u0101t da\u017e\u0101da izm\u0113ra kastes, nodro\u0161inot augstu kvalit\u0101tes standartu. Ier\u012bce ir viegli integr\u0113jama eso\u0161aj\u0101s l\u012bnij\u0101s un samazina nepiecie\u0161am\u012bbu p\u0113c manu\u0101la darba, padarot to par rentablu risin\u0101jumu.<\/p>\n<p><strong>Specifik\u0101cijas:<\/strong><\/p>\n<table>\n<thead>\n<tr>\n<th><strong>Specifik\u0101cija<\/strong><\/th>\n<th><strong>Noz\u012bme<\/strong><\/th>\n<\/tr>\n<\/thead>\n<tbody>\n<tr>\n<td><strong>Maksim\u0101lais \u0101trums<\/strong><\/td>\n<td>L\u012bdz 50 kast\u0113m\/min.<\/td>\n<\/tr>\n<tr>\n<td><strong>Kastes izm\u0113ri<\/strong><\/td>\n<td>150-450 mm gar\u0161<\/td>\n<\/tr>\n<tr>\n<td><strong>Materi\u0101ls<\/strong><\/td>\n<td>Kartons, l\u012bdz 280 g\/m\u00b2<\/td>\n<\/tr>\n<tr>\n<td><strong>Vad\u012bbas sist\u0113ma<\/strong><\/td>\n<td>PLC ar sk\u0101rienekr\u0101nu<\/td>\n<\/tr>\n<tr>\n<td><strong>Integr\u0101cija<\/strong><\/td>\n<td>Uz eso\u0161aj\u0101m ra\u017eo\u0161anas l\u012bnij\u0101m<\/td>\n<\/tr>\n<tr>\n<td><strong>Ener\u0123ijas pat\u0113ri\u0146\u0161<\/strong><\/td>\n<td>4 kW<\/td>\n<\/tr>\n<\/tbody>\n<\/table>\n<p>&nbsp;<\/p>","protected":false},"excerpt":{"rendered":"<p>Autom\u0101tisk\u0101 kartona un iepako\u0161anas l\u012bnija BASIS 50 paredz\u0113ta kartona kastu autom\u0101tiskai form\u0113\u0161anai un aizv\u0113r\u0161anai. Ide\u0101ls risin\u0101jums nozar\u0113m, kur\u0101m nepiecie\u0161ama augsta efektivit\u0101te un precizit\u0101te.<\/p>\n<p>&nbsp;<\/p>","protected":false},"featured_media":16828,"template":"","meta":[],"product_cat":[762,576],"product_tag":[],"class_list":{"0":"post-16826","1":"product","2":"type-product","3":"status-publish","4":"has-post-thumbnail","6":"product_cat-kartonavimo-irenginiai","7":"product_cat-pakavimo-transportavimui-irenginiai","9":"first","10":"instock","11":"shipping-taxable","12":"product-type-simple"},"_links":{"self":[{"href":"https:\/\/packstera.lt\/lv\/wp-json\/wp\/v2\/product\/16826","targetHints":{"allow":["GET"]}}],"collection":[{"href":"https:\/\/packstera.lt\/lv\/wp-json\/wp\/v2\/product"}],"about":[{"href":"https:\/\/packstera.lt\/lv\/wp-json\/wp\/v2\/types\/product"}],"version-history":[{"count":4,"href":"https:\/\/packstera.lt\/lv\/wp-json\/wp\/v2\/product\/16826\/revisions"}],"predecessor-version":[{"id":16835,"href":"https:\/\/packstera.lt\/lv\/wp-json\/wp\/v2\/product\/16826\/revisions\/16835"}],"wp:featuredmedia":[{"embeddable":true,"href":"https:\/\/packstera.lt\/lv\/wp-json\/wp\/v2\/media\/16828"}],"wp:attachment":[{"href":"https:\/\/packstera.lt\/lv\/wp-json\/wp\/v2\/media?parent=16826"}],"wp:term":[{"taxonomy":"product_cat","embeddable":true,"href":"https:\/\/packstera.lt\/lv\/wp-json\/wp\/v2\/product_cat?post=16826"},{"taxonomy":"product_tag","embeddable":true,"href":"https:\/\/packstera.lt\/lv\/wp-json\/wp\/v2\/product_tag?post=16826"}],"curies":[{"name":"wp","href":"https:\/\/api.w.org\/{rel}","templated":true}]}}