{"id":16837,"date":"2024-08-29T16:05:55","date_gmt":"2024-08-29T13:05:55","guid":{"rendered":"http:\/\/packstera.lt\/?post_type=product&#038;p=16837"},"modified":"2024-08-29T17:00:12","modified_gmt":"2024-08-29T14:00:12","slug":"automatiska-darzenu-sversana","status":"publish","type":"product","link":"https:\/\/packstera.lt\/lv\/p\/automatine-sverimo-masina-darzovems-sorma\/","title":{"rendered":"Autom\u0101tisk\u0101 d\u0101rze\u0146u svari SORMA"},"content":{"rendered":"<p>Autom\u0101tisk\u0101s sv\u0113r\u0161anas iek\u0101rtas no Sorma Group ir izstr\u0101d\u0101tas, lai nodro\u0161in\u0101tu prec\u012bzu un \u0101tru d\u0101rze\u0146u sv\u0113r\u0161anu pirms iepako\u0161anas. \u0160\u012bs ma\u0161\u012bnas ir piem\u0113rotas da\u017e\u0101du formu un izm\u0113ru d\u0101rze\u0146iem, tai skait\u0101 kartupe\u013ciem, burk\u0101niem, s\u012bpoliem u.c. Integr\u0113t\u0101s progres\u012bv\u0101s tehnolo\u0123ijas nodro\u0161ina prec\u012bzu sv\u0113r\u0161anu un samazina k\u013c\u016bdu iesp\u0113jam\u012bbu, un ergonomiskais dizains \u013cauj viegli integr\u0113t eso\u0161\u0101s ra\u017eo\u0161anas l\u012bnij\u0101s. Lietojot gan lielos, gan mazos iepakojumos, \u0161\u012bs iek\u0101rtas palielina ra\u017eo\u0161anas produktivit\u0101ti un efektivit\u0101ti.<\/p>\n<p><strong>Specifik\u0101cijas:<\/strong><\/p>\n<table>\n<thead>\n<tr>\n<th><strong>Specifik\u0101cija<\/strong><\/th>\n<th><strong>Noz\u012bme<\/strong><\/th>\n<\/tr>\n<\/thead>\n<tbody>\n<tr>\n<td><strong>Precizit\u0101te<\/strong><\/td>\n<td>\u00b1 2 g<\/td>\n<\/tr>\n<tr>\n<td><strong>Maksim\u0101lais \u0101trums<\/strong><\/td>\n<td>L\u012bdz 70 sv\u0113r\u0161an\u0101s\/min.<\/td>\n<\/tr>\n<tr>\n<td><strong>Sv\u0113r\u0161anas diapazons<\/strong><\/td>\n<td>1-10 kg<\/td>\n<\/tr>\n<tr>\n<td><strong>Integr\u0101cija<\/strong><\/td>\n<td>Uz eso\u0161aj\u0101m iepako\u0161anas l\u012bnij\u0101m<\/td>\n<\/tr>\n<tr>\n<td><strong>Materi\u0101ls<\/strong><\/td>\n<td>Ner\u016bs\u0113jo\u0161ais t\u0113rauds<\/td>\n<\/tr>\n<\/tbody>\n<\/table>","protected":false},"excerpt":{"rendered":"<p>Sorma Group autom\u0101tiskie d\u0101rze\u0146u svari nodro\u0161ina prec\u012bzu sv\u0113r\u0161anu un \u0101tru apstr\u0101di. Paredz\u0113ts da\u017e\u0101du formu un izm\u0113ru d\u0101rze\u0146u sv\u0113r\u0161anai pirms iepako\u0161anas, nodro\u0161inot augstu veiktsp\u0113ju un precizit\u0101ti.<\/p>","protected":false},"featured_media":16840,"template":"","meta":[],"product_cat":[763,565],"product_tag":[719],"class_list":{"0":"post-16837","1":"product","2":"type-product","3":"status-publish","4":"has-post-thumbnail","6":"product_cat-gaminiu-sverimo-irenginiai","7":"product_cat-produkto-pirminio-ipakavimo-irenginiai","8":"product_tag-zemesukis","10":"first","11":"instock","12":"shipping-taxable","13":"product-type-simple"},"_links":{"self":[{"href":"https:\/\/packstera.lt\/lv\/wp-json\/wp\/v2\/product\/16837","targetHints":{"allow":["GET"]}}],"collection":[{"href":"https:\/\/packstera.lt\/lv\/wp-json\/wp\/v2\/product"}],"about":[{"href":"https:\/\/packstera.lt\/lv\/wp-json\/wp\/v2\/types\/product"}],"version-history":[{"count":2,"href":"https:\/\/packstera.lt\/lv\/wp-json\/wp\/v2\/product\/16837\/revisions"}],"predecessor-version":[{"id":16844,"href":"https:\/\/packstera.lt\/lv\/wp-json\/wp\/v2\/product\/16837\/revisions\/16844"}],"wp:featuredmedia":[{"embeddable":true,"href":"https:\/\/packstera.lt\/lv\/wp-json\/wp\/v2\/media\/16840"}],"wp:attachment":[{"href":"https:\/\/packstera.lt\/lv\/wp-json\/wp\/v2\/media?parent=16837"}],"wp:term":[{"taxonomy":"product_cat","embeddable":true,"href":"https:\/\/packstera.lt\/lv\/wp-json\/wp\/v2\/product_cat?post=16837"},{"taxonomy":"product_tag","embeddable":true,"href":"https:\/\/packstera.lt\/lv\/wp-json\/wp\/v2\/product_tag?post=16837"}],"curies":[{"name":"wp","href":"https:\/\/api.w.org\/{rel}","templated":true}]}}