{"id":16845,"date":"2024-08-29T16:06:21","date_gmt":"2024-08-29T13:06:21","guid":{"rendered":"http:\/\/packstera.lt\/?post_type=product&#038;p=16845"},"modified":"2024-08-29T17:00:12","modified_gmt":"2024-08-29T14:00:12","slug":"automatiska-sversana-auglu-sormai","status":"publish","type":"product","link":"https:\/\/packstera.lt\/lv\/p\/automatine-sverimo-masina-vaisiams-sorma\/","title":{"rendered":"Autom\u0101tisk\u0101 aug\u013cu sv\u0113r\u0161ana SORMA"},"content":{"rendered":"<p>Sorma Group autom\u0101tiskie aug\u013cu, tom\u0101tu un \u0137iploku svari ir specializ\u0113tas iek\u0101rtas da\u017e\u0101du izm\u0113ru un formu produktu prec\u012bzai un efekt\u012bvai apstr\u0101dei. \u0160aj\u0101s iek\u0101rt\u0101s ir integr\u0113tas progres\u012bvas tehnolo\u0123ijas, kas nodro\u0161ina prec\u012bzu sv\u0113r\u0161anu un palielina ra\u017eo\u0161anas produktivit\u0101ti. Ier\u012bces var viegli integr\u0113t eso\u0161aj\u0101s ra\u017eo\u0161anas l\u012bnij\u0101s, nodro\u0161inot vienm\u0113r\u012bgu darba procesu. Robustas konstrukcijas un ergonomisks dizains \u013cauj \u0161\u012bs ma\u0161\u012bnas izmantot da\u017e\u0101d\u0101s nozar\u0113s.<\/p>\n<p><strong>Specifik\u0101cijas:<\/strong><\/p>\n<table>\n<thead>\n<tr>\n<th><strong>Specifik\u0101cija<\/strong><\/th>\n<th><strong>Noz\u012bme<\/strong><\/th>\n<\/tr>\n<\/thead>\n<tbody>\n<tr>\n<td><strong>Precizit\u0101te<\/strong><\/td>\n<td>\u00b1 2 g<\/td>\n<\/tr>\n<tr>\n<td><strong>Maksim\u0101lais \u0101trums<\/strong><\/td>\n<td>L\u012bdz 80 sv\u0113r\u0161an\u0101s\/min.<\/td>\n<\/tr>\n<tr>\n<td><strong>Sv\u0113r\u0161anas diapazons<\/strong><\/td>\n<td>1-10 kg<\/td>\n<\/tr>\n<tr>\n<td><strong>Integr\u0101cija<\/strong><\/td>\n<td>Uz eso\u0161aj\u0101m iepako\u0161anas l\u012bnij\u0101m<\/td>\n<\/tr>\n<tr>\n<td><strong>Materi\u0101ls<\/strong><\/td>\n<td>Ner\u016bs\u0113jo\u0161ais t\u0113rauds<\/td>\n<\/tr>\n<\/tbody>\n<\/table>\n<p>&nbsp;<\/p>","protected":false},"excerpt":{"rendered":"<p>Sorma Group autom\u0101tiskie aug\u013cu, tom\u0101tu un \u0137iploku svari nodro\u0161ina prec\u012bzu sv\u0113r\u0161anu un augstu produktivit\u0101ti. Paredz\u0113ts da\u017e\u0101du formu un izm\u0113ru aug\u013cu un d\u0101rze\u0146u apstr\u0101dei pirms iepako\u0161anas.<\/p>","protected":false},"featured_media":16848,"template":"","meta":[],"product_cat":[763,565],"product_tag":[719],"class_list":{"0":"post-16845","1":"product","2":"type-product","3":"status-publish","4":"has-post-thumbnail","6":"product_cat-gaminiu-sverimo-irenginiai","7":"product_cat-produkto-pirminio-ipakavimo-irenginiai","8":"product_tag-zemesukis","10":"first","11":"instock","12":"shipping-taxable","13":"product-type-simple"},"_links":{"self":[{"href":"https:\/\/packstera.lt\/lv\/wp-json\/wp\/v2\/product\/16845","targetHints":{"allow":["GET"]}}],"collection":[{"href":"https:\/\/packstera.lt\/lv\/wp-json\/wp\/v2\/product"}],"about":[{"href":"https:\/\/packstera.lt\/lv\/wp-json\/wp\/v2\/types\/product"}],"version-history":[{"count":1,"href":"https:\/\/packstera.lt\/lv\/wp-json\/wp\/v2\/product\/16845\/revisions"}],"predecessor-version":[{"id":16851,"href":"https:\/\/packstera.lt\/lv\/wp-json\/wp\/v2\/product\/16845\/revisions\/16851"}],"wp:featuredmedia":[{"embeddable":true,"href":"https:\/\/packstera.lt\/lv\/wp-json\/wp\/v2\/media\/16848"}],"wp:attachment":[{"href":"https:\/\/packstera.lt\/lv\/wp-json\/wp\/v2\/media?parent=16845"}],"wp:term":[{"taxonomy":"product_cat","embeddable":true,"href":"https:\/\/packstera.lt\/lv\/wp-json\/wp\/v2\/product_cat?post=16845"},{"taxonomy":"product_tag","embeddable":true,"href":"https:\/\/packstera.lt\/lv\/wp-json\/wp\/v2\/product_tag?post=16845"}],"curies":[{"name":"wp","href":"https:\/\/api.w.org\/{rel}","templated":true}]}}