{"id":16846,"date":"2024-08-29T16:06:23","date_gmt":"2024-08-29T13:06:23","guid":{"rendered":"http:\/\/packstera.lt\/?post_type=product&#038;p=16846"},"modified":"2024-08-29T17:00:11","modified_gmt":"2024-08-29T14:00:11","slug":"automatiska-sversana-citrusauglu-sormai","status":"publish","type":"product","link":"https:\/\/packstera.lt\/lv\/p\/automatine-sverimo-masina-citrusiniams-vaisiams-sorma\/","title":{"rendered":"Autom\u0101tisk\u0101 sv\u0113r\u0161ana citrusaug\u013ciem SORMA"},"content":{"rendered":"<p>Autom\u0101tisk\u0101 sv\u0113r\u0161ana citrusaug\u013ciem ir specializ\u0113ts risin\u0101jums \u0101trai un prec\u012bzai citrusaug\u013cu, piem\u0113ram, apels\u012bnu, citronu, greipfr\u016btu, sv\u0113r\u0161anai pirms iepako\u0161anas. \u0160ai iek\u0101rtai ir rakstur\u012bga augsta precizit\u0101te un veiktsp\u0113ja, kas padara to piem\u0113rotu lieliem ra\u017eo\u0161anas apjomiem. Uzlabot\u0101 sv\u0113r\u0161anas tehnolo\u0123ija nodro\u0161ina vienm\u0113r\u012bgu svaru, un sp\u0113c\u012bga un uzticama konstrukcija garant\u0113 ilgu kalpo\u0161anas laiku. Ier\u012bce ir viegli integr\u0113jama eso\u0161aj\u0101s ra\u017eo\u0161anas l\u012bnij\u0101s, optimiz\u0113jot procesu un samazinot nepiecie\u0161am\u012bbu p\u0113c manu\u0101la darba.<\/p>\n<p><strong>Specifik\u0101cijas:<\/strong><\/p>\n<table>\n<thead>\n<tr>\n<th><strong>Specifik\u0101cija<\/strong><\/th>\n<th><strong>Noz\u012bme<\/strong><\/th>\n<\/tr>\n<\/thead>\n<tbody>\n<tr>\n<td><strong>Precizit\u0101te<\/strong><\/td>\n<td>\u00b1 2 g<\/td>\n<\/tr>\n<tr>\n<td><strong>Maksim\u0101lais \u0101trums<\/strong><\/td>\n<td>L\u012bdz 80 sv\u0113r\u0161an\u0101s\/min.<\/td>\n<\/tr>\n<tr>\n<td><strong>Sv\u0113r\u0161anas diapazons<\/strong><\/td>\n<td>1-10 kg<\/td>\n<\/tr>\n<tr>\n<td><strong>Integr\u0101cija<\/strong><\/td>\n<td>Uz eso\u0161aj\u0101m iepako\u0161anas l\u012bnij\u0101m<\/td>\n<\/tr>\n<tr>\n<td><strong>Materi\u0101ls<\/strong><\/td>\n<td>Ner\u016bs\u0113jo\u0161ais t\u0113rauds<\/td>\n<\/tr>\n<\/tbody>\n<\/table>\n<p>&nbsp;<\/p>","protected":false},"excerpt":{"rendered":"<p>Autom\u0101tisk\u0101 sv\u0113r\u0161ana citrusaug\u013ciem nodro\u0161ina prec\u012bzu sv\u0113r\u0161anu un augstu produktivit\u0101ti. \u0160\u012b iek\u0101rta ir paredz\u0113ta da\u017e\u0101da izm\u0113ra un formas citrusaug\u013cu apstr\u0101dei, un t\u0101 ir lieliski piem\u0113rota liela apjoma ra\u017eo\u0161anai.<\/p>","protected":false},"featured_media":16857,"template":"","meta":[],"product_cat":[763,565],"product_tag":[719],"class_list":{"0":"post-16846","1":"product","2":"type-product","3":"status-publish","4":"has-post-thumbnail","6":"product_cat-gaminiu-sverimo-irenginiai","7":"product_cat-produkto-pirminio-ipakavimo-irenginiai","8":"product_tag-zemesukis","10":"first","11":"instock","12":"shipping-taxable","13":"product-type-simple"},"_links":{"self":[{"href":"https:\/\/packstera.lt\/lv\/wp-json\/wp\/v2\/product\/16846","targetHints":{"allow":["GET"]}}],"collection":[{"href":"https:\/\/packstera.lt\/lv\/wp-json\/wp\/v2\/product"}],"about":[{"href":"https:\/\/packstera.lt\/lv\/wp-json\/wp\/v2\/types\/product"}],"version-history":[{"count":1,"href":"https:\/\/packstera.lt\/lv\/wp-json\/wp\/v2\/product\/16846\/revisions"}],"predecessor-version":[{"id":16859,"href":"https:\/\/packstera.lt\/lv\/wp-json\/wp\/v2\/product\/16846\/revisions\/16859"}],"wp:featuredmedia":[{"embeddable":true,"href":"https:\/\/packstera.lt\/lv\/wp-json\/wp\/v2\/media\/16857"}],"wp:attachment":[{"href":"https:\/\/packstera.lt\/lv\/wp-json\/wp\/v2\/media?parent=16846"}],"wp:term":[{"taxonomy":"product_cat","embeddable":true,"href":"https:\/\/packstera.lt\/lv\/wp-json\/wp\/v2\/product_cat?post=16846"},{"taxonomy":"product_tag","embeddable":true,"href":"https:\/\/packstera.lt\/lv\/wp-json\/wp\/v2\/product_tag?post=16846"}],"curies":[{"name":"wp","href":"https:\/\/api.w.org\/{rel}","templated":true}]}}