{"id":16847,"date":"2024-08-29T16:06:25","date_gmt":"2024-08-29T13:06:25","guid":{"rendered":"http:\/\/packstera.lt\/?post_type=product&#038;p=16847"},"modified":"2024-08-29T17:00:11","modified_gmt":"2024-08-29T14:00:11","slug":"automatiska-abolu-sversana","status":"publish","type":"product","link":"https:\/\/packstera.lt\/lv\/p\/automatine-sverimo-masina-obuoliams-sorma\/","title":{"rendered":"Autom\u0101tisk\u0101 sv\u0113r\u0161ana \u0101boliem SORMA"},"content":{"rendered":"<p>Autom\u0101tisk\u0101 \u0101bolu sv\u0113r\u0161ana ir risin\u0101jums, kas paredz\u0113ts \u0101trai un prec\u012bzai \u0101bolu sv\u0113r\u0161anai pirms iepako\u0161anas. \u0160ai ier\u012bcei ir rakstur\u012bga augsta precizit\u0101te un \u0101trums, kas \u013cauj apstr\u0101d\u0101t da\u017e\u0101da izm\u0113ra \u0101bolus ar minim\u0101l\u0101m k\u013c\u016bd\u0101m. Pateicoties t\u0101s iztur\u012bgajai konstrukcijai un uzticamai darb\u012bbai, iek\u0101rtu var integr\u0113t da\u017e\u0101d\u0101s ra\u017eo\u0161anas l\u012bnij\u0101s, optimiz\u0113jot ra\u017eo\u0161anas procesus un samazinot vajadz\u012bbu p\u0113c roku darba.<\/p>\n<p><strong>Specifik\u0101cijas:<\/strong><\/p>\n<table>\n<thead>\n<tr>\n<th><strong>Specifik\u0101cija<\/strong><\/th>\n<th><strong>Noz\u012bme<\/strong><\/th>\n<\/tr>\n<\/thead>\n<tbody>\n<tr>\n<td><strong>Precizit\u0101te<\/strong><\/td>\n<td>\u00b1 2 g<\/td>\n<\/tr>\n<tr>\n<td><strong>Maksim\u0101lais \u0101trums<\/strong><\/td>\n<td>L\u012bdz 80 sv\u0113r\u0161an\u0101s\/min.<\/td>\n<\/tr>\n<tr>\n<td><strong>Sv\u0113r\u0161anas diapazons<\/strong><\/td>\n<td>1-10 kg<\/td>\n<\/tr>\n<tr>\n<td><strong>Integr\u0101cija<\/strong><\/td>\n<td>Uz eso\u0161aj\u0101m iepako\u0161anas l\u012bnij\u0101m<\/td>\n<\/tr>\n<tr>\n<td><strong>Materi\u0101ls<\/strong><\/td>\n<td>Ner\u016bs\u0113jo\u0161ais t\u0113rauds<\/td>\n<\/tr>\n<\/tbody>\n<\/table>\n<p>&nbsp;<\/p>","protected":false},"excerpt":{"rendered":"<p>Autom\u0101tiska \u0101bolu sv\u0113r\u0161anas iek\u0101rta, kas nodro\u0161ina prec\u012bzu sv\u0113r\u0161anu un augstu produktivit\u0101ti. Paredz\u0113ts da\u017e\u0101du izm\u0113ru un formu \u0101boliem, ar progres\u012bvu tehnolo\u0123iju optim\u0101lai apstr\u0101dei.<\/p>\n<p>&nbsp;<\/p>","protected":false},"featured_media":16860,"template":"","meta":[],"product_cat":[763,565],"product_tag":[719],"class_list":{"0":"post-16847","1":"product","2":"type-product","3":"status-publish","4":"has-post-thumbnail","6":"product_cat-gaminiu-sverimo-irenginiai","7":"product_cat-produkto-pirminio-ipakavimo-irenginiai","8":"product_tag-zemesukis","10":"first","11":"instock","12":"shipping-taxable","13":"product-type-simple"},"_links":{"self":[{"href":"https:\/\/packstera.lt\/lv\/wp-json\/wp\/v2\/product\/16847","targetHints":{"allow":["GET"]}}],"collection":[{"href":"https:\/\/packstera.lt\/lv\/wp-json\/wp\/v2\/product"}],"about":[{"href":"https:\/\/packstera.lt\/lv\/wp-json\/wp\/v2\/types\/product"}],"version-history":[{"count":2,"href":"https:\/\/packstera.lt\/lv\/wp-json\/wp\/v2\/product\/16847\/revisions"}],"predecessor-version":[{"id":16864,"href":"https:\/\/packstera.lt\/lv\/wp-json\/wp\/v2\/product\/16847\/revisions\/16864"}],"wp:featuredmedia":[{"embeddable":true,"href":"https:\/\/packstera.lt\/lv\/wp-json\/wp\/v2\/media\/16860"}],"wp:attachment":[{"href":"https:\/\/packstera.lt\/lv\/wp-json\/wp\/v2\/media?parent=16847"}],"wp:term":[{"taxonomy":"product_cat","embeddable":true,"href":"https:\/\/packstera.lt\/lv\/wp-json\/wp\/v2\/product_cat?post=16847"},{"taxonomy":"product_tag","embeddable":true,"href":"https:\/\/packstera.lt\/lv\/wp-json\/wp\/v2\/product_tag?post=16847"}],"curies":[{"name":"wp","href":"https:\/\/api.w.org\/{rel}","templated":true}]}}