{"id":16876,"date":"2024-09-06T10:24:36","date_gmt":"2024-09-06T07:24:36","guid":{"rendered":"http:\/\/packstera.lt\/?post_type=product&#038;p=16876"},"modified":"2024-09-06T13:28:28","modified_gmt":"2024-09-06T10:28:28","slug":"darzenu-fasesanai-tikla-maisos-sorma-nv-25-132-a","status":"publish","type":"product","link":"https:\/\/packstera.lt\/lv\/p\/darzoviu-pakavimui-i-tinklinius-maisus-sorma-nv-25-132-a\/","title":{"rendered":"SORMA NV 25-132 A d\u0101rze\u0146u iepako\u0161anai t\u012bkla maisi\u0146os"},"content":{"rendered":"<p>D\u0101rze\u0146u iepako\u0161anai t\u012bkla maisos SORMA NV 25-132 A ir specializ\u0113ta iek\u0101rta d\u0101rze\u0146u iepako\u0161anai t\u012bkla maisos. \u0160\u012b ier\u012bce nodro\u0161ina \u0101tru un prec\u012bzu d\u0101rze\u0146u sv\u0113r\u0161anu un iepako\u0161anu, lieliski piem\u0113rota da\u017e\u0101da izm\u0113ra un formas produktiem. NV 25-132 A var integr\u0113t da\u017e\u0101d\u0101s ra\u017eo\u0161anas l\u012bnij\u0101s, samazinot vajadz\u012bbu p\u0113c roku darba un palielinot ra\u017eo\u0161anas efektivit\u0101ti. Iztur\u012bga konstrukcija un moderna vad\u012bbas sist\u0113ma nodro\u0161ina ilgu kalpo\u0161anas laiku un uzticamu darb\u012bbu.<\/p>\n<p><strong>Specifik\u0101cijas:<\/strong><\/p>\n<table>\n<thead>\n<tr>\n<th><strong>Specifik\u0101cija<\/strong><\/th>\n<th><strong>Noz\u012bme<\/strong><\/th>\n<\/tr>\n<\/thead>\n<tbody>\n<tr>\n<td><strong>Maksim\u0101lais \u0101trums<\/strong><\/td>\n<td>L\u012bdz 25 maisiem\/min.<\/td>\n<\/tr>\n<tr>\n<td><strong>Somas veids<\/strong><\/td>\n<td>T\u012bkla maisi\u0146i<\/td>\n<\/tr>\n<tr>\n<td><strong>Sv\u0113r\u0161anas diapazons<\/strong><\/td>\n<td>L\u012bdz 25 kg<\/td>\n<\/tr>\n<tr>\n<td><strong>Integr\u0101cija<\/strong><\/td>\n<td>Uz eso\u0161aj\u0101m iepako\u0161anas l\u012bnij\u0101m<\/td>\n<\/tr>\n<tr>\n<td><strong>Materi\u0101ls<\/strong><\/td>\n<td>Ner\u016bs\u0113jo\u0161ais t\u0113rauds<\/td>\n<\/tr>\n<\/tbody>\n<\/table>","protected":false},"excerpt":{"rendered":"<p>Autom\u0101tisk\u0101 iepako\u0161anas iek\u0101rta NV 25-132 A d\u0101rze\u0146u iepako\u0161anai t\u012bkla maisos. Nodro\u0161ina \u0101tru un efekt\u012bvu d\u0101rze\u0146u iepako\u0161anu, piel\u0101gotu da\u017e\u0101d\u0101m ra\u017eo\u0161anas l\u012bnij\u0101m.<\/p>","protected":false},"featured_media":16877,"template":"","meta":[],"product_cat":[566],"product_tag":[719],"class_list":{"0":"post-16876","1":"product","2":"type-product","3":"status-publish","4":"has-post-thumbnail","6":"product_cat-horizontalaus-pakavimo-irenginiai","7":"product_tag-zemesukis","9":"first","10":"instock","11":"shipping-taxable","12":"product-type-simple"},"_links":{"self":[{"href":"https:\/\/packstera.lt\/lv\/wp-json\/wp\/v2\/product\/16876","targetHints":{"allow":["GET"]}}],"collection":[{"href":"https:\/\/packstera.lt\/lv\/wp-json\/wp\/v2\/product"}],"about":[{"href":"https:\/\/packstera.lt\/lv\/wp-json\/wp\/v2\/types\/product"}],"version-history":[{"count":1,"href":"https:\/\/packstera.lt\/lv\/wp-json\/wp\/v2\/product\/16876\/revisions"}],"predecessor-version":[{"id":16878,"href":"https:\/\/packstera.lt\/lv\/wp-json\/wp\/v2\/product\/16876\/revisions\/16878"}],"wp:featuredmedia":[{"embeddable":true,"href":"https:\/\/packstera.lt\/lv\/wp-json\/wp\/v2\/media\/16877"}],"wp:attachment":[{"href":"https:\/\/packstera.lt\/lv\/wp-json\/wp\/v2\/media?parent=16876"}],"wp:term":[{"taxonomy":"product_cat","embeddable":true,"href":"https:\/\/packstera.lt\/lv\/wp-json\/wp\/v2\/product_cat?post=16876"},{"taxonomy":"product_tag","embeddable":true,"href":"https:\/\/packstera.lt\/lv\/wp-json\/wp\/v2\/product_tag?post=16876"}],"curies":[{"name":"wp","href":"https:\/\/api.w.org\/{rel}","templated":true}]}}