{"id":16879,"date":"2024-09-06T10:24:55","date_gmt":"2024-09-06T07:24:55","guid":{"rendered":"http:\/\/packstera.lt\/?post_type=product&#038;p=16879"},"modified":"2024-09-06T13:28:28","modified_gmt":"2024-09-06T10:28:28","slug":"automatiska-darzenu-iepakosanas-masina-sorma-sbu-134","status":"publish","type":"product","link":"https:\/\/packstera.lt\/lv\/p\/automatine-darzoviu-pakavimo-masina-sorma-sbu-134\/","title":{"rendered":"Autom\u0101tisk\u0101 d\u0101rze\u0146u iepako\u0161anas iek\u0101rta SORMA SBU 134"},"content":{"rendered":"<p>Autom\u0101tisk\u0101 d\u0101rze\u0146u iepako\u0161anas iek\u0101rta SORMA SBU 134 ir moderns risin\u0101jums d\u0101rze\u0146u iepako\u0161anai pap\u012bra vai plastmasas maisi\u0146os. Fokusa atsl\u0113gv\u0101rds &quot;d\u0101rze\u0146u iepako\u0161anas ma\u0161\u012bna&quot; nodro\u0161ina efekt\u012bvu un prec\u012bzu sv\u0113r\u0161anu un iepako\u0161anu, kas piem\u0113rota da\u017e\u0101diem produktiem, piem\u0113ram, kartupe\u013ciem, burk\u0101niem vai s\u012bpoliem. \u0160\u012b iek\u0101rta ir integr\u0113ta ra\u017eo\u0161anas l\u012bnij\u0101s, kas \u013cauj samazin\u0101t roku darbu un palielin\u0101t produktivit\u0101ti.<\/p>\n<p><strong>Specifik\u0101cijas:<\/strong><\/p>\n<table>\n<thead>\n<tr>\n<th><strong>Specifik\u0101cija<\/strong><\/th>\n<th><strong>Noz\u012bme<\/strong><\/th>\n<\/tr>\n<\/thead>\n<tbody>\n<tr>\n<td><strong>Maksim\u0101lais \u0101trums<\/strong><\/td>\n<td>L\u012bdz 25 maisiem\/min.<\/td>\n<\/tr>\n<tr>\n<td><strong>Somas veids<\/strong><\/td>\n<td>Pap\u012brs\/plastmasa<\/td>\n<\/tr>\n<tr>\n<td><strong>Sv\u0113r\u0161anas diapazons<\/strong><\/td>\n<td>L\u012bdz 25 kg<\/td>\n<\/tr>\n<tr>\n<td><strong>Integr\u0101cija<\/strong><\/td>\n<td>Uz eso\u0161aj\u0101m iepako\u0161anas l\u012bnij\u0101m<\/td>\n<\/tr>\n<tr>\n<td><strong>Materi\u0101ls<\/strong><\/td>\n<td>Ner\u016bs\u0113jo\u0161ais t\u0113rauds<\/td>\n<\/tr>\n<\/tbody>\n<\/table>\n<p>&nbsp;<\/p>","protected":false},"excerpt":{"rendered":"<p>Autom\u0101tisk\u0101 d\u0101rze\u0146u iepako\u0161anas iek\u0101rta SORMA SBU 134 paredz\u0113ta d\u0101rze\u0146u iepako\u0161anai pap\u012bra vai plastmasas maisi\u0146os. Nodro\u0161ina \u0101tru un prec\u012bzu iepako\u0161anu ar da\u017e\u0101da izm\u0113ra un formas maisi\u0146iem.<\/p>","protected":false},"featured_media":16880,"template":"","meta":[],"product_cat":[566],"product_tag":[719],"class_list":{"0":"post-16879","1":"product","2":"type-product","3":"status-publish","4":"has-post-thumbnail","6":"product_cat-horizontalaus-pakavimo-irenginiai","7":"product_tag-zemesukis","9":"first","10":"instock","11":"shipping-taxable","12":"product-type-simple"},"_links":{"self":[{"href":"https:\/\/packstera.lt\/lv\/wp-json\/wp\/v2\/product\/16879","targetHints":{"allow":["GET"]}}],"collection":[{"href":"https:\/\/packstera.lt\/lv\/wp-json\/wp\/v2\/product"}],"about":[{"href":"https:\/\/packstera.lt\/lv\/wp-json\/wp\/v2\/types\/product"}],"version-history":[{"count":2,"href":"https:\/\/packstera.lt\/lv\/wp-json\/wp\/v2\/product\/16879\/revisions"}],"predecessor-version":[{"id":16882,"href":"https:\/\/packstera.lt\/lv\/wp-json\/wp\/v2\/product\/16879\/revisions\/16882"}],"wp:featuredmedia":[{"embeddable":true,"href":"https:\/\/packstera.lt\/lv\/wp-json\/wp\/v2\/media\/16880"}],"wp:attachment":[{"href":"https:\/\/packstera.lt\/lv\/wp-json\/wp\/v2\/media?parent=16879"}],"wp:term":[{"taxonomy":"product_cat","embeddable":true,"href":"https:\/\/packstera.lt\/lv\/wp-json\/wp\/v2\/product_cat?post=16879"},{"taxonomy":"product_tag","embeddable":true,"href":"https:\/\/packstera.lt\/lv\/wp-json\/wp\/v2\/product_tag?post=16879"}],"curies":[{"name":"wp","href":"https:\/\/api.w.org\/{rel}","templated":true}]}}