{"id":16883,"date":"2024-09-06T10:31:16","date_gmt":"2024-09-06T07:31:16","guid":{"rendered":"http:\/\/packstera.lt\/?post_type=product&#038;p=16883"},"modified":"2025-01-16T15:58:07","modified_gmt":"2025-01-16T13:58:07","slug":"pusautomatiska-darzenu-iepakosanas-iekarta-sorma-bts-120-2","status":"publish","type":"product","link":"https:\/\/packstera.lt\/lv\/p\/pusiau-automatine-darzoviu-pakavimo-masina-sorma-bts-120-2\/","title":{"rendered":"Pusautom\u0101tisk\u0101 d\u0101rze\u0146u iepako\u0161anas iek\u0101rta SORMA BTS 120-2"},"content":{"rendered":"<p>Pusautom\u0101tisk\u0101 d\u0101rze\u0146u iepako\u0161anas iek\u0101rta SORMA BTS 120-2 ir lieliska izv\u0113le d\u0101rze\u0146u iepako\u0161anai t\u012bkla maisos. Pusautom\u0101tisk\u0101 d\u0101rze\u0146u iepako\u0161anas iek\u0101rta \u013cauj lietot\u0101jiem \u0101tri un efekt\u012bvi iepakot t\u0101dus produktus k\u0101 kartupe\u013cus, s\u012bpolus un citus d\u0101rze\u0146us. \u0160\u012b iek\u0101rta pied\u0101v\u0101 pusautom\u0101tisku vad\u012bbu, optimiz\u0113jot darbpl\u016bsmu un samazinot manu\u0101lo darbu. Integr\u0113joties da\u017e\u0101d\u0101s ra\u017eo\u0161anas l\u012bnij\u0101s, tas nodro\u0161ina prec\u012bzu un uzticamu iepako\u0161anas procesu.<\/p>\n<p><strong>Specifik\u0101cijas:<\/strong><\/p>\n<table>\n<thead>\n<tr>\n<th><strong>Specifik\u0101cija<\/strong><\/th>\n<th><strong>Noz\u012bme<\/strong><\/th>\n<\/tr>\n<\/thead>\n<tbody>\n<tr>\n<td><strong>Maksim\u0101lais \u0101trums<\/strong><\/td>\n<td>L\u012bdz 20 maisiem\/min.<\/td>\n<\/tr>\n<tr>\n<td><strong>Somas veids<\/strong><\/td>\n<td>T\u012bkla maisi\u0146i<\/td>\n<\/tr>\n<tr>\n<td><strong>Kontroles veids<\/strong><\/td>\n<td>Pusautom\u0101tisks<\/td>\n<\/tr>\n<tr>\n<td><strong>Integr\u0101cija<\/strong><\/td>\n<td>Uz ra\u017eo\u0161anas l\u012bnij\u0101m<\/td>\n<\/tr>\n<tr>\n<td><strong>Materi\u0101ls<\/strong><\/td>\n<td>Ner\u016bs\u0113jo\u0161ais t\u0113rauds<\/td>\n<\/tr>\n<\/tbody>\n<\/table>","protected":false},"excerpt":{"rendered":"<p>Pusautom\u0101tisk\u0101 d\u0101rze\u0146u iepako\u0161anas iek\u0101rta SORMA BTS 120-2 ir paredz\u0113ta d\u0101rze\u0146u iepako\u0161anai t\u012bkla maisos. Nodro\u0161ina efekt\u012bvu un prec\u012bzu iepako\u0161anas procesu ar minim\u0101lu roku darbu.<\/p>","protected":false},"featured_media":16884,"template":"","meta":[],"product_cat":[572,571],"product_tag":[719],"class_list":{"0":"post-16883","1":"product","2":"type-product","3":"status-publish","4":"has-post-thumbnail","6":"product_cat-ispilstymo-ir-uzlydymo-irenginiai-granuliuotiems-produktams","7":"product_cat-vertikalaus-pakavimo-irenginiai","8":"product_tag-zemesukis","10":"first","11":"instock","12":"shipping-taxable","13":"product-type-simple"},"_links":{"self":[{"href":"https:\/\/packstera.lt\/lv\/wp-json\/wp\/v2\/product\/16883","targetHints":{"allow":["GET"]}}],"collection":[{"href":"https:\/\/packstera.lt\/lv\/wp-json\/wp\/v2\/product"}],"about":[{"href":"https:\/\/packstera.lt\/lv\/wp-json\/wp\/v2\/types\/product"}],"version-history":[{"count":2,"href":"https:\/\/packstera.lt\/lv\/wp-json\/wp\/v2\/product\/16883\/revisions"}],"predecessor-version":[{"id":16894,"href":"https:\/\/packstera.lt\/lv\/wp-json\/wp\/v2\/product\/16883\/revisions\/16894"}],"wp:featuredmedia":[{"embeddable":true,"href":"https:\/\/packstera.lt\/lv\/wp-json\/wp\/v2\/media\/16884"}],"wp:attachment":[{"href":"https:\/\/packstera.lt\/lv\/wp-json\/wp\/v2\/media?parent=16883"}],"wp:term":[{"taxonomy":"product_cat","embeddable":true,"href":"https:\/\/packstera.lt\/lv\/wp-json\/wp\/v2\/product_cat?post=16883"},{"taxonomy":"product_tag","embeddable":true,"href":"https:\/\/packstera.lt\/lv\/wp-json\/wp\/v2\/product_tag?post=16883"}],"curies":[{"name":"wp","href":"https:\/\/api.w.org\/{rel}","templated":true}]}}