{"id":16886,"date":"2024-09-06T10:32:12","date_gmt":"2024-09-06T07:32:12","guid":{"rendered":"http:\/\/packstera.lt\/?post_type=product&#038;p=16886"},"modified":"2025-01-16T15:58:02","modified_gmt":"2025-01-16T13:58:02","slug":"automatiska-iepakosanas-iekarta-sorma-rb-2-120-b","status":"publish","type":"product","link":"https:\/\/packstera.lt\/lv\/p\/automatine-pakavimo-masina-sorma-rb-2-120-b\/","title":{"rendered":"Autom\u0101tisk\u0101 iepako\u0161anas iek\u0101rta SORMA RB 2-120 B"},"content":{"rendered":"<p>Autom\u0101tisk\u0101 iepako\u0161anas iek\u0101rta RB 2-120 B ir \u012bpa\u0161i paredz\u0113ta d\u0101rze\u0146u, piem\u0113ram, s\u012bpolu, kartupe\u013cu un citu l\u012bdz\u012bgu produktu iepako\u0161anai t\u012bkla maisos. autom\u0101tisk\u0101 d\u0101rze\u0146u iepako\u0161anas ma\u0161\u012bna nodro\u0161ina augstu produktivit\u0101ti un precizit\u0101ti, vienlaikus samazinot vajadz\u012bbu p\u0113c roku darba. Ier\u012bci var integr\u0113t da\u017e\u0101d\u0101s ra\u017eo\u0161anas l\u012bnij\u0101s un ir piem\u0113rota intens\u012bvai r\u016bpnieciskai lieto\u0161anai.<\/p>\n<p><strong>Specifik\u0101cijas:<\/strong><\/p>\n<table>\n<thead>\n<tr>\n<th><strong>Specifik\u0101cija<\/strong><\/th>\n<th><strong>Noz\u012bme<\/strong><\/th>\n<\/tr>\n<\/thead>\n<tbody>\n<tr>\n<td><strong>Maksim\u0101lais \u0101trums<\/strong><\/td>\n<td>L\u012bdz 25 maisiem\/min.<\/td>\n<\/tr>\n<tr>\n<td><strong>Somas veids<\/strong><\/td>\n<td>T\u012bkla maisi\u0146i<\/td>\n<\/tr>\n<tr>\n<td><strong>Autom\u0101tiska vad\u012bba<\/strong><\/td>\n<td>J\u0101<\/td>\n<\/tr>\n<tr>\n<td><strong>Integr\u0101cija<\/strong><\/td>\n<td>Uz ra\u017eo\u0161anas l\u012bnij\u0101m<\/td>\n<\/tr>\n<tr>\n<td><strong>Materi\u0101ls<\/strong><\/td>\n<td>Ner\u016bs\u0113jo\u0161ais t\u0113rauds<\/td>\n<\/tr>\n<\/tbody>\n<\/table>\n<p>&nbsp;<\/p>","protected":false},"excerpt":{"rendered":"<p>Autom\u0101tisk\u0101 iepako\u0161anas iek\u0101rta SORMA RB 2-120 B ir paredz\u0113ta d\u0101rze\u0146u iepako\u0161anai sieta maisos. \u0160\u012b ier\u012bce nodro\u0161ina augstu produktivit\u0101ti un efekt\u012bvu d\u0101rze\u0146u iepako\u0161anas procesu.<\/p>","protected":false},"featured_media":16892,"template":"","meta":[],"product_cat":[572,571],"product_tag":[719],"class_list":{"0":"post-16886","1":"product","2":"type-product","3":"status-publish","4":"has-post-thumbnail","6":"product_cat-ispilstymo-ir-uzlydymo-irenginiai-granuliuotiems-produktams","7":"product_cat-vertikalaus-pakavimo-irenginiai","8":"product_tag-zemesukis","10":"first","11":"instock","12":"shipping-taxable","13":"product-type-simple"},"_links":{"self":[{"href":"https:\/\/packstera.lt\/lv\/wp-json\/wp\/v2\/product\/16886","targetHints":{"allow":["GET"]}}],"collection":[{"href":"https:\/\/packstera.lt\/lv\/wp-json\/wp\/v2\/product"}],"about":[{"href":"https:\/\/packstera.lt\/lv\/wp-json\/wp\/v2\/types\/product"}],"version-history":[{"count":1,"href":"https:\/\/packstera.lt\/lv\/wp-json\/wp\/v2\/product\/16886\/revisions"}],"predecessor-version":[{"id":16893,"href":"https:\/\/packstera.lt\/lv\/wp-json\/wp\/v2\/product\/16886\/revisions\/16893"}],"wp:featuredmedia":[{"embeddable":true,"href":"https:\/\/packstera.lt\/lv\/wp-json\/wp\/v2\/media\/16892"}],"wp:attachment":[{"href":"https:\/\/packstera.lt\/lv\/wp-json\/wp\/v2\/media?parent=16886"}],"wp:term":[{"taxonomy":"product_cat","embeddable":true,"href":"https:\/\/packstera.lt\/lv\/wp-json\/wp\/v2\/product_cat?post=16886"},{"taxonomy":"product_tag","embeddable":true,"href":"https:\/\/packstera.lt\/lv\/wp-json\/wp\/v2\/product_tag?post=16886"}],"curies":[{"name":"wp","href":"https:\/\/api.w.org\/{rel}","templated":true}]}}