{"id":16887,"date":"2024-09-06T10:32:15","date_gmt":"2024-09-06T07:32:15","guid":{"rendered":"http:\/\/packstera.lt\/?post_type=product&#038;p=16887"},"modified":"2025-01-16T15:58:09","modified_gmt":"2025-01-16T13:58:09","slug":"pusautomatiska-pildisanas-iekarta-ilerfil-abs","status":"publish","type":"product","link":"https:\/\/packstera.lt\/lv\/p\/pusiau-automatine-ispilstymo-masina-ilerfil-abs\/","title":{"rendered":"Pude\u013cu pild\u012b\u0161anas pusautom\u0101tisk\u0101 iek\u0101rta ILERFIL ABS"},"content":{"rendered":"<p>Pusautom\u0101tisk\u0101 pild\u012b\u0161anas iek\u0101rta ILERFIL ABS ir uzticams risin\u0101jums da\u017e\u0101du beztaras materi\u0101lu, piem\u0113ram, graudu, cukura vai miltu, pild\u012b\u0161anai iepriek\u0161 sagatavotos maisos. \u0160\u012b iek\u0101rta nodro\u0161ina prec\u012bzu un \u0101tru sv\u0113r\u0161anas funkciju, vienk\u0101r\u0161ojot pild\u012b\u0161anas procesu. Autom\u0101tisk\u0101 sist\u0113ma tiek darbin\u0101ta pusautom\u0101tiski, kas samazina roku darbu un palielina ra\u017eo\u0161anas efektivit\u0101ti. Iek\u0101rtu var viegli integr\u0113t ra\u017eo\u0161anas l\u012bnij\u0101s, optimiz\u0113jot ra\u017eo\u0161anas pl\u016bsmu.<\/p>\n<p><strong>Specifik\u0101cijas:<\/strong><\/p>\n<table>\n<thead>\n<tr>\n<th><strong>Specifik\u0101cija<\/strong><\/th>\n<th><strong>Noz\u012bme<\/strong><\/th>\n<\/tr>\n<\/thead>\n<tbody>\n<tr>\n<td><strong>Precizit\u0101te<\/strong><\/td>\n<td>Augsta sv\u0113r\u0161anas precizit\u0101te<\/td>\n<\/tr>\n<tr>\n<td><strong>Somas veids<\/strong><\/td>\n<td>Somas ir gatavas<\/td>\n<\/tr>\n<tr>\n<td><strong>Kontroles veids<\/strong><\/td>\n<td>Pusautom\u0101tisks<\/td>\n<\/tr>\n<tr>\n<td><strong>Integr\u0101cija<\/strong><\/td>\n<td>Ra\u017eo\u0161anas l\u012bnijas<\/td>\n<\/tr>\n<tr>\n<td><strong>Lieto\u0161anas jomas<\/strong><\/td>\n<td>Beztaras materi\u0101li<\/td>\n<\/tr>\n<\/tbody>\n<\/table>\n<p>&nbsp;<\/p>","protected":false},"excerpt":{"rendered":"<p>Pusautom\u0101tisk\u0101 pude\u013cu pild\u012b\u0161anas iek\u0101rta ILERFIL ABS ir paredz\u0113ta prec\u012bzai produktu pild\u012b\u0161anai sagatavotos maisos. Nodro\u0161ina uzticamu sv\u0113r\u0161anu un \u0101tru pild\u012b\u0161anas procesu.<\/p>","protected":false},"featured_media":16896,"template":"","meta":[],"product_cat":[572,571],"product_tag":[719],"class_list":{"0":"post-16887","1":"product","2":"type-product","3":"status-publish","4":"has-post-thumbnail","6":"product_cat-ispilstymo-ir-uzlydymo-irenginiai-granuliuotiems-produktams","7":"product_cat-vertikalaus-pakavimo-irenginiai","8":"product_tag-zemesukis","10":"first","11":"instock","12":"shipping-taxable","13":"product-type-simple"},"_links":{"self":[{"href":"https:\/\/packstera.lt\/lv\/wp-json\/wp\/v2\/product\/16887","targetHints":{"allow":["GET"]}}],"collection":[{"href":"https:\/\/packstera.lt\/lv\/wp-json\/wp\/v2\/product"}],"about":[{"href":"https:\/\/packstera.lt\/lv\/wp-json\/wp\/v2\/types\/product"}],"version-history":[{"count":2,"href":"https:\/\/packstera.lt\/lv\/wp-json\/wp\/v2\/product\/16887\/revisions"}],"predecessor-version":[{"id":16898,"href":"https:\/\/packstera.lt\/lv\/wp-json\/wp\/v2\/product\/16887\/revisions\/16898"}],"wp:featuredmedia":[{"embeddable":true,"href":"https:\/\/packstera.lt\/lv\/wp-json\/wp\/v2\/media\/16896"}],"wp:attachment":[{"href":"https:\/\/packstera.lt\/lv\/wp-json\/wp\/v2\/media?parent=16887"}],"wp:term":[{"taxonomy":"product_cat","embeddable":true,"href":"https:\/\/packstera.lt\/lv\/wp-json\/wp\/v2\/product_cat?post=16887"},{"taxonomy":"product_tag","embeddable":true,"href":"https:\/\/packstera.lt\/lv\/wp-json\/wp\/v2\/product_tag?post=16887"}],"curies":[{"name":"wp","href":"https:\/\/api.w.org\/{rel}","templated":true}]}}