{"id":16888,"date":"2024-09-06T10:32:18","date_gmt":"2024-09-06T07:32:18","guid":{"rendered":"http:\/\/packstera.lt\/?post_type=product&#038;p=16888"},"modified":"2025-01-16T15:58:10","modified_gmt":"2025-01-16T13:58:10","slug":"automatiska-pildisanas-iekarta-ilersac-a","status":"publish","type":"product","link":"https:\/\/packstera.lt\/lv\/p\/automatine-ispilstymo-masina-ilersac-a\/","title":{"rendered":"Autom\u0101tisk\u0101 iepild\u012b\u0161anas iek\u0101rta ILERSAC A"},"content":{"rendered":"<p>Autom\u0101tisk\u0101 pild\u012b\u0161anas iek\u0101rta ILERSAC A ir piel\u0101gota da\u017e\u0101du beztaras materi\u0101lu, piem\u0113ram, graudu, cukura vai miltu, pild\u012b\u0161anai gatavos maisos. \u0160\u012b sist\u0113ma nodro\u0161ina augstu precizit\u0101ti un produktivit\u0101ti, samazinot vajadz\u012bbu p\u0113c roku darba. Autom\u0101tisk\u0101 vad\u012bba palielina ra\u017eo\u0161anas efektivit\u0101ti, integr\u0113jot iek\u0101rtu eso\u0161aj\u0101s ra\u017eo\u0161anas l\u012bnij\u0101s. Tas ir uzticams risin\u0101jums da\u017e\u0101d\u0101m nozar\u0113m, lai optimiz\u0113tu pild\u012b\u0161anas procesu un nodro\u0161in\u0101tu prec\u012bzu produktu daudzumu maisos.<\/p>\n<p><strong>Specifik\u0101cijas:<\/strong><\/p>\n<table>\n<thead>\n<tr>\n<th><strong>Specifik\u0101cija<\/strong><\/th>\n<th><strong>Noz\u012bme<\/strong><\/th>\n<\/tr>\n<\/thead>\n<tbody>\n<tr>\n<td><strong>Precizit\u0101te<\/strong><\/td>\n<td>Augsta sv\u0113r\u0161anas precizit\u0101te<\/td>\n<\/tr>\n<tr>\n<td><strong>Somas veids<\/strong><\/td>\n<td>Somas ir gatavas<\/td>\n<\/tr>\n<tr>\n<td><strong>Kontroles veids<\/strong><\/td>\n<td>Autom\u0101tiski<\/td>\n<\/tr>\n<tr>\n<td><strong>Integr\u0101cija<\/strong><\/td>\n<td>Ra\u017eo\u0161anas l\u012bnijas<\/td>\n<\/tr>\n<tr>\n<td><strong>Lieto\u0161anas jomas<\/strong><\/td>\n<td>Beztaras materi\u0101li<\/td>\n<\/tr>\n<\/tbody>\n<\/table>\n<p>&nbsp;<\/p>","protected":false},"excerpt":{"rendered":"<p>Autom\u0101tisk\u0101 pude\u013cu pild\u012b\u0161anas iek\u0101rta ILERSAC A ir paredz\u0113ta prec\u012bzai un efekt\u012bvai produktu pild\u012b\u0161anai gatavos maisos. Autom\u0101tisk\u0101 sist\u0113ma nodro\u0161ina augstu veiktsp\u0113ju un uzticam\u012bbu<\/p>","protected":false},"featured_media":16899,"template":"","meta":[],"product_cat":[572,571],"product_tag":[719],"class_list":{"0":"post-16888","1":"product","2":"type-product","3":"status-publish","4":"has-post-thumbnail","6":"product_cat-ispilstymo-ir-uzlydymo-irenginiai-granuliuotiems-produktams","7":"product_cat-vertikalaus-pakavimo-irenginiai","8":"product_tag-zemesukis","10":"first","11":"instock","12":"shipping-taxable","13":"product-type-simple"},"_links":{"self":[{"href":"https:\/\/packstera.lt\/lv\/wp-json\/wp\/v2\/product\/16888","targetHints":{"allow":["GET"]}}],"collection":[{"href":"https:\/\/packstera.lt\/lv\/wp-json\/wp\/v2\/product"}],"about":[{"href":"https:\/\/packstera.lt\/lv\/wp-json\/wp\/v2\/types\/product"}],"version-history":[{"count":1,"href":"https:\/\/packstera.lt\/lv\/wp-json\/wp\/v2\/product\/16888\/revisions"}],"predecessor-version":[{"id":16900,"href":"https:\/\/packstera.lt\/lv\/wp-json\/wp\/v2\/product\/16888\/revisions\/16900"}],"wp:featuredmedia":[{"embeddable":true,"href":"https:\/\/packstera.lt\/lv\/wp-json\/wp\/v2\/media\/16899"}],"wp:attachment":[{"href":"https:\/\/packstera.lt\/lv\/wp-json\/wp\/v2\/media?parent=16888"}],"wp:term":[{"taxonomy":"product_cat","embeddable":true,"href":"https:\/\/packstera.lt\/lv\/wp-json\/wp\/v2\/product_cat?post=16888"},{"taxonomy":"product_tag","embeddable":true,"href":"https:\/\/packstera.lt\/lv\/wp-json\/wp\/v2\/product_tag?post=16888"}],"curies":[{"name":"wp","href":"https:\/\/api.w.org\/{rel}","templated":true}]}}