{"id":16889,"date":"2024-09-06T10:32:22","date_gmt":"2024-09-06T07:32:22","guid":{"rendered":"http:\/\/packstera.lt\/?post_type=product&#038;p=16889"},"modified":"2025-01-16T15:58:13","modified_gmt":"2025-01-16T13:58:13","slug":"automatiska-lielo-maisu-uzpildes-sistema-ilerbig-h","status":"publish","type":"product","link":"https:\/\/packstera.lt\/lv\/p\/automatine-big-bag-maisu-ispilstymo-sistema-ilerbig-h\/","title":{"rendered":"Autom\u0101tisk\u0101 Big Bag uzpildes sist\u0113ma ILERBIG H"},"content":{"rendered":"<p>Autom\u0101tisk\u0101 Big Bag uzpildes sist\u0113ma ILERBIG H ir paredz\u0113ta Big Bag pild\u012b\u0161anai ar da\u017e\u0101diem beramajiem produktiem. \u0160\u012b sist\u0113ma nodro\u0161ina augstu veiktsp\u0113ju un precizit\u0101ti, padarot to ide\u0101li piem\u0113rotu izmanto\u0161anai nozar\u0113s, kur\u0101s nepiecie\u0161ama \u0101tra un efekt\u012bva materi\u0101lu pild\u012b\u0161ana. Sist\u0113ma ir viegli integr\u0113jama eso\u0161aj\u0101s ra\u017eo\u0161anas l\u012bnij\u0101s, samazinot vajadz\u012bbu p\u0113c roku darba un palielinot ra\u017eo\u0161anas efektivit\u0101ti.<\/p>\n<p><strong>Specifik\u0101cijas:<\/strong><\/p>\n<table>\n<thead>\n<tr>\n<th><strong>Specifik\u0101cija<\/strong><\/th>\n<th><strong>Noz\u012bme<\/strong><\/th>\n<\/tr>\n<\/thead>\n<tbody>\n<tr>\n<td><strong>Somas veids<\/strong><\/td>\n<td>Liel\u0101 soma<\/td>\n<\/tr>\n<tr>\n<td><strong>Kontroles veids<\/strong><\/td>\n<td>Autom\u0101tiski<\/td>\n<\/tr>\n<tr>\n<td><strong>Precizit\u0101te<\/strong><\/td>\n<td>Gara auguma<\/td>\n<\/tr>\n<tr>\n<td><strong>Lieto\u0161anas jomas<\/strong><\/td>\n<td>Beztaras materi\u0101li<\/td>\n<\/tr>\n<\/tbody>\n<\/table>\n<p>&nbsp;<\/p>","protected":false},"excerpt":{"rendered":"<p>Autom\u0101tisk\u0101 Big Bag iepako\u0161anas sist\u0113ma ILERBIG H nodro\u0161ina \u0101tru un efekt\u012bvu beztaras produktu, piem\u0113ram, graudu vai miner\u0101lvielu, iepild\u012b\u0161anu lielajos maisos.<\/p>","protected":false},"featured_media":16901,"template":"","meta":[],"product_cat":[572,571],"product_tag":[719],"class_list":{"0":"post-16889","1":"product","2":"type-product","3":"status-publish","4":"has-post-thumbnail","6":"product_cat-ispilstymo-ir-uzlydymo-irenginiai-granuliuotiems-produktams","7":"product_cat-vertikalaus-pakavimo-irenginiai","8":"product_tag-zemesukis","10":"first","11":"instock","12":"shipping-taxable","13":"product-type-simple"},"_links":{"self":[{"href":"https:\/\/packstera.lt\/lv\/wp-json\/wp\/v2\/product\/16889","targetHints":{"allow":["GET"]}}],"collection":[{"href":"https:\/\/packstera.lt\/lv\/wp-json\/wp\/v2\/product"}],"about":[{"href":"https:\/\/packstera.lt\/lv\/wp-json\/wp\/v2\/types\/product"}],"version-history":[{"count":2,"href":"https:\/\/packstera.lt\/lv\/wp-json\/wp\/v2\/product\/16889\/revisions"}],"predecessor-version":[{"id":16904,"href":"https:\/\/packstera.lt\/lv\/wp-json\/wp\/v2\/product\/16889\/revisions\/16904"}],"wp:featuredmedia":[{"embeddable":true,"href":"https:\/\/packstera.lt\/lv\/wp-json\/wp\/v2\/media\/16901"}],"wp:attachment":[{"href":"https:\/\/packstera.lt\/lv\/wp-json\/wp\/v2\/media?parent=16889"}],"wp:term":[{"taxonomy":"product_cat","embeddable":true,"href":"https:\/\/packstera.lt\/lv\/wp-json\/wp\/v2\/product_cat?post=16889"},{"taxonomy":"product_tag","embeddable":true,"href":"https:\/\/packstera.lt\/lv\/wp-json\/wp\/v2\/product_tag?post=16889"}],"curies":[{"name":"wp","href":"https:\/\/api.w.org\/{rel}","templated":true}]}}