{"id":16890,"date":"2024-09-06T10:32:25","date_gmt":"2024-09-06T07:32:25","guid":{"rendered":"http:\/\/packstera.lt\/?post_type=product&#038;p=16890"},"modified":"2025-01-16T15:58:14","modified_gmt":"2025-01-16T13:58:14","slug":"automatiska-maisu-formesana-un-iepakosana-ilerbag-v","status":"publish","type":"product","link":"https:\/\/packstera.lt\/lv\/p\/automatinis-maisu-formavimas-ir-pakavimas-ilerbag-v\/","title":{"rendered":"Autom\u0101tiska maisi\u0146u form\u0113\u0161ana un iepako\u0161ana ILERBAG V"},"content":{"rendered":"<p>Autom\u0101tisk\u0101 maisu form\u0113\u0161ana un iepako\u0161ana ILERBAG V ir piln\u012bb\u0101 automatiz\u0113ts maisu form\u0113\u0161anas, pild\u012b\u0161anas un aizz\u012bmogo\u0161anas risin\u0101jums. Sist\u0113ma sarindo, aizpilda un aizz\u012bmogo maisus no pl\u0113ves ru\u013c\u013ca, nodro\u0161inot prec\u012bzu iepako\u0161anu un minim\u0101lu materi\u0101lu pat\u0113ri\u0146u. \u0160\u012b iek\u0101rta ir ide\u0101li piem\u0113rota da\u017e\u0101du beztaras un granul\u0113tu materi\u0101lu iepako\u0161anai. Augsta veiktsp\u0113ja un elast\u012bba \u013cauj piel\u0101goties da\u017e\u0101diem maisi\u0146u izm\u0113riem un iepakojuma pras\u012bb\u0101m.<\/p>\n<p><strong>Specifik\u0101cijas:<\/strong><\/p>\n<table>\n<thead>\n<tr>\n<th><strong>Specifik\u0101cija<\/strong><\/th>\n<th><strong>Noz\u012bme<\/strong><\/th>\n<\/tr>\n<\/thead>\n<tbody>\n<tr>\n<td><strong>Maisu form\u0113\u0161anas veids<\/strong><\/td>\n<td>FFS (form\u0113\u0161ana, pild\u012b\u0161ana, sakaus\u0113\u0161ana)<\/td>\n<\/tr>\n<tr>\n<td><strong>\u0100trums<\/strong><\/td>\n<td>L\u012bdz 1800 som\u0101m stund\u0101.<\/td>\n<\/tr>\n<tr>\n<td><strong>Filmas veids<\/strong><\/td>\n<td>Plastmasas pl\u0113ve<\/td>\n<\/tr>\n<tr>\n<td><strong>Materi\u0101lu veidi<\/strong><\/td>\n<td>Beramie un granul\u0113ti materi\u0101li<\/td>\n<\/tr>\n<tr>\n<td><strong>Integr\u0101cija<\/strong><\/td>\n<td>Autom\u0101tisk\u0101s l\u012bnijas<\/td>\n<\/tr>\n<\/tbody>\n<\/table>\n<p>&nbsp;<\/p>","protected":false},"excerpt":{"rendered":"<p>Autom\u0101tisk\u0101 vertik\u0101l\u0101 FFS (form, fill and seal) maisu iek\u0101rta ILERBAG V vien\u0101 cikl\u0101 noform\u0113, aizpilda un aizz\u012bmogo maisus, nodro\u0161inot \u0101tru un efekt\u012bvu iepako\u0161anas procesu.<\/p>","protected":false},"featured_media":16905,"template":"","meta":[],"product_cat":[572,571],"product_tag":[719],"class_list":{"0":"post-16890","1":"product","2":"type-product","3":"status-publish","4":"has-post-thumbnail","6":"product_cat-ispilstymo-ir-uzlydymo-irenginiai-granuliuotiems-produktams","7":"product_cat-vertikalaus-pakavimo-irenginiai","8":"product_tag-zemesukis","10":"first","11":"instock","12":"shipping-taxable","13":"product-type-simple"},"_links":{"self":[{"href":"https:\/\/packstera.lt\/lv\/wp-json\/wp\/v2\/product\/16890","targetHints":{"allow":["GET"]}}],"collection":[{"href":"https:\/\/packstera.lt\/lv\/wp-json\/wp\/v2\/product"}],"about":[{"href":"https:\/\/packstera.lt\/lv\/wp-json\/wp\/v2\/types\/product"}],"version-history":[{"count":2,"href":"https:\/\/packstera.lt\/lv\/wp-json\/wp\/v2\/product\/16890\/revisions"}],"predecessor-version":[{"id":16908,"href":"https:\/\/packstera.lt\/lv\/wp-json\/wp\/v2\/product\/16890\/revisions\/16908"}],"wp:featuredmedia":[{"embeddable":true,"href":"https:\/\/packstera.lt\/lv\/wp-json\/wp\/v2\/media\/16905"}],"wp:attachment":[{"href":"https:\/\/packstera.lt\/lv\/wp-json\/wp\/v2\/media?parent=16890"}],"wp:term":[{"taxonomy":"product_cat","embeddable":true,"href":"https:\/\/packstera.lt\/lv\/wp-json\/wp\/v2\/product_cat?post=16890"},{"taxonomy":"product_tag","embeddable":true,"href":"https:\/\/packstera.lt\/lv\/wp-json\/wp\/v2\/product_tag?post=16890"}],"curies":[{"name":"wp","href":"https:\/\/api.w.org\/{rel}","templated":true}]}}