{"id":16891,"date":"2024-09-06T10:32:28","date_gmt":"2024-09-06T07:32:28","guid":{"rendered":"http:\/\/packstera.lt\/?post_type=product&#038;p=16891"},"modified":"2025-01-16T15:58:16","modified_gmt":"2025-01-16T13:58:16","slug":"vertikalais-iepakojums-maisos-pamatojoties-uz-1718-gadu","status":"publish","type":"product","link":"https:\/\/packstera.lt\/lv\/p\/vertikalus-pakavimas-i-maiselius-basis-1718\/","title":{"rendered":"Vertik\u0101l\u0101 iepako\u0161ana BASIS 1718"},"content":{"rendered":"<p>Vertik\u0101l\u0101s iepako\u0161anas maisos BASIS 1718 iepako\u0161anas iek\u0101rtas ir paredz\u0113tas beztaras produktu iepako\u0161anai maisos. Tas autom\u0101tiski veido, piepilda un aizz\u012bmogo maisi\u0146us no pl\u0113ves ru\u013c\u013ca. \u0160\u012b sist\u0113ma ir piem\u0113rota da\u017e\u0101d\u0101m nozar\u0113m, piem\u0113ram, p\u0101rtikas, \u0137\u012bmijas un b\u016bvniec\u012bbas nozar\u0113m, kur nepiecie\u0161ama \u0101tra un efekt\u012bva beramkravu iepako\u0161ana. Iek\u0101rta piel\u0101gojas da\u017e\u0101diem izm\u0113riem un materi\u0101liem, \u013caujot efekt\u012bvi iepakot da\u017e\u0101dus produktus, un integr\u0101cija ra\u017eo\u0161anas l\u012bnij\u0101s paaugstina darba produktivit\u0101ti.<\/p>\n<p><strong>Specifik\u0101cijas:<\/strong><\/p>\n<table>\n<thead>\n<tr>\n<th><strong>Specifik\u0101cija<\/strong><\/th>\n<th><strong>Noz\u012bme<\/strong><\/th>\n<\/tr>\n<\/thead>\n<tbody>\n<tr>\n<td><strong>Iepakojuma veids<\/strong><\/td>\n<td>Vertik\u0101l\u0101s somas<\/td>\n<\/tr>\n<tr>\n<td><strong>Kontroles veids<\/strong><\/td>\n<td>Autom\u0101tiski<\/td>\n<\/tr>\n<tr>\n<td><strong>\u0100trums<\/strong><\/td>\n<td>L\u012bdz 60 paci\u0146\u0101m\/min.<\/td>\n<\/tr>\n<tr>\n<td><strong>Materi\u0101ls<\/strong><\/td>\n<td>Filma<\/td>\n<\/tr>\n<tr>\n<td><strong>Lieto\u0161anas jomas<\/strong><\/td>\n<td>Beztaras materi\u0101li<\/td>\n<\/tr>\n<\/tbody>\n<\/table>\n<p>&nbsp;<\/p>","protected":false},"excerpt":{"rendered":"<p>Vertik\u0101l\u0101 iepako\u0161ana BASIS 1718 iepako\u0161anas iek\u0101rta automatiz\u0113 maisu veido\u0161anu, pild\u012b\u0161anu un aizz\u012bmogo\u0161anu, nodro\u0161inot augstu iepako\u0161anas \u0101trumu un efektivit\u0101ti.<\/p>","protected":false},"featured_media":16914,"template":"","meta":[],"product_cat":[572,571],"product_tag":[719],"class_list":{"0":"post-16891","1":"product","2":"type-product","3":"status-publish","4":"has-post-thumbnail","6":"product_cat-ispilstymo-ir-uzlydymo-irenginiai-granuliuotiems-produktams","7":"product_cat-vertikalaus-pakavimo-irenginiai","8":"product_tag-zemesukis","10":"first","11":"instock","12":"shipping-taxable","13":"product-type-simple"},"_links":{"self":[{"href":"https:\/\/packstera.lt\/lv\/wp-json\/wp\/v2\/product\/16891","targetHints":{"allow":["GET"]}}],"collection":[{"href":"https:\/\/packstera.lt\/lv\/wp-json\/wp\/v2\/product"}],"about":[{"href":"https:\/\/packstera.lt\/lv\/wp-json\/wp\/v2\/types\/product"}],"version-history":[{"count":2,"href":"https:\/\/packstera.lt\/lv\/wp-json\/wp\/v2\/product\/16891\/revisions"}],"predecessor-version":[{"id":16915,"href":"https:\/\/packstera.lt\/lv\/wp-json\/wp\/v2\/product\/16891\/revisions\/16915"}],"wp:featuredmedia":[{"embeddable":true,"href":"https:\/\/packstera.lt\/lv\/wp-json\/wp\/v2\/media\/16914"}],"wp:attachment":[{"href":"https:\/\/packstera.lt\/lv\/wp-json\/wp\/v2\/media?parent=16891"}],"wp:term":[{"taxonomy":"product_cat","embeddable":true,"href":"https:\/\/packstera.lt\/lv\/wp-json\/wp\/v2\/product_cat?post=16891"},{"taxonomy":"product_tag","embeddable":true,"href":"https:\/\/packstera.lt\/lv\/wp-json\/wp\/v2\/product_tag?post=16891"}],"curies":[{"name":"wp","href":"https:\/\/api.w.org\/{rel}","templated":true}]}}