{"id":16916,"date":"2024-09-06T15:50:59","date_gmt":"2024-09-06T12:50:59","guid":{"rendered":"http:\/\/packstera.lt\/?post_type=product&#038;p=16916"},"modified":"2024-09-06T15:50:59","modified_gmt":"2024-09-06T12:50:59","slug":"automatiska-ieliesana-spainos-ff13","status":"publish","type":"product","link":"https:\/\/packstera.lt\/lv\/p\/automatinis-ispilstymas-i-kibirus-ff13\/","title":{"rendered":"Autom\u0101tiska pild\u012b\u0161ana spai\u0146os FF13"},"content":{"rendered":"<p>Autom\u0101tisk\u0101 kausu pild\u012b\u0161anas, aizz\u012bmogo\u0161anas un aizv\u0101ko\u0161anas iek\u0101rta ir lieliski piem\u0113rota produktiem ar da\u017e\u0101du viskozit\u0101ti, piem\u0113ram, \u0161\u0137idrumiem, past\u0101m vai bieziem materi\u0101liem. Tas nodro\u0161ina prec\u012bzu doz\u0113\u0161anas kontroli, \u0101tru uzpild\u012b\u0161anu un dro\u0161u aizv\u0113r\u0161anu. \u0160\u012b sist\u0113ma ir piem\u0113rota da\u017e\u0101d\u0101m industri\u0101laj\u0101m jom\u0101m, \u012bpa\u0161i \u0137\u012bmijas, p\u0101rtikas vai b\u016bvniec\u012bbas nozar\u0113s, kur nepiecie\u0161ama \u0101tra, prec\u012bza un dro\u0161a produktu iepild\u012b\u0161ana spai\u0146os.<\/p>\n<p><strong>Specifik\u0101cijas:<\/strong><\/p>\n<table>\n<thead>\n<tr>\n<th><strong>Specifik\u0101cija<\/strong><\/th>\n<th><strong>Noz\u012bme<\/strong><\/th>\n<\/tr>\n<\/thead>\n<tbody>\n<tr>\n<td><strong>Produktu veidi<\/strong><\/td>\n<td>Zema un augsta viskozit\u0101te<\/td>\n<\/tr>\n<tr>\n<td><strong>Uzpildes precizit\u0101te<\/strong><\/td>\n<td>Gara auguma<\/td>\n<\/tr>\n<tr>\n<td><strong>\u0100trums<\/strong><\/td>\n<td>Atkar\u012bgs no produkta<\/td>\n<\/tr>\n<tr>\n<td><strong>Integr\u0101cija<\/strong><\/td>\n<td>Ra\u017eo\u0161anas l\u012bnijas<\/td>\n<\/tr>\n<\/tbody>\n<\/table>","protected":false},"excerpt":{"rendered":"<p>Autom\u0101tisk\u0101 kausu pild\u012b\u0161anas, aizz\u012bmogo\u0161anas un aizv\u0101ko\u0161anas ma\u0161\u012bna ir paredz\u0113ta prec\u012bzai kausu pild\u012b\u0161anai gan zemas, gan augstas viskozit\u0101tes produktiem, nodro\u0161inot augstu veiktsp\u0113ju un uzticam\u012bbu<\/p>","protected":false},"featured_media":16919,"template":"","meta":[],"product_cat":[571,574],"product_tag":[],"class_list":{"0":"post-16916","1":"product","2":"type-product","3":"status-publish","4":"has-post-thumbnail","6":"product_cat-vertikalaus-pakavimo-irenginiai","7":"product_cat-ispilstymo-ir-uzdarymo-irenginiai-i-talpas-ar-butelius","9":"first","10":"instock","11":"shipping-taxable","12":"product-type-simple"},"_links":{"self":[{"href":"https:\/\/packstera.lt\/lv\/wp-json\/wp\/v2\/product\/16916","targetHints":{"allow":["GET"]}}],"collection":[{"href":"https:\/\/packstera.lt\/lv\/wp-json\/wp\/v2\/product"}],"about":[{"href":"https:\/\/packstera.lt\/lv\/wp-json\/wp\/v2\/types\/product"}],"version-history":[{"count":1,"href":"https:\/\/packstera.lt\/lv\/wp-json\/wp\/v2\/product\/16916\/revisions"}],"predecessor-version":[{"id":16920,"href":"https:\/\/packstera.lt\/lv\/wp-json\/wp\/v2\/product\/16916\/revisions\/16920"}],"wp:featuredmedia":[{"embeddable":true,"href":"https:\/\/packstera.lt\/lv\/wp-json\/wp\/v2\/media\/16919"}],"wp:attachment":[{"href":"https:\/\/packstera.lt\/lv\/wp-json\/wp\/v2\/media?parent=16916"}],"wp:term":[{"taxonomy":"product_cat","embeddable":true,"href":"https:\/\/packstera.lt\/lv\/wp-json\/wp\/v2\/product_cat?post=16916"},{"taxonomy":"product_tag","embeddable":true,"href":"https:\/\/packstera.lt\/lv\/wp-json\/wp\/v2\/product_tag?post=16916"}],"curies":[{"name":"wp","href":"https:\/\/api.w.org\/{rel}","templated":true}]}}