{"id":16921,"date":"2024-09-06T15:51:15","date_gmt":"2024-09-06T12:51:15","guid":{"rendered":"http:\/\/packstera.lt\/?post_type=product&#038;p=16921"},"modified":"2024-09-06T15:55:26","modified_gmt":"2024-09-06T12:55:26","slug":"pusautomatiska-dozesana","status":"publish","type":"product","link":"https:\/\/packstera.lt\/lv\/p\/pusiau-automatinis-ispilstymas\/","title":{"rendered":"Pusautom\u0101tisk\u0101 pild\u012b\u0161ana pudel\u0113s FF16"},"content":{"rendered":"<p>Pusautom\u0101tisk\u0101 pild\u012b\u0161ana pudel\u0113s. Pusautom\u0101tisk\u0101 \u0161\u0137idruma pild\u012b\u0161anas iek\u0101rta ir piel\u0101gota da\u017e\u0101du \u0161\u0137idrumu prec\u012bzai un \u0101trai iepild\u012b\u0161anai da\u017e\u0101da izm\u0113ra traukos. \u0160\u012b iek\u0101rta sp\u0113j apstr\u0101d\u0101t gan zemas, gan augstas viskozit\u0101tes \u0161\u0137idrumus, padarot to lieliski piem\u0113rotu da\u017e\u0101d\u0101m nozar\u0113m, piem\u0113ram, \u0137\u012bmiskajai, kosm\u0113tikas un p\u0101rtikas r\u016bpniec\u012bbai. Ier\u012bci ir viegli vad\u012bt un t\u0101s pusautom\u0101tisk\u0101 darb\u012bba samazina nepiecie\u0161am\u012bbu p\u0113c roku darba, nodro\u0161inot augst\u0101ku produktivit\u0101ti un precizit\u0101ti.<\/p>\n<p><strong>Specifik\u0101cijas:<\/strong><\/p>\n<table>\n<thead>\n<tr>\n<th><strong>Specifik\u0101cija<\/strong><\/th>\n<th><strong>Noz\u012bme<\/strong><\/th>\n<\/tr>\n<\/thead>\n<tbody>\n<tr>\n<td><strong>Precizit\u0101te<\/strong><\/td>\n<td>Gara auguma<\/td>\n<\/tr>\n<tr>\n<td><strong>Kontroles veids<\/strong><\/td>\n<td>Pusautom\u0101tisks<\/td>\n<\/tr>\n<tr>\n<td><strong>\u0160\u0137idrumu veidi<\/strong><\/td>\n<td>Zema un augsta viskozit\u0101te<\/td>\n<\/tr>\n<tr>\n<td><strong>Lieto\u0161anas jomas<\/strong><\/td>\n<td>\u0160\u0137idrais pild\u012bjums<\/td>\n<\/tr>\n<\/tbody>\n<\/table>\n<p>&nbsp;<\/p>","protected":false},"excerpt":{"rendered":"<p>Pusautom\u0101tisk\u0101 pild\u012b\u0161ana pudel\u0113s. Pusautom\u0101tiska \u0161\u0137idruma pild\u012b\u0161anas iek\u0101rta prec\u012bzai doz\u0113\u0161anai un da\u017e\u0101das viskozit\u0101tes \u0161\u0137idrumu iepild\u012b\u0161anai traukos, nodro\u0161inot uzticamu pild\u012b\u0161anas procesu.<\/p>","protected":false},"featured_media":16922,"template":"","meta":[],"product_cat":[571,574],"product_tag":[],"class_list":{"0":"post-16921","1":"product","2":"type-product","3":"status-publish","4":"has-post-thumbnail","6":"product_cat-vertikalaus-pakavimo-irenginiai","7":"product_cat-ispilstymo-ir-uzdarymo-irenginiai-i-talpas-ar-butelius","9":"first","10":"instock","11":"shipping-taxable","12":"product-type-simple"},"_links":{"self":[{"href":"https:\/\/packstera.lt\/lv\/wp-json\/wp\/v2\/product\/16921","targetHints":{"allow":["GET"]}}],"collection":[{"href":"https:\/\/packstera.lt\/lv\/wp-json\/wp\/v2\/product"}],"about":[{"href":"https:\/\/packstera.lt\/lv\/wp-json\/wp\/v2\/types\/product"}],"version-history":[{"count":2,"href":"https:\/\/packstera.lt\/lv\/wp-json\/wp\/v2\/product\/16921\/revisions"}],"predecessor-version":[{"id":16924,"href":"https:\/\/packstera.lt\/lv\/wp-json\/wp\/v2\/product\/16921\/revisions\/16924"}],"wp:featuredmedia":[{"embeddable":true,"href":"https:\/\/packstera.lt\/lv\/wp-json\/wp\/v2\/media\/16922"}],"wp:attachment":[{"href":"https:\/\/packstera.lt\/lv\/wp-json\/wp\/v2\/media?parent=16921"}],"wp:term":[{"taxonomy":"product_cat","embeddable":true,"href":"https:\/\/packstera.lt\/lv\/wp-json\/wp\/v2\/product_cat?post=16921"},{"taxonomy":"product_tag","embeddable":true,"href":"https:\/\/packstera.lt\/lv\/wp-json\/wp\/v2\/product_tag?post=16921"}],"curies":[{"name":"wp","href":"https:\/\/api.w.org\/{rel}","templated":true}]}}