{"id":16925,"date":"2024-09-06T16:00:30","date_gmt":"2024-09-06T13:00:30","guid":{"rendered":"http:\/\/packstera.lt\/?post_type=product&#038;p=16925"},"modified":"2024-09-06T16:51:44","modified_gmt":"2024-09-06T13:51:44","slug":"palletizer-dezems-easypalletizer","status":"publish","type":"product","link":"https:\/\/packstera.lt\/lv\/p\/paletizatorius-dezems-easypalletizer\/","title":{"rendered":"Paletizer kast\u0113m EasyPalletizer"},"content":{"rendered":"<p>Paletizer kast\u0113m &quot;EasyPalletizer&quot; ir automatiz\u0113ts risin\u0101jums kastu vai citu kravu palet\u0113\u0161anai, nodro\u0161inot uzticamu un efekt\u012bvu novieto\u0161anu uz palet\u0113m. Tas ir lieliski piem\u0113rots maz\u0101m un vid\u0113j\u0101m ra\u017eo\u0161anas l\u012bnij\u0101m, kur\u0101m nepiecie\u0161ams optimiz\u0113t darba produktivit\u0101ti un samazin\u0101t vajadz\u012bbu p\u0113c roku darba. Pateicoties kompaktajam dizainam, EasyPalletizer ir viegli integr\u0113jams eso\u0161aj\u0101s ra\u017eo\u0161anas sist\u0113m\u0101s. Ier\u012bci var piel\u0101got da\u017e\u0101da izm\u0113ra kastu palet\u0113\u0161anai.<\/p>\n<p><strong>Specifik\u0101cijas:<\/strong><\/p>\n<table>\n<thead>\n<tr>\n<th><strong>Specifik\u0101cija<\/strong><\/th>\n<th><strong>Noz\u012bme<\/strong><\/th>\n<\/tr>\n<\/thead>\n<tbody>\n<tr>\n<td><strong>Tips<\/strong><\/td>\n<td>Kastes paletieris<\/td>\n<\/tr>\n<tr>\n<td><strong>Automatiz\u0101cijas l\u012bmenis<\/strong><\/td>\n<td>Autom\u0101tiski<\/td>\n<\/tr>\n<tr>\n<td><strong>Integr\u0101cija<\/strong><\/td>\n<td>Viegli integr\u0113t<\/td>\n<\/tr>\n<tr>\n<td><strong>Lieto\u0161anas jomas<\/strong><\/td>\n<td>Mazas un vid\u0113jas l\u012bnijas<\/td>\n<\/tr>\n<\/tbody>\n<\/table>","protected":false},"excerpt":{"rendered":"<p>Paletizer kast\u0113m &quot;EasyPalletizer&quot; ir kompakts un viegli integr\u0113jams palet\u0113t\u0101js, kas paredz\u0113ts kastu, paku vai citu priek\u0161metu novieto\u0161anas automatiz\u0113\u0161anai uz palet\u0113m, lai paaugstin\u0101tu darba efektivit\u0101ti.<\/p>","protected":false},"featured_media":16952,"template":"","meta":[],"product_cat":[576,764],"product_tag":[],"class_list":{"0":"post-16925","1":"product","2":"type-product","3":"status-publish","4":"has-post-thumbnail","6":"product_cat-pakavimo-transportavimui-irenginiai","7":"product_cat-paletavimo-irenginiai","9":"first","10":"instock","11":"shipping-taxable","12":"product-type-simple"},"_links":{"self":[{"href":"https:\/\/packstera.lt\/lv\/wp-json\/wp\/v2\/product\/16925","targetHints":{"allow":["GET"]}}],"collection":[{"href":"https:\/\/packstera.lt\/lv\/wp-json\/wp\/v2\/product"}],"about":[{"href":"https:\/\/packstera.lt\/lv\/wp-json\/wp\/v2\/types\/product"}],"version-history":[{"count":1,"href":"https:\/\/packstera.lt\/lv\/wp-json\/wp\/v2\/product\/16925\/revisions"}],"predecessor-version":[{"id":16929,"href":"https:\/\/packstera.lt\/lv\/wp-json\/wp\/v2\/product\/16925\/revisions\/16929"}],"wp:featuredmedia":[{"embeddable":true,"href":"https:\/\/packstera.lt\/lv\/wp-json\/wp\/v2\/media\/16952"}],"wp:attachment":[{"href":"https:\/\/packstera.lt\/lv\/wp-json\/wp\/v2\/media?parent=16925"}],"wp:term":[{"taxonomy":"product_cat","embeddable":true,"href":"https:\/\/packstera.lt\/lv\/wp-json\/wp\/v2\/product_cat?post=16925"},{"taxonomy":"product_tag","embeddable":true,"href":"https:\/\/packstera.lt\/lv\/wp-json\/wp\/v2\/product_tag?post=16925"}],"curies":[{"name":"wp","href":"https:\/\/api.w.org\/{rel}","templated":true}]}}