{"id":16931,"date":"2024-09-06T16:01:05","date_gmt":"2024-09-06T13:01:05","guid":{"rendered":"http:\/\/packstera.lt\/?post_type=product&#038;p=16931"},"modified":"2024-09-06T16:03:19","modified_gmt":"2024-09-06T13:03:19","slug":"automatiskais-hibridmaisu-paletieris-ilerpal-h","status":"publish","type":"product","link":"https:\/\/packstera.lt\/lv\/p\/automatinis-hibridinis-maisu-paletizatorius-ilerpal-h\/","title":{"rendered":"Autom\u0101tiskais hibr\u012bdmaisu paletieris ILERPAL H"},"content":{"rendered":"<p>Autom\u0101tiskais hibr\u012bdmaisu palet\u0113t\u0101js ILERPAL H ir moderns risin\u0101jums industri\u0101lajiem uz\u0146\u0113mumiem, kas v\u0113las optimiz\u0113t savus maisu pale\u0161u procesus. \u0160\u012b iek\u0101rta ir \u013coti efekt\u012bva un prec\u012bza, autom\u0101tiski iekraujot da\u017e\u0101da svara un izm\u0113ra maisus uz palet\u0113m. Pateicoties hibr\u012bdajai strukt\u016brai, tas apvieno augstu veiktsp\u0113ju ar zemu ener\u0123ijas pat\u0113ri\u0146u, lieliski piem\u0113rots augstas intensit\u0101tes ra\u017eo\u0161anas l\u012bnij\u0101m. \u0160o palet\u0113t\u0101ju var viegli piel\u0101got da\u017e\u0101d\u0101m ra\u017eo\u0161anas pras\u012bb\u0101m, t\u0101d\u0113j\u0101di nodro\u0161inot elast\u012bbu un optim\u0101lus rezult\u0101tus.<\/p>\n<p><strong>Specifik\u0101cijas:<\/strong><\/p>\n<table>\n<thead>\n<tr>\n<th><strong>Specifik\u0101cija<\/strong><\/th>\n<th><strong>Noz\u012bme<\/strong><\/th>\n<\/tr>\n<\/thead>\n<tbody>\n<tr>\n<td><strong>Tips<\/strong><\/td>\n<td>Autom\u0101tiskais hibr\u012bda paletieris<\/td>\n<\/tr>\n<tr>\n<td><strong>Performance<\/strong><\/td>\n<td>Gara auguma<\/td>\n<\/tr>\n<tr>\n<td><strong>Piel\u0101go\u0161an\u0101s<\/strong><\/td>\n<td>Somas (da\u017e\u0101di izm\u0113ri un svars)<\/td>\n<\/tr>\n<tr>\n<td><strong>Ener\u0123ijas pat\u0113ri\u0146\u0161<\/strong><\/td>\n<td>Efekt\u012bva<\/td>\n<\/tr>\n<\/tbody>\n<\/table>\n<p>&nbsp;<\/p>","protected":false},"excerpt":{"rendered":"<p>Autom\u0101tiskais hibr\u012bdmaisu palet\u0113t\u0101js ILERPAL H nodro\u0161ina augstu veiktsp\u0113ju un precizit\u0101ti, palet\u0113jot da\u017e\u0101da izm\u0113ra un svara maisus, kas piel\u0101goti intens\u012bvam darbam industri\u0101l\u0101 vid\u0113.<\/p>","protected":false},"featured_media":16933,"template":"","meta":[],"product_cat":[576,764],"product_tag":[],"class_list":{"0":"post-16931","1":"product","2":"type-product","3":"status-publish","4":"has-post-thumbnail","6":"product_cat-pakavimo-transportavimui-irenginiai","7":"product_cat-paletavimo-irenginiai","9":"first","10":"instock","11":"shipping-taxable","12":"product-type-simple"},"_links":{"self":[{"href":"https:\/\/packstera.lt\/lv\/wp-json\/wp\/v2\/product\/16931","targetHints":{"allow":["GET"]}}],"collection":[{"href":"https:\/\/packstera.lt\/lv\/wp-json\/wp\/v2\/product"}],"about":[{"href":"https:\/\/packstera.lt\/lv\/wp-json\/wp\/v2\/types\/product"}],"version-history":[{"count":1,"href":"https:\/\/packstera.lt\/lv\/wp-json\/wp\/v2\/product\/16931\/revisions"}],"predecessor-version":[{"id":16934,"href":"https:\/\/packstera.lt\/lv\/wp-json\/wp\/v2\/product\/16931\/revisions\/16934"}],"wp:featuredmedia":[{"embeddable":true,"href":"https:\/\/packstera.lt\/lv\/wp-json\/wp\/v2\/media\/16933"}],"wp:attachment":[{"href":"https:\/\/packstera.lt\/lv\/wp-json\/wp\/v2\/media?parent=16931"}],"wp:term":[{"taxonomy":"product_cat","embeddable":true,"href":"https:\/\/packstera.lt\/lv\/wp-json\/wp\/v2\/product_cat?post=16931"},{"taxonomy":"product_tag","embeddable":true,"href":"https:\/\/packstera.lt\/lv\/wp-json\/wp\/v2\/product_tag?post=16931"}],"curies":[{"name":"wp","href":"https:\/\/api.w.org\/{rel}","templated":true}]}}