{"id":16932,"date":"2024-09-06T16:01:10","date_gmt":"2024-09-06T13:01:10","guid":{"rendered":"http:\/\/packstera.lt\/?post_type=product&#038;p=16932"},"modified":"2024-09-06T16:06:10","modified_gmt":"2024-09-06T13:06:10","slug":"lieljaudas-robotizetais-paletieris","status":"publish","type":"product","link":"https:\/\/packstera.lt\/lv\/p\/didelio-nasumo-robotinis-paletizatorius\/","title":{"rendered":"Augstas veiktsp\u0113jas robotiz\u0113tais paletieris ILERPAL R"},"content":{"rendered":"<p>Augstas veiktsp\u0113jas robotiz\u0113tais paletieris ILERPAL R ir paredz\u0113ts efekt\u012bvai maisu automatiz\u0101cijai uz palet\u0113m, lai palielin\u0101tu produktivit\u0101ti ra\u017eo\u0161anas l\u012bnij\u0101s. \u0160\u012b sist\u0113ma izmanto uzlabotas robotu rokas, lai \u0101tri un prec\u012bzi novietotu maisus uz palet\u0113m neatkar\u012bgi no to izm\u0113ra un svara. Augstas veiktsp\u0113jas robotu tehnolo\u0123ija nodro\u0161ina \u0101rk\u0101rt\u012bgi \u0101tru darba tempu, vienlaikus saglab\u0101jot elast\u012bbu, lai piel\u0101gotos da\u017e\u0101d\u0101m nozar\u0113m. Tas ir ide\u0101ls risin\u0101jums ra\u017eo\u0161anas l\u012bnij\u0101m, kur svar\u012bga ir augsta veiktsp\u0113ja, optimiz\u0113ts ener\u0123ijas pat\u0113ri\u0146\u0161 un minim\u0101la cilv\u0113ku apkope.<\/p>\n<p><strong>Specifik\u0101cijas:<\/strong><\/p>\n<table>\n<thead>\n<tr>\n<th><strong>Specifik\u0101cija<\/strong><\/th>\n<th><strong>Noz\u012bme<\/strong><\/th>\n<\/tr>\n<\/thead>\n<tbody>\n<tr>\n<td><strong>Tips<\/strong><\/td>\n<td>Robotiskais paletieris<\/td>\n<\/tr>\n<tr>\n<td><strong>Performance<\/strong><\/td>\n<td>Gara auguma<\/td>\n<\/tr>\n<tr>\n<td><strong>Piel\u0101go\u0161an\u0101s<\/strong><\/td>\n<td>Somas (da\u017e\u0101di izm\u0113ri un svari)<\/td>\n<\/tr>\n<tr>\n<td><strong>Elast\u012bgums<\/strong><\/td>\n<td>Da\u017e\u0101du veidu somas<\/td>\n<\/tr>\n<\/tbody>\n<\/table>\n<p>&nbsp;<\/p>","protected":false},"excerpt":{"rendered":"<p>Augstas veiktsp\u0113jas robotiz\u0113tais palet\u0113t\u0101js ILERPAL R automatiz\u0113 maisu palet\u0113\u0161anu, nodro\u0161inot r\u016bpniecisk\u0101s ra\u017eo\u0161anas l\u012bnij\u0101s precizit\u0101ti, \u0101trumu un elast\u012bbu.<\/p>","protected":false},"featured_media":16936,"template":"","meta":[],"product_cat":[576,764],"product_tag":[],"class_list":{"0":"post-16932","1":"product","2":"type-product","3":"status-publish","4":"has-post-thumbnail","6":"product_cat-pakavimo-transportavimui-irenginiai","7":"product_cat-paletavimo-irenginiai","9":"first","10":"instock","11":"shipping-taxable","12":"product-type-simple"},"_links":{"self":[{"href":"https:\/\/packstera.lt\/lv\/wp-json\/wp\/v2\/product\/16932","targetHints":{"allow":["GET"]}}],"collection":[{"href":"https:\/\/packstera.lt\/lv\/wp-json\/wp\/v2\/product"}],"about":[{"href":"https:\/\/packstera.lt\/lv\/wp-json\/wp\/v2\/types\/product"}],"version-history":[{"count":1,"href":"https:\/\/packstera.lt\/lv\/wp-json\/wp\/v2\/product\/16932\/revisions"}],"predecessor-version":[{"id":16937,"href":"https:\/\/packstera.lt\/lv\/wp-json\/wp\/v2\/product\/16932\/revisions\/16937"}],"wp:featuredmedia":[{"embeddable":true,"href":"https:\/\/packstera.lt\/lv\/wp-json\/wp\/v2\/media\/16936"}],"wp:attachment":[{"href":"https:\/\/packstera.lt\/lv\/wp-json\/wp\/v2\/media?parent=16932"}],"wp:term":[{"taxonomy":"product_cat","embeddable":true,"href":"https:\/\/packstera.lt\/lv\/wp-json\/wp\/v2\/product_cat?post=16932"},{"taxonomy":"product_tag","embeddable":true,"href":"https:\/\/packstera.lt\/lv\/wp-json\/wp\/v2\/product_tag?post=16932"}],"curies":[{"name":"wp","href":"https:\/\/api.w.org\/{rel}","templated":true}]}}