{"id":17107,"date":"2025-01-22T13:07:27","date_gmt":"2025-01-22T11:07:27","guid":{"rendered":"http:\/\/packstera.lt\/?post_type=product&#038;p=17107"},"modified":"2026-02-09T15:11:43","modified_gmt":"2026-02-09T13:11:43","slug":"vakuuma-pacelajs-somam","status":"publish","type":"product","link":"https:\/\/packstera.lt\/lv\/p\/vakuuminis-keltuvas-maisams\/","title":{"rendered":"Vakuuma pac\u0113l\u0101js som\u0101m"},"content":{"rendered":"<p>Vakuuminis keltuvas mai\u0161ams \u2013 tai specializuotas sprendimas, skirtas optimizuoti mai\u0161\u0173, sverian\u010di\u0173 iki 65 kg, k\u0117limo darbus. \u0160i sistema idealiai tinka logistikos, sand\u0117liavimo, maisto pramon\u0117s ir \u017eem\u0117s \u016bkio sektoriams, kur da\u017enai keliamos pakuot\u0117s su biriomis ar granuliuotomis med\u017eiagomis..<\/p>\n<p>\u0160is \u012frenginys pasi\u017eymi patogiu pistoletiniu valdymu \u2013 operatorius gali viena ranka lengvai kelti, nuleisti ir valdyti siurbim\u0105. Siurbtukai su specialia forma skirti gerai prilipti prie netaisykling\u0173 pavir\u0161i\u0173 \u2013 \u012fskaitant polietileninius ar audinius primenan\u010dius mai\u0161us.<\/p>\n<p class=\"\" data-start=\"6830\" data-end=\"6859\"><strong data-start=\"6830\" data-end=\"6859\">Tehnisk\u0101s specifik\u0101cijas:<\/strong><\/p>\n<div class=\"_tableContainer_16hzy_1\">\n<div class=\"_tableWrapper_16hzy_14 group flex w-fit flex-col-reverse\" tabindex=\"-1\">\n<table class=\"w-fit min-w-(--thread-content-width)\" data-start=\"6861\" data-end=\"7346\">\n<thead data-start=\"6861\" data-end=\"6930\">\n<tr data-start=\"6861\" data-end=\"6930\">\n<th data-start=\"6861\" data-end=\"6894\" data-col-size=\"sm\">Parametrs<\/th>\n<th data-start=\"6894\" data-end=\"6930\" data-col-size=\"sm\">Noz\u012bme<\/th>\n<\/tr>\n<\/thead>\n<tbody data-start=\"7000\" data-end=\"7346\">\n<tr data-start=\"7000\" data-end=\"7067\">\n<td data-start=\"7000\" data-end=\"7032\" data-col-size=\"sm\">Kravnes\u012bba<\/td>\n<td data-start=\"7032\" data-end=\"7067\" data-col-size=\"sm\">Iki 65 kg<\/td>\n<\/tr>\n<tr data-start=\"7068\" data-end=\"7135\">\n<td data-start=\"7068\" data-end=\"7100\" data-col-size=\"sm\">Paskirtis<\/td>\n<td data-start=\"7100\" data-end=\"7135\" data-col-size=\"sm\">Mai\u0161ai: granul\u0117s, milteliai<\/td>\n<\/tr>\n<tr data-start=\"7136\" data-end=\"7207\">\n<td data-start=\"7136\" data-end=\"7168\" data-col-size=\"sm\">Siurbtuko forma<\/td>\n<td data-start=\"7168\" data-end=\"7207\" data-col-size=\"sm\">Pritaikyta netaisyklingiems mai\u0161ams<\/td>\n<\/tr>\n<tr data-start=\"7208\" data-end=\"7274\">\n<td data-start=\"7208\" data-end=\"7239\" data-col-size=\"sm\">Ergonominis valdymas<\/td>\n<td data-col-size=\"sm\" data-start=\"7239\" data-end=\"7274\">Pistoletinio tipo rankena<\/td>\n<\/tr>\n<tr data-start=\"7275\" data-end=\"7346\">\n<td data-start=\"7275\" data-end=\"7307\" data-col-size=\"sm\">Piel\u0101go\u0161an\u0101s<\/td>\n<td data-col-size=\"sm\" data-start=\"7307\" data-end=\"7346\">Gamybos linijos, logistikos centrai<\/td>\n<\/tr>\n<\/tbody>\n<\/table>\n<div class=\"sticky end-(--thread-content-margin) h-0 self-end select-none\">\n<div class=\"absolute end-0 flex items-end\"><\/div>\n<\/div>\n<\/div>\n<\/div>\n<p class=\"\" data-start=\"7348\" data-end=\"7600\">Sistema gali b\u016bti lengvai pritaikyta prie skirting\u0173 mai\u0161\u0173 dyd\u017ei\u0173 ir med\u017eiag\u0173, pasirenkant tinkam\u0105 siurbtuko tip\u0105. Be to, d\u0117l modulin\u0117s konstrukcijos galima pasirinkti skirtingus tvirtinimo sprendimus: nuo b\u0117gi\u0173 iki mobilios str\u0117l\u0117s ar konsolinio krano.<\/p>\n<p class=\"\" data-start=\"7602\" data-end=\"7797\">Vakuuminis keltuvas ne tik suma\u017eina darbuotojo fizin\u012f kr\u016bv\u012f, bet ir \u017eenkliai padidina darbo na\u0161um\u0105. D\u0117l suma\u017eintos traum\u0173 rizikos galima suma\u017einti prastovas ir pagerinti bendr\u0105 darbo aplink\u0105.<\/p>\n<p class=\"\" data-start=\"7799\" data-end=\"8042\">Sistemoje \u012fdiegtas auk\u0161tas darbo greitis, tod\u0117l ji idealiai tinka greitai vykdomiems procesams \u2013 nuo pakavimo linij\u0173 iki siunt\u0173 paruo\u0161imo. Tai ekonomi\u0161kas, bet profesionalus pasirinkimas \u012fmon\u0117ms, kurios siekia efektyvumo ir darbuotoj\u0173 saugumo.<\/p>\n<p>Ja jums ir konkr\u0113tas pras\u012bbas, varat konsult\u0113ties ar m\u016bsu speci\u0101listiem \u2013 m\u0113s pal\u012bdz\u0113sim izv\u0113l\u0113ties optim\u0101l\u0101ko risin\u0101jumu.<\/p>\n<p>JLM Teknik ir D\u0101nijas uz\u0146\u0113mums ar vair\u0101k nek\u0101 25 gadu pieredzi, kas specializ\u0113jas vakuuma pacel\u0161anas risin\u0101jumu izstr\u0101d\u0113 un ra\u017eo\u0161an\u0101. K\u0101 uzticams partneris JLM Teknik ir slavens ar augstas kvalit\u0101tes produktiem, ergonomiskiem risin\u0101jumiem un sp\u0113ju piel\u0101got apr\u012bkojumu individu\u0101laj\u0101m klientu vajadz\u012bb\u0101m. Vi\u0146u Alpha, My un Tau vakuuma pac\u0113l\u0101ji nodro\u0161ina dro\u0161u, efekt\u012bvu un vienk\u0101r\u0161u lieto\u0161anu ikdienas ra\u017eo\u0161an\u0101 un lo\u0123istik\u0101, veicinot lab\u0101ku darba vidi.<\/p>\n<p>&nbsp;<\/p>\n<p><strong><a href=\"https:\/\/jlmteknik.dk\/wp-content\/uploads\/2024\/09\/JLM-teknik_katalog_ALFA-MY-TAU_A4-2024_en-GB_WEB.pdf\" target=\"_blank\" rel=\"noopener\">Detaliz\u0113t\u0101ka ra\u017eot\u0101ja specifik\u0101cija un pieejamie sist\u0113mas piederumi atrodami \u0161eit<\/a><\/strong><\/p>\n<div id=\"gtx-trans\" style=\"position: absolute; left: -15px; top: 646px;\">\n<div class=\"gtx-trans-icon\"><\/div>\n<\/div>","protected":false},"excerpt":{"rendered":"<p>Vakuuminis keltuvas mai\u0161ams \u2013 tai efektyvus sprendimas greitam ir saugiam mai\u0161\u0173 iki 65 kg k\u0117limui logistikos, sand\u0117liavimo ar gamybos aplinkoje. \u012eranga leid\u017eia darbuotojams lengvai ir be pastang\u0173 perkelti sunkesnius krovinius, tokius kaip granul\u0117s, milteliai ar birios med\u017eiagos supakuotos mai\u0161uose. Kompakti\u0161kas dizainas ir ergonominis valdymas u\u017etikrina greit\u0105 operatoriaus darbo temp\u0105 ir suma\u017eina traum\u0173 rizik\u0105. Sistema gali b\u016bti pritaikyta \u012fvairaus dyd\u017eio mai\u0161ams, kei\u010diant siurbtuk\u0173 tipus. Keltuvas u\u017etikrina produktyvum\u0105 ir darbo saug\u0105 net ribotose erdv\u0117se.<\/p>","protected":false},"featured_media":17165,"template":"","meta":[],"product_cat":[549,646],"product_tag":[],"class_list":{"0":"post-17107","1":"product","2":"type-product","3":"status-publish","4":"has-post-thumbnail","6":"product_brand-jlmteknik","7":"product_cat-vakuuminiai-keltuvai","8":"product_cat-vakuumines-kelimo-sistemos","10":"first","11":"instock","12":"shipping-taxable","13":"product-type-simple"},"_links":{"self":[{"href":"https:\/\/packstera.lt\/lv\/wp-json\/wp\/v2\/product\/17107","targetHints":{"allow":["GET"]}}],"collection":[{"href":"https:\/\/packstera.lt\/lv\/wp-json\/wp\/v2\/product"}],"about":[{"href":"https:\/\/packstera.lt\/lv\/wp-json\/wp\/v2\/types\/product"}],"version-history":[{"count":6,"href":"https:\/\/packstera.lt\/lv\/wp-json\/wp\/v2\/product\/17107\/revisions"}],"predecessor-version":[{"id":17739,"href":"https:\/\/packstera.lt\/lv\/wp-json\/wp\/v2\/product\/17107\/revisions\/17739"}],"wp:featuredmedia":[{"embeddable":true,"href":"https:\/\/packstera.lt\/lv\/wp-json\/wp\/v2\/media\/17165"}],"wp:attachment":[{"href":"https:\/\/packstera.lt\/lv\/wp-json\/wp\/v2\/media?parent=17107"}],"wp:term":[{"taxonomy":"product_cat","embeddable":true,"href":"https:\/\/packstera.lt\/lv\/wp-json\/wp\/v2\/product_cat?post=17107"},{"taxonomy":"product_tag","embeddable":true,"href":"https:\/\/packstera.lt\/lv\/wp-json\/wp\/v2\/product_tag?post=17107"}],"curies":[{"name":"wp","href":"https:\/\/api.w.org\/{rel}","templated":true}]}}