{"id":17110,"date":"2025-01-22T13:08:20","date_gmt":"2025-01-22T11:08:20","guid":{"rendered":"http:\/\/packstera.lt\/?post_type=product&#038;p=17110"},"modified":"2026-02-09T15:11:16","modified_gmt":"2026-02-09T13:11:16","slug":"vakuuma-pacelajs-plaksnem","status":"publish","type":"product","link":"https:\/\/packstera.lt\/lv\/p\/vakuuminis-keltuvas-plokstems\/","title":{"rendered":"Vakuuma pac\u0113l\u0101js pane\u013ciem"},"content":{"rendered":"<p>Vakuuma pac\u0113l\u0101js pl\u0101tn\u0113m ir jaud\u012bgs un uzticams risin\u0101jums da\u017e\u0101da veida pl\u0101t\u0146u transport\u0113\u0161anai un sakrau\u0161anai. \u0160\u012b ier\u012bce ne tikai atvieglo darba pl\u016bsmu, bet ar\u012b nodro\u0161ina efektivit\u0101ti un dro\u0161\u012bbu j\u016bsu uz\u0146\u0113mum\u0101.<\/p>\n<p>M\u016bsu vakuuma pac\u0113l\u0101jus var piel\u0101got j\u016bsu \u012bpa\u0161aj\u0101m vajadz\u012bb\u0101m attiec\u012bb\u0101 uz pane\u013ca svaru, izm\u0113riem, dizainu, materi\u0101lu un virsmas \u012bpa\u0161\u012bb\u0101m. Neatkar\u012bgi no t\u0101, vai pane\u013ci ir smagi vai viegli, izgatavoti no met\u0101la, koka vai citiem materi\u0101liem, m\u0113s pied\u0101v\u0101sim optim\u0101lo risin\u0101jumu. Pac\u0113l\u0101js nodro\u0161ina vieglu pane\u013cu p\u0101rvieto\u0161anu no vienas vietas uz otru un no zem\u0101m poz\u012bcij\u0101m uz augst\u0101k\u0101m.<\/p>\n<p>JLM Teknik ir D\u0101nijas uz\u0146\u0113mums ar vair\u0101k nek\u0101 25 gadu pieredzi, kas specializ\u0113jas vakuuma pacel\u0161anas risin\u0101jumu izstr\u0101d\u0113 un ra\u017eo\u0161an\u0101. K\u0101 uzticams partneris JLM Teknik ir slavens ar augstas kvalit\u0101tes produktiem, ergonomiskiem risin\u0101jumiem un sp\u0113ju piel\u0101got apr\u012bkojumu individu\u0101laj\u0101m klientu vajadz\u012bb\u0101m. Vi\u0146u Alpha, My un Tau vakuuma pac\u0113l\u0101ji nodro\u0161ina dro\u0161u, efekt\u012bvu un vienk\u0101r\u0161u lieto\u0161anu ikdienas ra\u017eo\u0161an\u0101 un lo\u0123istik\u0101, veicinot lab\u0101ku darba vidi.<\/p>\n<p class=\"\" data-start=\"839\" data-end=\"1174\">Vakuuma pac\u0113l\u0101js ir paredz\u0113ts kravu, kuru svars ir no 20 l\u012bdz 230 kg, dro\u0161ai, ergonomiskai un efekt\u012bvai pacel\u0161anai un p\u0101rvieto\u0161anai. Pateicoties iztur\u012bgajam dizainam un daudzpus\u012bgajai modul\u0101rajai sist\u0113mai, \u0161is vakuuma pac\u0113l\u0101js ir lieliski piem\u0113rots da\u017e\u0101d\u0101m nozar\u0113m \u2013 s\u0101kot no met\u0101lapstr\u0101des un m\u0113be\u013cu ra\u017eo\u0161anas l\u012bdz b\u016bvniec\u012bbai vai lo\u0123istikai.<\/p>\n<p class=\"\" data-start=\"1176\" data-end=\"1462\">Sist\u0113ma ir ide\u0101li piem\u0113rota plakanu materi\u0101lu \u2013 MDF, OSB, sapl\u0101k\u0161\u0146a, stikla, plastmasas vai lok\u0161\u0146u met\u0101la \u2013 cel\u0161anai gan horizont\u0101li, gan vertik\u0101li. Pieejamie mode\u013ci ar fiks\u0113tu vai rot\u0113jo\u0161u\/elast\u012bgu roku \u013cauj manipul\u0113t ar pane\u013ciem, apgrie\u017eot vai pagrie\u017eot tos l\u012bdz pat 180\u00b0.<\/p>\n<p class=\"\" data-start=\"1464\" data-end=\"1718\">Pacel\u0161anas dro\u0161\u012bbas sist\u0113ma nodro\u0161ina, ka pat str\u0101vas padeves vai vakuuma spiediena p\u0101rtraukuma gad\u012bjum\u0101 krava negaid\u012bti netiks atbr\u012bvota \u2014 t\u0101 stabili paliek viet\u0101, l\u012bdz sasniedz dro\u0161u virsmu. Tas ir \u012bpa\u0161i svar\u012bgi, str\u0101d\u0101jot ar trausliem vai d\u0101rgiem priek\u0161metiem.<\/p>\n<p class=\"\" data-start=\"1720\" data-end=\"1749\"><strong data-start=\"1720\" data-end=\"1749\">Tehnisk\u0101s specifik\u0101cijas:<\/strong><\/p>\n<div class=\"_tableContainer_16hzy_1\">\n<div class=\"_tableWrapper_16hzy_14 group flex w-fit flex-col-reverse\" tabindex=\"-1\">\n<table class=\"w-fit min-w-(--thread-content-width)\" data-start=\"1751\" data-end=\"2315\">\n<thead data-start=\"1751\" data-end=\"1822\">\n<tr data-start=\"1751\" data-end=\"1822\">\n<th data-start=\"1751\" data-end=\"1784\" data-col-size=\"sm\">Parametrs<\/th>\n<th data-start=\"1784\" data-end=\"1822\" data-col-size=\"sm\">Noz\u012bme<\/th>\n<\/tr>\n<\/thead>\n<tbody data-start=\"1894\" data-end=\"2315\">\n<tr data-start=\"1894\" data-end=\"1963\">\n<td data-start=\"1894\" data-end=\"1926\" data-col-size=\"sm\">Kravnes\u012bba<\/td>\n<td data-col-size=\"sm\" data-start=\"1926\" data-end=\"1963\">20\u2013230 kg<\/td>\n<\/tr>\n<tr data-start=\"1964\" data-end=\"2033\">\n<td data-start=\"1964\" data-end=\"1996\" data-col-size=\"sm\">Apstiprin\u0101jums<\/td>\n<td data-col-size=\"sm\" data-start=\"1996\" data-end=\"2033\">Uz celt\u0146a, traversas vai str\u0113les<\/td>\n<\/tr>\n<tr data-start=\"2034\" data-end=\"2103\">\n<td data-start=\"2034\" data-end=\"2066\" data-col-size=\"sm\">Virsmas poz\u012bcija<\/td>\n<td data-col-size=\"sm\" data-start=\"2066\" data-end=\"2103\">Horizont\u0101li\/vertik\u0101li<\/td>\n<\/tr>\n<tr data-start=\"2104\" data-end=\"2173\">\n<td data-start=\"2104\" data-end=\"2136\" data-col-size=\"sm\">Apgrie\u0161anas funkcija<\/td>\n<td data-col-size=\"sm\" data-start=\"2136\" data-end=\"2173\">Iesp\u0113jams (l\u012bdz 180\u00b0)<\/td>\n<\/tr>\n<tr data-start=\"2174\" data-end=\"2243\">\n<td data-start=\"2174\" data-end=\"2206\" data-col-size=\"sm\">Vakuuma aizsardz\u012bba<\/td>\n<td data-col-size=\"sm\" data-start=\"2206\" data-end=\"2243\">Ar av\u0101rijas aptur\u0113\u0161anu<\/td>\n<\/tr>\n<tr data-start=\"2244\" data-end=\"2315\">\n<td data-start=\"2244\" data-end=\"2276\" data-col-size=\"sm\">Piel\u0101go\u0161an\u0101s<\/td>\n<td data-col-size=\"sm\" data-start=\"2276\" data-end=\"2315\">Pane\u013ci: koks, stikls, met\u0101ls<\/td>\n<\/tr>\n<\/tbody>\n<\/table>\n<div class=\"sticky end-(--thread-content-margin) h-0 self-end select-none\">\n<div class=\"absolute end-0 flex items-end\"><\/div>\n<\/div>\n<\/div>\n<\/div>\n<p class=\"\" data-start=\"2317\" data-end=\"2590\">M\u0113s varam pied\u0101v\u0101t pla\u0161u da\u017e\u0101du pacel\u0161anas galvu izv\u0113li \u2013 s\u0101kot no maz\u0101k\u0101m \u0161aur\u0101kiem objektiem l\u012bdz liel\u0101m, kas piem\u0113rotas lieliem virsmas materi\u0101liem. Pac\u0113l\u0101ja vad\u012bbu var piel\u0101got operatora vajadz\u012bb\u0101m: no manu\u0101las vad\u012bbas l\u012bdz t\u0101lvad\u012bbas pult\u012bm.<\/p>\n<p class=\"\" data-start=\"2592\" data-end=\"2847\">Turkl\u0101t ier\u012bci var kombin\u0113t ar da\u017e\u0101d\u0101m travers\u0101m, celt\u0146iem vai slie\u017eu sist\u0113m\u0101m, kas \u013cauj \u0113rti p\u0101rvietoties darba telp\u0101. Vakuuma pac\u0113l\u0101jus var uzst\u0101d\u012bt ar\u012b uz mobilas kolonnas, palielinot darba zonas elast\u012bbu.<\/p>\n<p class=\"\" data-start=\"2849\" data-end=\"3048\">T\u0101 ir profesion\u0101la izv\u0113le uz\u0146\u0113mumiem, kas augstu v\u0113rt\u0113 produktivit\u0101ti, darba dro\u0161\u012bbu un darbinieku komfortu. Pac\u0113l\u0101js ne tikai samazina darbinieku fizisko slodzi, bet ar\u012b iev\u0113rojami sa\u012bsina cel\u0161anas laiku.<\/p>\n<p><strong><a href=\"https:\/\/jlmteknik.dk\/wp-content\/uploads\/2024\/09\/JLM-teknik_katalog_ALFA-MY-TAU_A4-2024_en-GB_WEB.pdf\" target=\"_blank\" rel=\"noopener\">Detaliz\u0113t\u0101ka ra\u017eot\u0101ja specifik\u0101cija un pieejamie sist\u0113mas piederumi atrodami \u0161eit<\/a><\/strong><\/p>","protected":false},"excerpt":{"rendered":"<p>Vakuuma pl\u0101k\u0161\u0146u pac\u0113l\u0101js ir jaud\u012bgs un daudzpus\u012bgs risin\u0101jums smagu un lielu pl\u0101k\u0161\u0146u, piem\u0113ram, koka, met\u0101la vai plastmasas, pacel\u0161anai. Sist\u0113ma ir paredz\u0113ta kravu l\u012bdz 230 kg apstr\u0101dei, un tai ir modul\u0101rs dizains, kas \u013cauj to viegli piel\u0101got da\u017e\u0101diem darba uzdevumiem. Ide\u0101li piem\u0113rots r\u016bpniec\u012bbas sektoram, kur nepiecie\u0161ama prec\u012bza, dro\u0161a un efekt\u012bva materi\u0101lu apstr\u0101de. \u0112rta vad\u012bba, adapt\u012bva s\u016bk\u0161anas sist\u0113ma un integr\u0113ts dro\u0161\u012bbas meh\u0101nisms \u013cauj operatoriem str\u0101d\u0101t \u0101tri un bez papildu riska. \u0160\u012b ier\u012bce ir ilgtermi\u0146a ieguld\u012bjums produkt\u012bv\u0101k\u0101 un ergonomisk\u0101k\u0101 darba vid\u0113.<\/p>\n<div id=\"gtx-trans\" style=\"position: absolute; left: 224px; top: 37px;\">\n<div class=\"gtx-trans-icon\"><\/div>\n<\/div>","protected":false},"featured_media":17153,"template":"","meta":[],"product_cat":[549,646],"product_tag":[],"class_list":{"0":"post-17110","1":"product","2":"type-product","3":"status-publish","4":"has-post-thumbnail","6":"product_brand-jlmteknik","7":"product_cat-vakuuminiai-keltuvai","8":"product_cat-vakuumines-kelimo-sistemos","10":"first","11":"instock","12":"shipping-taxable","13":"product-type-simple"},"_links":{"self":[{"href":"https:\/\/packstera.lt\/lv\/wp-json\/wp\/v2\/product\/17110","targetHints":{"allow":["GET"]}}],"collection":[{"href":"https:\/\/packstera.lt\/lv\/wp-json\/wp\/v2\/product"}],"about":[{"href":"https:\/\/packstera.lt\/lv\/wp-json\/wp\/v2\/types\/product"}],"version-history":[{"count":6,"href":"https:\/\/packstera.lt\/lv\/wp-json\/wp\/v2\/product\/17110\/revisions"}],"predecessor-version":[{"id":17737,"href":"https:\/\/packstera.lt\/lv\/wp-json\/wp\/v2\/product\/17110\/revisions\/17737"}],"wp:featuredmedia":[{"embeddable":true,"href":"https:\/\/packstera.lt\/lv\/wp-json\/wp\/v2\/media\/17153"}],"wp:attachment":[{"href":"https:\/\/packstera.lt\/lv\/wp-json\/wp\/v2\/media?parent=17110"}],"wp:term":[{"taxonomy":"product_cat","embeddable":true,"href":"https:\/\/packstera.lt\/lv\/wp-json\/wp\/v2\/product_cat?post=17110"},{"taxonomy":"product_tag","embeddable":true,"href":"https:\/\/packstera.lt\/lv\/wp-json\/wp\/v2\/product_tag?post=17110"}],"curies":[{"name":"wp","href":"https:\/\/api.w.org\/{rel}","templated":true}]}}