{"id":17111,"date":"2025-01-22T13:08:24","date_gmt":"2025-01-22T11:08:24","guid":{"rendered":"http:\/\/packstera.lt\/?post_type=product&#038;p=17111"},"modified":"2026-02-09T15:11:09","modified_gmt":"2026-02-09T13:11:09","slug":"vakuuma-pacelajs-stiklam","status":"publish","type":"product","link":"https:\/\/packstera.lt\/lv\/p\/vakuuminis-keltuvas-stiklui\/","title":{"rendered":"Vakuuma pac\u0113l\u0101js stiklam"},"content":{"rendered":"<p>Vakuuma pac\u0113l\u0101js stiklam ir uzticams un dro\u0161s risin\u0101jums stikla sekciju un logu pacel\u0161anai. Pacel\u0161anas process prasa \u012bpa\u0161u dro\u0161\u012bbu, un m\u016bsu partneri JLM teknik gadu gait\u0101 ir uzlaboju\u0161i risin\u0101jumus, izmantojot vakuuma pac\u0113l\u0101jus stikla un logu transport\u0113\u0161anai. \u0160os risin\u0101jumus esam veiksm\u012bgi ieviesu\u0161i gandr\u012bz visiem stikla un logu ra\u017eot\u0101jiem D\u0101nij\u0101.<\/p>\n<p>M\u016bsu vakuuma pac\u0113l\u0101ji ir paredz\u0113ti visda\u017e\u0101d\u0101kaj\u0101m stikla un logu vajadz\u012bb\u0101m. M\u0113s pied\u0101v\u0101jam vakuuma siju un stikla pac\u0113l\u0101ju standarta programmu, kuru varat apskat\u012bt m\u016bsu produktu sada\u013c\u0101. Turkl\u0101t m\u0113s piel\u0101gojam pacel\u0161anas sijas un domkratus atbilsto\u0161i j\u016bsu produktu \u012bpa\u0161aj\u0101m pras\u012bb\u0101m. Varam pied\u0101v\u0101t ar\u012b pilnu risin\u0101jumu, kas ietver celtni, pac\u0113l\u0101ju un pacel\u0161anas siju.<\/p>\n<p class=\"\" data-start=\"3732\" data-end=\"4056\">Lifts ir ekonomisks, bet funkcion\u0101ls risin\u0101jums vieglu un vid\u0113ja izm\u0113ra produktu cel\u0161anai. Sist\u0113mai ir ergonomisks dizains un viegla konstrukcija, kas \u013cauj operatoram \u0101tri un prec\u012bzi manipul\u0113t ar objektiem, piem\u0113ram, stikla loksn\u0113m, pl\u0101n\u0101m pl\u0101ksn\u0113m, kast\u0113m vai plastmasas iepakojumu.<\/p>\n<p class=\"\" data-start=\"4058\" data-end=\"4328\">\u0160\u012b vakuuma pacel\u0161anas sist\u0113ma ir ide\u0101li piem\u0113rota stikla iepako\u0161anai vai mont\u0101\u017eas darb\u012bb\u0101m, kur\u0101s nepiecie\u0161ama prec\u012bza pozicion\u0113\u0161ana un jut\u012bga virsmas kontrole. Pateicoties zemajam pies\u016bcek\u0146a spiedienam un prec\u012bzajai vad\u012bbai, MY sist\u0113ma neatst\u0101j p\u0113das pat uz \u013coti jut\u012bga stikla.<\/p>\n<p class=\"\" data-start=\"4330\" data-end=\"4359\"><strong data-start=\"4330\" data-end=\"4359\">Tehnisk\u0101s specifik\u0101cijas:<\/strong><\/p>\n<div class=\"_tableContainer_16hzy_1\">\n<div class=\"_tableWrapper_16hzy_14 group flex w-fit flex-col-reverse\" tabindex=\"-1\">\n<table class=\"w-fit min-w-(--thread-content-width)\" data-start=\"4361\" data-end=\"4858\">\n<thead data-start=\"4361\" data-end=\"4432\">\n<tr data-start=\"4361\" data-end=\"4432\">\n<th data-start=\"4361\" data-end=\"4394\" data-col-size=\"sm\">Parametrs<\/th>\n<th data-start=\"4394\" data-end=\"4432\" data-col-size=\"sm\">Noz\u012bme<\/th>\n<\/tr>\n<\/thead>\n<tbody data-start=\"4504\" data-end=\"4858\">\n<tr data-start=\"4504\" data-end=\"4573\">\n<td data-start=\"4504\" data-end=\"4536\" data-col-size=\"sm\">Kravnes\u012bba<\/td>\n<td data-col-size=\"sm\" data-start=\"4536\" data-end=\"4573\">L\u012bdz 80 kg<\/td>\n<\/tr>\n<tr data-start=\"4574\" data-end=\"4643\">\n<td data-start=\"4574\" data-end=\"4606\" data-col-size=\"sm\">Galvenais m\u0113r\u0137is<\/td>\n<td data-col-size=\"sm\" data-start=\"4606\" data-end=\"4643\">Stikls, plastmasa, kastes<\/td>\n<\/tr>\n<tr data-start=\"4644\" data-end=\"4713\">\n<td data-start=\"4644\" data-end=\"4676\" data-col-size=\"sm\">Trok\u0161\u0146a l\u012bmenis<\/td>\n<td data-col-size=\"sm\" data-start=\"4676\" data-end=\"4713\">Samazin\u0101ts<\/td>\n<\/tr>\n<tr data-start=\"4714\" data-end=\"4783\">\n<td data-start=\"4714\" data-end=\"4746\" data-col-size=\"sm\">Pacel\u0161anas \u0101trums<\/td>\n<td data-col-size=\"sm\" data-start=\"4746\" data-end=\"4783\">Gara auguma<\/td>\n<\/tr>\n<tr data-start=\"4784\" data-end=\"4858\">\n<td data-start=\"4784\" data-end=\"4816\" data-col-size=\"sm\">Ergonomika<\/td>\n<td data-start=\"4816\" data-end=\"4858\" data-col-size=\"sm\">Intuit\u012bva vad\u012bba, viegli apg\u016bstama<\/td>\n<\/tr>\n<\/tbody>\n<\/table>\n<div class=\"sticky end-(--thread-content-margin) h-0 self-end select-none\">\n<div class=\"absolute end-0 flex items-end\"><\/div>\n<\/div>\n<\/div>\n<\/div>\n<p class=\"\" data-start=\"4860\" data-end=\"5169\">Sist\u0113mu vada ar ergonomisku rokturi, kas nodro\u0161ina intuit\u012bvu augstuma un s\u016bk\u0161anas kontroles regul\u0113\u0161anu. Tas \u013cauj darbiniekiem \u012bs\u0101 laik\u0101 apg\u016bt ier\u012bces lieto\u0161anu un palielin\u0101t darba produktivit\u0101ti. Pateicoties nelielajam svaram un elast\u012bbai, MY ir ide\u0101li piem\u0113rots uz\u0146\u0113mumiem, kuros main\u0101s cel\u0161anas uzdevumi vai darba zonas.<\/p>\n<p class=\"\" data-start=\"5171\" data-end=\"5377\">MY sist\u0113ma izce\u013cas ar\u012b ar zemo trok\u0161\u0146a l\u012bmeni, kas ir svar\u012bgi, str\u0101d\u0101jot telp\u0101s, kur nepiecie\u0161ams samazin\u0101t fona troksni, piem\u0113ram, mont\u0101\u017eas darbn\u012bc\u0101s vai ra\u017eo\u0161anas zon\u0101s, kur vienlaikus str\u0101d\u0101 vair\u0101ki darbinieki.<\/p>\n<p class=\"\" data-start=\"5379\" data-end=\"5564\">Integr\u0101cija eso\u0161aj\u0101 darba vid\u0113 ir vienk\u0101r\u0161a \u2014 sist\u0113mu var uzst\u0101d\u012bt uz plaukta, slie\u017eu sist\u0113mas vai konsoles celt\u0146a. Mobil\u0101s b\u0101zes var izmantot ar\u012b maz\u0101k\u0101s telp\u0101s.<\/p>\n<p><strong><a href=\"https:\/\/jlmteknik.dk\/wp-content\/uploads\/2024\/09\/JLM-teknik_katalog_ALFA-MY-TAU_A4-2024_en-GB_WEB.pdf\" target=\"_blank\" rel=\"noopener\">Detaliz\u0113t\u0101ka ra\u017eot\u0101ja specifik\u0101cija un pieejamie sist\u0113mas piederumi atrodami \u0161eit<\/a><\/strong><\/p>","protected":false},"excerpt":{"rendered":"<p>Vakuuma stikla pac\u0113l\u0101js ir viegla, kompakta ier\u012bce, kas paredz\u0113ta priek\u0161metu, kuru svars ir l\u012bdz 80 kg, pacel\u0161anai. Pateicoties \u0101rk\u0101rt\u012bgi prec\u012bzajai s\u016bk\u0161anai un mazajam svaram, \u0161is modelis ir ide\u0101li piem\u0113rots darbam ar stiklu, \u012bpa\u0161i, ja nepiecie\u0161ama prec\u012bza pozicion\u0113\u0161ana un dro\u0161a p\u0101rvieto\u0161ana. MY sist\u0113mai ir ergonomiskas vad\u012bbas ier\u012bces, zems trok\u0161\u0146a l\u012bmenis un iesp\u0113ja \u0101tri regul\u0113t augstumu. \u0160\u012b ir lieliska izv\u0113le lo\u0123istikai, noliktav\u0101m vai ra\u017eo\u0161anai, kur tiek celti daudzi mazi vai vid\u0113ja izm\u0113ra priek\u0161meti. Sist\u0113mu var viegli piel\u0101got ierobe\u017eotai darba vietai.<\/p>","protected":false},"featured_media":17144,"template":"","meta":[],"product_cat":[549,646],"product_tag":[],"class_list":{"0":"post-17111","1":"product","2":"type-product","3":"status-publish","4":"has-post-thumbnail","6":"product_brand-jlmteknik","7":"product_cat-vakuuminiai-keltuvai","8":"product_cat-vakuumines-kelimo-sistemos","10":"first","11":"instock","12":"shipping-taxable","13":"product-type-simple"},"_links":{"self":[{"href":"https:\/\/packstera.lt\/lv\/wp-json\/wp\/v2\/product\/17111","targetHints":{"allow":["GET"]}}],"collection":[{"href":"https:\/\/packstera.lt\/lv\/wp-json\/wp\/v2\/product"}],"about":[{"href":"https:\/\/packstera.lt\/lv\/wp-json\/wp\/v2\/types\/product"}],"version-history":[{"count":8,"href":"https:\/\/packstera.lt\/lv\/wp-json\/wp\/v2\/product\/17111\/revisions"}],"predecessor-version":[{"id":17736,"href":"https:\/\/packstera.lt\/lv\/wp-json\/wp\/v2\/product\/17111\/revisions\/17736"}],"wp:featuredmedia":[{"embeddable":true,"href":"https:\/\/packstera.lt\/lv\/wp-json\/wp\/v2\/media\/17144"}],"wp:attachment":[{"href":"https:\/\/packstera.lt\/lv\/wp-json\/wp\/v2\/media?parent=17111"}],"wp:term":[{"taxonomy":"product_cat","embeddable":true,"href":"https:\/\/packstera.lt\/lv\/wp-json\/wp\/v2\/product_cat?post=17111"},{"taxonomy":"product_tag","embeddable":true,"href":"https:\/\/packstera.lt\/lv\/wp-json\/wp\/v2\/product_tag?post=17111"}],"curies":[{"name":"wp","href":"https:\/\/api.w.org\/{rel}","templated":true}]}}