{"id":17112,"date":"2025-01-22T13:08:28","date_gmt":"2025-01-22T11:08:28","guid":{"rendered":"http:\/\/packstera.lt\/?post_type=product&#038;p=17112"},"modified":"2026-02-09T15:11:04","modified_gmt":"2026-02-09T13:11:04","slug":"vakuuma-pacelajs-dazadiem-produktiem","status":"publish","type":"product","link":"https:\/\/packstera.lt\/lv\/p\/vakuuminis-keltuvas-ivairiems-produktams\/","title":{"rendered":"Vakuuma pac\u0113l\u0101js da\u017e\u0101diem produktiem"},"content":{"rendered":"<p class=\"\" data-start=\"914\" data-end=\"1213\">Vakuuma pac\u0113l\u0101js da\u017e\u0101diem produktiem - Ja starp kategorij\u0101m neatrad\u0101t \u012bsto preci, pied\u0101v\u0101jam apskat\u012bt m\u016bsu individu\u0101lo risin\u0101jumu kl\u0101stu. M\u016bsu partneri JLM teknik gadu gait\u0101 ir izstr\u0101d\u0101ju\u0161i daudz unik\u0101lu risin\u0101jumu da\u017e\u0101diem uzdevumiem un vid\u0113m.<\/p>\n<p>Keltuvas sukurtas optimizuoti kasdienius k\u0117limo darbus, kuri\u0173 metu reikia saugiai ir greitai kelti iki 65 kg sverian\u010dius objektus. Sistema pasi\u017eymi itin kompakti\u0161ku dizainu, tod\u0117l puikiai tinka naudoti ribotose darbo vietose, tokiose kaip sand\u0117liai, pakavimo zonos ar gamybos linijos.<\/p>\n<p class=\"\" data-start=\"1215\" data-end=\"1524\">Vienas pagrindini\u0173 privalum\u0173 \u2013 pistoletinio tipo valdymo rankena, leid\u017eianti operatoriui tiksliai ir greitai valdyti k\u0117limo proces\u0105. Vartotojas gali intuityviai reguliuoti k\u0117limo auk\u0161t\u012f, siurbim\u0105 ir paleidim\u0105 viena ranka. Tai itin svarbu darbo ergonomikai \u2013 suma\u017einamas kr\u016bvis nugarai, pe\u010diams ir rankoms.<\/p>\n<p class=\"\" data-start=\"1526\" data-end=\"1772\">Vakuuminis keltuvas taip pat pasi\u017eymi lankstumu. Sistema gali b\u016bti pritaikoma \u012fvairi\u0173 form\u0173 ir pavir\u0161i\u0173 gaminiams, kei\u010diant siurbtukus ar priedus. Tinka pakuot\u0117ms, kartonin\u0117ms d\u0117\u017e\u0117ms, plastiko komponentams, net ma\u017eesniems mai\u0161ams ar d\u0117\u017eut\u0117ms.<\/p>\n<p class=\"\" data-start=\"1774\" data-end=\"1803\"><strong data-start=\"1774\" data-end=\"1803\">Tehnisk\u0101s specifik\u0101cijas:<\/strong><\/p>\n<div class=\"_tableContainer_16hzy_1\">\n<div class=\"_tableWrapper_16hzy_14 group flex w-fit flex-col-reverse\" tabindex=\"-1\">\n<table class=\"w-fit min-w-(--thread-content-width)\" data-start=\"1805\" data-end=\"2269\">\n<thead data-start=\"1805\" data-end=\"1872\">\n<tr data-start=\"1805\" data-end=\"1872\">\n<th data-start=\"1805\" data-end=\"1838\" data-col-size=\"sm\">Parametrs<\/th>\n<th data-start=\"1838\" data-end=\"1872\" data-col-size=\"sm\">Noz\u012bme<\/th>\n<\/tr>\n<\/thead>\n<tbody data-start=\"1940\" data-end=\"2269\">\n<tr data-start=\"1940\" data-end=\"2005\">\n<td data-start=\"1940\" data-end=\"1972\" data-col-size=\"sm\">Maks. celtsp\u0113ja<\/td>\n<td data-col-size=\"sm\" data-start=\"1972\" data-end=\"2005\">Iki 65 kg<\/td>\n<\/tr>\n<tr data-start=\"2006\" data-end=\"2071\">\n<td data-start=\"2006\" data-end=\"2038\" data-col-size=\"sm\">Kontroles veids<\/td>\n<td data-col-size=\"sm\" data-start=\"2038\" data-end=\"2071\">Pistoletinio tipo rankena<\/td>\n<\/tr>\n<tr data-start=\"2072\" data-end=\"2137\">\n<td data-start=\"2072\" data-end=\"2104\" data-col-size=\"sm\">Siurbimo sistema<\/td>\n<td data-start=\"2104\" data-end=\"2137\" data-col-size=\"sm\">Vakuumin\u0117, su greitu atsaku<\/td>\n<\/tr>\n<tr data-start=\"2138\" data-end=\"2203\">\n<td data-start=\"2138\" data-end=\"2170\" data-col-size=\"sm\">Apstiprin\u0101jums<\/td>\n<td data-col-size=\"sm\" data-start=\"2170\" data-end=\"2203\">Lubinis b\u0117gi\u0173 arba str\u0117l\u0117s<\/td>\n<\/tr>\n<tr data-start=\"2204\" data-end=\"2269\">\n<td data-start=\"2204\" data-end=\"2236\" data-col-size=\"sm\">Piel\u0101go\u0161an\u0101s<\/td>\n<td data-col-size=\"sm\" data-start=\"2236\" data-end=\"2269\">\u012evairios formos ir med\u017eiagos<\/td>\n<\/tr>\n<\/tbody>\n<\/table>\n<div class=\"sticky end-(--thread-content-margin) h-0 self-end select-none\">\n<div class=\"absolute end-0 flex items-end\"><\/div>\n<\/div>\n<\/div>\n<\/div>\n<p class=\"\" data-start=\"2271\" data-end=\"2609\">K\u0117limo sistema lengvai integruojama su JLM Teknik si\u016blomomis b\u0117gi\u0173 sistemomis arba stacionariomis kolonomis. Sistema nereikalauja sud\u0117tingos prie\u017ei\u016bros \u2013 tai patikima, ekonomi\u0161ka \u012franga, padedanti suma\u017einti darbuotoj\u0173 fizin\u012f kr\u016bv\u012f ir pagerinti darbo eig\u0105. D\u0117l modulin\u0117s konstrukcijos galima greitai pritaikyti sistem\u0105 konkretiems poreikiams.<\/p>\n<p class=\"\" data-start=\"2611\" data-end=\"2820\">Vakuuminis keltuvas \u2013 tai investicija \u012f saugesn\u0119 ir efektyvesn\u0119 darbo aplink\u0105. Pasirink\u0119 \u0161\u012f sprendim\u0105, ne tik padidinsite na\u0161um\u0105, bet ir u\u017etikrinsite, kad darbuotojai ilgainiui i\u0161likt\u0173 sveiki ir motyvuoti.<\/p>\n<p>.<\/p>\n<p><a href=\"https:\/\/jlmteknik.dk\/wp-content\/uploads\/2024\/09\/JLM-teknik_katalog_ALFA-MY-TAU_A4-2024_en-GB_WEB.pdf\" target=\"_blank\" rel=\"noopener\">Detaliz\u0113t\u0101ka ra\u017eot\u0101ja specifik\u0101cija un pieejamie sist\u0113mas piederumi atrodami \u0161eit<\/a><\/p>","protected":false},"excerpt":{"rendered":"<p>Ergonomi\u0161kas ir kompakti\u0161kas sprendimas da\u017enai kartojamiems lengv\u0173 objekt\u0173 k\u0117limo darbams. \u012eranga sukurta iki 65 kg svorio produktams kelti, pasi\u017eymi greitu ir paprastu valdymu pistoletinio tipo rankena. Galima pritaikyti \u012fvairi\u0173 form\u0173 gaminiams, naudojant skirtingus siurbtukus. Tinka tiek gamybin\u0117se linijose, tiek logistikos centruose, kur svarbus operatoriaus komfortas ir darbo greitis. Tai idealus pasirinkimas, kai reikia padidinti produktyvum\u0105, suma\u017einti traum\u0173 rizik\u0105 ir pagerinti darbo ergonomik\u0105.<\/p>\n<p><strong><a href=\"https:\/\/jlmteknik.dk\/wp-content\/uploads\/2024\/09\/JLM-teknik_katalog_ALFA-MY-TAU_A4-2024_en-GB_WEB.pdf\">Detaliz\u0113t\u0101ka ra\u017eot\u0101ja specifik\u0101cija un pieejamie sist\u0113mas piederumi atrodami \u0161eit<\/a><\/strong><\/p>\n<div id=\"gtx-trans\" style=\"position: absolute; left: 702px; top: 61px;\">\n<div class=\"gtx-trans-icon\"><\/div>\n<\/div>","protected":false},"featured_media":17140,"template":"","meta":[],"product_cat":[549,646],"product_tag":[],"class_list":{"0":"post-17112","1":"product","2":"type-product","3":"status-publish","4":"has-post-thumbnail","6":"product_brand-jlmteknik","7":"product_cat-vakuuminiai-keltuvai","8":"product_cat-vakuumines-kelimo-sistemos","10":"first","11":"instock","12":"shipping-taxable","13":"product-type-simple"},"_links":{"self":[{"href":"https:\/\/packstera.lt\/lv\/wp-json\/wp\/v2\/product\/17112","targetHints":{"allow":["GET"]}}],"collection":[{"href":"https:\/\/packstera.lt\/lv\/wp-json\/wp\/v2\/product"}],"about":[{"href":"https:\/\/packstera.lt\/lv\/wp-json\/wp\/v2\/types\/product"}],"version-history":[{"count":8,"href":"https:\/\/packstera.lt\/lv\/wp-json\/wp\/v2\/product\/17112\/revisions"}],"predecessor-version":[{"id":17735,"href":"https:\/\/packstera.lt\/lv\/wp-json\/wp\/v2\/product\/17112\/revisions\/17735"}],"wp:featuredmedia":[{"embeddable":true,"href":"https:\/\/packstera.lt\/lv\/wp-json\/wp\/v2\/media\/17140"}],"wp:attachment":[{"href":"https:\/\/packstera.lt\/lv\/wp-json\/wp\/v2\/media?parent=17112"}],"wp:term":[{"taxonomy":"product_cat","embeddable":true,"href":"https:\/\/packstera.lt\/lv\/wp-json\/wp\/v2\/product_cat?post=17112"},{"taxonomy":"product_tag","embeddable":true,"href":"https:\/\/packstera.lt\/lv\/wp-json\/wp\/v2\/product_tag?post=17112"}],"curies":[{"name":"wp","href":"https:\/\/api.w.org\/{rel}","templated":true}]}}