{"id":17119,"date":"2025-01-22T14:23:11","date_gmt":"2025-01-22T12:23:11","guid":{"rendered":"http:\/\/packstera.lt\/?post_type=product&#038;p=17119"},"modified":"2025-01-23T11:51:00","modified_gmt":"2025-01-23T09:51:00","slug":"portalceltni","status":"publish","type":"product","link":"https:\/\/packstera.lt\/lv\/p\/gembiniai-pasukamieji-kranai\/","title":{"rendered":"Port\u0101la pagrie\u017eamie celt\u0146i"},"content":{"rendered":"<p>Port\u0101l\u0101 str\u0113les celt\u0146i ir augstas kvalit\u0101tes risin\u0101jumi r\u016bpniec\u012bbas uz\u0146\u0113mumiem, lai efekt\u012bvi un ergonomiski p\u0101rvietotu smagas kravas. M\u0113s p\u0101rst\u0101vam JLM teknik, vienu no vado\u0161ajiem celt\u0146u ra\u017eot\u0101jiem ar vair\u0101k nek\u0101 3000 veiksm\u012bg\u0101m alum\u012bnija celt\u0146u instal\u0101cij\u0101m.<\/p>\n<p>Ir divu veidu str\u0113les celt\u0146i: pie sienas un kolonnas, kas \u013cauj izv\u0113l\u0113ties gan standarta, gan piel\u0101gotus risin\u0101jumus. JLM tehni\u0137is \u0146em v\u0113r\u0101 ar\u012b lo\u0123istikas un telpiskos apst\u0101k\u013cus, lai nodro\u0161in\u0101tu optim\u0101lu celt\u0146a veiktsp\u0113ju.<\/p>\n<p><strong>Pie sienas stiprin\u0101mi groz\u0101mie kr\u0101ni<\/strong>:<\/p>\n<ul>\n<li>Uzst\u0101da tie\u0161i pie sienas, sij\u0101m vai kolonn\u0101m.<\/li>\n<li>Ietaupa gr\u012bdas plat\u012bbu un nodro\u0161ina vieglu un efekt\u012bvu darbu.<\/li>\n<li>Celtsp\u0113ja l\u012bdz 1 tonnai.<\/li>\n<li>Rot\u0101cijas diapazons aptuveni 180\u00b0.<\/li>\n<li>Piel\u0101gots \u012bpa\u0161\u0101m ra\u017eo\u0161anas vajadz\u012bb\u0101m.<\/li>\n<\/ul>\n<p><strong>Kolonnu pagrie\u017eamie celt\u0146i<\/strong>:<\/p>\n<ul>\n<li>Tie ir uzst\u0101d\u012bti tie\u0161i uz gr\u012bdas ar iesp\u0113ju uzst\u0101d\u012bt papildu pamatu, ja gr\u012bda nav pietiekami iztur\u012bga.<\/li>\n<li>Nestsp\u0113ja l\u012bdz 320 kg.<\/li>\n<li>Lieliski piem\u0113rots \u0161aur\u0101m viet\u0101m vai viet\u0101m ar ierobe\u017eotu piek\u013cuvi.<\/li>\n<li>Piel\u0101gojas darba vietas specifikai un nodro\u0161ina lielu pagrieziena diapazonu un elast\u012bbu, p\u0101rvietojot kravas.<\/li>\n<\/ul>\n<p><strong>Priek\u0161roc\u012bbas<\/strong>:<\/p>\n<ul>\n<li>Viegla uzst\u0101d\u012b\u0161ana un piel\u0101go\u0161ana atbilsto\u0161i \u012bpa\u0161\u0101m vajadz\u012bb\u0101m.<\/li>\n<li>Iztur\u012bg\u0101 alum\u012bnija stie\u0146a konstrukcija nodro\u0161ina iztur\u012bbu un veiktsp\u0113ju.<\/li>\n<li>Ietaupa vietu un palielina darba vietas efektivit\u0101ti.<\/li>\n<\/ul>\n<p>&nbsp;<\/p>","protected":false},"excerpt":{"rendered":"<p>Port\u0101l\u0101 str\u0113les celt\u0146i ir pie sienas vai kolonn\u0101 mont\u0113jami str\u0113les celt\u0146i, kas paredz\u0113ti smagu kravu p\u0101rvieto\u0161anai nozar\u0113s. Sienas celt\u0146i ietaupa gr\u012bdas plat\u012bbu, savuk\u0101rt kolonnu celt\u0146i nodro\u0161ina elast\u012bbu un lielu pagrieziena diapazonu. Ar garantiju l\u012bdz 5 gadiem un sp\u0113ju piel\u0101got celt\u0146us \u012bpa\u0161\u0101m vajadz\u012bb\u0101m, JLM teknik pied\u0101v\u0101 uzticamus un ergonomiskus risin\u0101jumus efekt\u012bvam darbam.<\/p>","protected":false},"featured_media":17179,"template":"","meta":[],"product_cat":[545,543],"product_tag":[],"class_list":{"0":"post-17119","1":"product","2":"type-product","3":"status-publish","4":"has-post-thumbnail","6":"product_brand-jlmteknik","7":"product_cat-kranines-kelimo-sistemos","8":"product_cat-irenginiai-gaminiu-transportavimui-ir-logistikai","10":"first","11":"instock","12":"shipping-taxable","13":"product-type-simple"},"_links":{"self":[{"href":"https:\/\/packstera.lt\/lv\/wp-json\/wp\/v2\/product\/17119","targetHints":{"allow":["GET"]}}],"collection":[{"href":"https:\/\/packstera.lt\/lv\/wp-json\/wp\/v2\/product"}],"about":[{"href":"https:\/\/packstera.lt\/lv\/wp-json\/wp\/v2\/types\/product"}],"version-history":[{"count":3,"href":"https:\/\/packstera.lt\/lv\/wp-json\/wp\/v2\/product\/17119\/revisions"}],"predecessor-version":[{"id":17180,"href":"https:\/\/packstera.lt\/lv\/wp-json\/wp\/v2\/product\/17119\/revisions\/17180"}],"wp:featuredmedia":[{"embeddable":true,"href":"https:\/\/packstera.lt\/lv\/wp-json\/wp\/v2\/media\/17179"}],"wp:attachment":[{"href":"https:\/\/packstera.lt\/lv\/wp-json\/wp\/v2\/media?parent=17119"}],"wp:term":[{"taxonomy":"product_cat","embeddable":true,"href":"https:\/\/packstera.lt\/lv\/wp-json\/wp\/v2\/product_cat?post=17119"},{"taxonomy":"product_tag","embeddable":true,"href":"https:\/\/packstera.lt\/lv\/wp-json\/wp\/v2\/product_tag?post=17119"}],"curies":[{"name":"wp","href":"https:\/\/api.w.org\/{rel}","templated":true}]}}