{"id":17122,"date":"2025-01-22T14:37:55","date_gmt":"2025-01-22T12:37:55","guid":{"rendered":"http:\/\/packstera.lt\/?post_type=product&#038;p=17122"},"modified":"2025-02-07T15:20:49","modified_gmt":"2025-02-07T13:20:49","slug":"mobilie-vakuuma-pacelaji","status":"publish","type":"product","link":"https:\/\/packstera.lt\/lv\/p\/mobilus-vakuuminiai-keltuvai\/","title":{"rendered":"Mobilie vakuuma pac\u0113l\u0101ji"},"content":{"rendered":"<p>Mobilie vakuuma pac\u0113l\u0101ji ir efekt\u012bvas un dro\u0161as ier\u012bces, kas paredz\u0113tas da\u017e\u0101diem cel\u0161anas darbiem, tostarp maisiem, kartona kast\u0113m, koka d\u0113\u013ciem, plastmasas kast\u0113m un citiem priek\u0161metiem. Tie izce\u013cas ar sp\u0113ju pacelt porainas virsmas, piem\u0113ram, kartonu, koku vai betonu. Negaid\u012bta elektr\u012bbas padeves p\u0101rtraukuma gad\u012bjum\u0101 vakuuma pac\u0113l\u0101js nodro\u0161ina dro\u0161u kravas nolai\u0161anu uz virsmas.<\/p>\n<p><strong>JLM mobilais vakuuma celtnis &quot;Tuk\u0161s&quot;<\/strong><\/p>\n<ul>\n<li>Celtsp\u0113ja l\u012bdz 40 kg<\/li>\n<li>360\u00b0 br\u012bva rot\u0101cija<\/li>\n<li>Elektrisk\u0101 teleskopisk\u0101 funkcija (700 mm)<\/li>\n<li>Pacel\u0161anas augstums l\u012bdz 1600 mm<\/li>\n<li>Svars: 600 kg<\/li>\n<li>Piem\u0113rots maisu, kartona kastu un citu priek\u0161metu cel\u0161anai vai konteineru iztuk\u0161o\u0161anai vai l\u012bdz\u012bgiem darbiem<\/li>\n<li>Fiks\u0113ts vakuums\u016bknis ar ska\u0146as izol\u0101ciju<br \/>\n<a href=\"https:\/\/jlmteknik.dk\/en\/product\/removable-vacuumlifter-empty\/#datablad\" target=\"_blank\" rel=\"noopener\">Detaliz\u0113t\u0101kas specifik\u0101cijas<\/a><\/li>\n<\/ul>\n<p><strong>JLM mobilais vakuuma celtnis<\/strong><\/p>\n<ul>\n<li>Celtsp\u0113ja l\u012bdz 25 kg<\/li>\n<li>Kompakts un mobilais mini celtnis<\/li>\n<li>Regul\u0113jams augstums, sl\u0113dzams ik p\u0113c 200 mm<\/li>\n<li>Maksim\u0101lais gr\u012bdas pacel\u0161anas augstums: 1650 mm<\/li>\n<li>Piem\u0113rots maisu, koka un plastmasas kastu, kartona iepakojumu, pane\u013cu un citu vid\u0113ja izm\u0113ra priek\u0161metu pacel\u0161anai<\/li>\n<li>9\u00a0m gar\u0161 str\u0101vas kabelis (400V, 50Hz)<br \/>\n<a href=\"https:\/\/jlmteknik.dk\/en\/product\/jlm-removable-vacuum-crane\/#datablad\" target=\"_blank\" rel=\"noopener\">Detaliz\u0113t\u0101kas specifik\u0101cijas<\/a><\/li>\n<\/ul>\n<p><strong>JLM fl\u012b\u017eu pac\u0113l\u0101js<\/strong><\/p>\n<ul>\n<li>Celtsp\u0113ja l\u012bdz 35 kg<\/li>\n<li>Piem\u0113rots klinkera un fl\u012b\u017eu cel\u0161anai gan horizont\u0101li, gan vertik\u0101li<\/li>\n<li>Maksim\u0101lais gr\u012bdas pacel\u0161anas augstums: 1300 mm<\/li>\n<li>9\u00a0m gar\u0161 str\u0101vas kabelis (400V, 50Hz)<\/li>\n<li>Iekr\u0101v\u0113ja kabatas transport\u0113\u0161anai<br \/>\n<a href=\"https:\/\/jlmteknik.dk\/en\/product\/jlm-tilelifter\/#datablad\" target=\"_blank\" rel=\"noopener\">Detaliz\u0113t\u0101kas specifik\u0101cijas<\/a><\/li>\n<\/ul>\n<p>Visi p\u0101rvietojamie vakuuma pac\u0113l\u0101ji ir ra\u017eoti D\u0101nij\u0101 un atbilst CE standartiem. Nepiecie\u0161am\u012bbas gad\u012bjum\u0101 iesp\u0113jama individu\u0101la konfigur\u0101cija atbilsto\u0161i klienta pras\u012bb\u0101m.<\/p>\n<div id=\"gtx-trans\" style=\"position: absolute; left: 10px; top: 769px;\">\n<div class=\"gtx-trans-icon\"><\/div>\n<\/div>","protected":false},"excerpt":{"rendered":"<p><strong>Mobilie vakuuma pac\u0113l\u0101ji<\/strong> \u2013 t\u0101s ir univers\u0101las un dro\u0161as ier\u012bces, kas paredz\u0113tas da\u017e\u0101du priek\u0161metu, tai skait\u0101 somu, kartona kastu, koka d\u0113\u013cu un fl\u012b\u017eu cel\u0161anai. \u0160ie pac\u0113l\u0101ji nodro\u0161ina efekt\u012bvu un ergonomisku darbu, \u013cauj viegli regul\u0113t pacel\u0161anas augstumu, un tiem ir papildu mont\u0101\u017eas iesp\u0113jas. Mode\u013ci ietver <strong>No\u0146emams vakuuma pac\u0113l\u0101js &quot;tuk\u0161s&quot;<\/strong> (l\u012bdz 40 kg), <strong>JLM no\u0146emams vakuuma celtnis<\/strong> (l\u012bdz 25 kg) un <strong>JLM fl\u012b\u017eu pac\u0113l\u0101js<\/strong> (l\u012bdz 35 kg). Visas ier\u012bces atbilst CE standartiem, ir viegli transport\u0113jamas un piel\u0101gojamas individu\u0101laj\u0101m vajadz\u012bb\u0101m.<\/p>","protected":false},"featured_media":17192,"template":"","meta":[],"product_cat":[646,549],"product_tag":[],"class_list":{"0":"post-17122","1":"product","2":"type-product","3":"status-publish","4":"has-post-thumbnail","6":"product_brand-jlmteknik","7":"product_cat-vakuumines-kelimo-sistemos","8":"product_cat-vakuuminiai-keltuvai","10":"first","11":"instock","12":"shipping-taxable","13":"product-type-simple"},"_links":{"self":[{"href":"https:\/\/packstera.lt\/lv\/wp-json\/wp\/v2\/product\/17122","targetHints":{"allow":["GET"]}}],"collection":[{"href":"https:\/\/packstera.lt\/lv\/wp-json\/wp\/v2\/product"}],"about":[{"href":"https:\/\/packstera.lt\/lv\/wp-json\/wp\/v2\/types\/product"}],"version-history":[{"count":3,"href":"https:\/\/packstera.lt\/lv\/wp-json\/wp\/v2\/product\/17122\/revisions"}],"predecessor-version":[{"id":17193,"href":"https:\/\/packstera.lt\/lv\/wp-json\/wp\/v2\/product\/17122\/revisions\/17193"}],"wp:featuredmedia":[{"embeddable":true,"href":"https:\/\/packstera.lt\/lv\/wp-json\/wp\/v2\/media\/17192"}],"wp:attachment":[{"href":"https:\/\/packstera.lt\/lv\/wp-json\/wp\/v2\/media?parent=17122"}],"wp:term":[{"taxonomy":"product_cat","embeddable":true,"href":"https:\/\/packstera.lt\/lv\/wp-json\/wp\/v2\/product_cat?post=17122"},{"taxonomy":"product_tag","embeddable":true,"href":"https:\/\/packstera.lt\/lv\/wp-json\/wp\/v2\/product_tag?post=17122"}],"curies":[{"name":"wp","href":"https:\/\/api.w.org\/{rel}","templated":true}]}}