{"id":17323,"date":"2025-05-06T10:37:50","date_gmt":"2025-05-06T07:37:50","guid":{"rendered":"https:\/\/packstera.lt\/?post_type=product&#038;p=17323"},"modified":"2025-05-07T12:53:31","modified_gmt":"2025-05-07T09:53:31","slug":"elektriska-pp-siksnu-izgatavosanas-masina-zapak-zp20","status":"publish","type":"product","link":"https:\/\/packstera.lt\/lv\/p\/elektrinis-pp-juostos-itempejas-zapak-zp20\/","title":{"rendered":"Elektriskais PP siksnas spriegot\u0101js ZAPAK ZP20"},"content":{"rendered":"<div data-elementor-type=\"wp-post\" data-elementor-id=\"17323\" class=\"elementor elementor-17323\">\n\t\t\t\t\t\t<section class=\"elementor-section elementor-top-section elementor-element elementor-element-e459bca elementor-section-boxed elementor-section-height-default elementor-section-height-default\" data-id=\"e459bca\" data-element_type=\"section\" data-e-type=\"section\">\n\t\t\t\t\t\t<div class=\"elementor-container elementor-column-gap-default\">\n\t\t\t\t\t<div class=\"elementor-column elementor-col-66 elementor-top-column elementor-element elementor-element-0d40794\" data-id=\"0d40794\" data-element_type=\"column\" data-e-type=\"column\">\n\t\t\t<div class=\"elementor-widget-wrap elementor-element-populated\">\n\t\t\t\t\t\t<div class=\"elementor-element elementor-element-e2dce3a elementor-widget elementor-widget-text-editor\" data-id=\"e2dce3a\" data-element_type=\"widget\" data-e-type=\"widget\" data-widget_type=\"text-editor.default\">\n\t\t\t\t<div class=\"elementor-widget-container\">\n\t\t\t\t\t\t\t\t\t<p>ZAPAK ZP20 izce\u013cas ar to, ka tas vien\u0101 sol\u012b pievelk, sametina un nogrie\u017e lenti, nodro\u0161inot efekt\u012bvu un \u0101tru iepako\u0161anas procesu. Augstas kvalit\u0101tes metin\u0101\u0161anas metode nov\u0113r\u0161 nepiecie\u0161am\u012bbu p\u0113c met\u0101la sl\u0113dzen\u0113m, kas samazina iepakojuma izmaksas. Ergonomisks dizains un vienk\u0101r\u0161a vad\u012bba \u013cauj operatoram str\u0101d\u0101t \u0113rti un bez p\u0101rm\u0113r\u012bga noguruma. Turkl\u0101t regul\u0113jamais metin\u0101\u0161anas laiks \u013cauj piel\u0101got ier\u012bci da\u017e\u0101d\u0101m lentes specifik\u0101cij\u0101m, un integr\u0113tais nazis nodro\u0161ina t\u012bru un prec\u012bzu lentes grie\u0161anu p\u0113c metin\u0101\u0161anas.<\/p>\t\t\t\t\t\t\t\t<\/div>\n\t\t\t\t<\/div>\n\t\t\t\t\t<\/div>\n\t\t<\/div>\n\t\t\t\t<div class=\"elementor-column elementor-col-33 elementor-top-column elementor-element elementor-element-bc835d2\" data-id=\"bc835d2\" data-element_type=\"column\" data-e-type=\"column\">\n\t\t\t<div class=\"elementor-widget-wrap elementor-element-populated\">\n\t\t\t\t\t\t<div class=\"elementor-element elementor-element-2376ab7 btn-position-bottom elementor-widget elementor-widget-razzi-image-button\" data-id=\"2376ab7\" data-element_type=\"widget\" data-e-type=\"widget\" data-widget_type=\"razzi-image-button.default\">\n\t\t\t\t<div class=\"elementor-widget-container\">\n\t\t\t\t\t<div class=\"razzi-image-button\"><img fetchpriority=\"high\" decoding=\"async\" width=\"501\" height=\"328\" src=\"https:\/\/packstera.lt\/wp-content\/uploads\/2023\/01\/04b.jpg\" class=\"attachment-full size-full wp-image-15232\" alt=\"\" srcset=\"https:\/\/packstera.lt\/wp-content\/uploads\/2023\/01\/04b.jpg 501w, https:\/\/packstera.lt\/wp-content\/uploads\/2023\/01\/04b-300x196.jpg 300w, https:\/\/packstera.lt\/wp-content\/uploads\/2023\/01\/04b-18x12.jpg 18w, https:\/\/packstera.lt\/wp-content\/uploads\/2023\/01\/04b-130x85.jpg 130w\" sizes=\"(max-width: 501px) 100vw, 501px\" \/><a href=\"https:\/\/packstera.lt\/wp-content\/uploads\/2025\/05\/ZP20.pdf\" target=\"_blank\" rel=\"nofollow\" class=\"razzi-image-button__link\"><\/a><a href=\"https:\/\/packstera.lt\/wp-content\/uploads\/2025\/05\/ZP20.pdf\" target=\"_blank\" rel=\"nofollow\" class=\"razzi-image-button__position razzi-image-button__button\">Ra\u017eot\u0101ja apraksts <span class=\"razzi-svg-icon\"><svg aria-hidden=\"true\" role=\"img\" focusable=\"false\" xmlns=\"http:\/\/www.w3.org\/2000\/svg\" width=\"24\" height=\"24\" viewbox=\"0 0 24 24\" fill=\"none\" stroke=\"currentColor\" stroke-width=\"2\" stroke-linecap=\"round\" stroke-linejoin=\"round\"><line x1=\"0\" y1=\"12\" x2=\"19\" y2=\"12\"><\/line><polyline points=\"12 5 19 12 12 19\"><\/polyline><\/svg><\/span><\/a><\/div>\t\t\t\t<\/div>\n\t\t\t\t<\/div>\n\t\t\t\t\t<\/div>\n\t\t<\/div>\n\t\t\t\t\t<\/div>\n\t\t<\/section>\n\t\t\t\t<\/div>","protected":false},"excerpt":{"rendered":"<p class=\"\" data-start=\"164\" data-end=\"293\"><strong>Elektrinis PP juostos \u012ftemp\u0117jas ZAPAK ZP20<\/strong> \u2013 <span class=\"relative -mx-px my-[-0.2rem] rounded px-px py-[0.2rem] transition-colors duration-100 ease-in-out\">tai lengvas ir kompakti\u0161kas \u012frankis, skirtas PP (polipropileno) juost\u0173 \u012ftempimui, suvirinimui ir nupjovimui.<\/span> <span class=\"relative -mx-px my-[-0.2rem] rounded px-px py-[0.2rem] transition-colors duration-100 ease-in-out\">Idealiai tinka lengviems pakavimo darbams biuruose, ma\u017eose gamybos \u012fmon\u0117se ar logistikos centruose.<\/span><\/p>\n<p data-start=\"295\" data-end=\"319\"><strong>Pagrindin\u0117s savyb\u0117s:<\/strong><\/p>\n<ul data-start=\"321\" data-end=\"949\">\n<li class=\"\" data-start=\"321\" data-end=\"389\">\n<p class=\"\" data-start=\"323\" data-end=\"389\"><strong data-start=\"323\" data-end=\"351\">Maksimali \u012ftempimo j\u0117ga:<\/strong> <span class=\"relative -mx-px my-[-0.2rem] rounded px-px py-[0.2rem] transition-colors duration-100 ease-in-out\">iki 100 kg<\/span><\/p>\n<\/li>\n<li class=\"\" data-start=\"390\" data-end=\"451\">\n<p class=\"\" data-start=\"392\" data-end=\"451\"><strong data-start=\"392\" data-end=\"411\">Juostos plotis:<\/strong> <span class=\"relative -mx-px my-[-0.2rem] rounded px-px py-[0.2rem] transition-colors duration-100 ease-in-out\">12\u201315 mm<\/span><\/p>\n<\/li>\n<li class=\"\" data-start=\"452\" data-end=\"512\">\n<p class=\"\" data-start=\"454\" data-end=\"512\"><strong data-start=\"454\" data-end=\"472\">Juostos tipas:<\/strong> <span class=\"relative -mx-px my-[-0.2rem] rounded px-px py-[0.2rem] transition-colors duration-100 ease-in-out\">PP (polipropileno)<\/span><\/p>\n<\/li>\n<li class=\"\" data-start=\"513\" data-end=\"576\">\n<p class=\"\" data-start=\"515\" data-end=\"576\"><strong data-start=\"515\" data-end=\"536\">Suvirinimo b\u016bdas:<\/strong> <span class=\"relative -mx-px my-[-0.2rem] rounded px-px py-[0.2rem] transition-colors duration-100 ease-in-out\">auk\u0161to da\u017enio frikcinis suvirinimas<\/span><\/p>\n<\/li>\n<li class=\"\" data-start=\"577\" data-end=\"634\">\n<p class=\"\" data-start=\"579\" data-end=\"634\"><strong data-start=\"579\" data-end=\"594\">Maitinimas:<\/strong> <span class=\"relative -mx-px my-[-0.2rem] rounded px-px py-[0.2rem] transition-colors duration-100 ease-in-out\">elektrinis (modeliai: ZP2010 \u2013 100V, ZP2011 \u2013 110V, ZP2012 \u2013 220\u2013240V)<\/span><\/p>\n<\/li>\n<li class=\"\" data-start=\"635\" data-end=\"701\">\n<p class=\"\" data-start=\"637\" data-end=\"701\"><strong data-start=\"637\" data-end=\"661\">Lengva konstrukcija:<\/strong> <span class=\"relative -mx-px my-[-0.2rem] rounded px-px py-[0.2rem] transition-colors duration-100 ease-in-out\">patogiam naudojimui ir suma\u017eintam operatoriaus nuovargiui<\/span><\/p>\n<\/li>\n<li class=\"\" data-start=\"702\" data-end=\"780\">\n<p class=\"\" data-start=\"704\" data-end=\"780\"><strong data-start=\"704\" data-end=\"740\">Reguliuojamas suvirinimo laikas:<\/strong> <span class=\"relative -mx-px my-[-0.2rem] rounded px-px py-[0.2rem] transition-colors duration-100 ease-in-out\">pritaikomas pagal juostos specifikacijas<\/span><\/p>\n<\/li>\n<li class=\"\" data-start=\"781\" data-end=\"846\">\n<p class=\"\" data-start=\"783\" data-end=\"846\"><strong data-start=\"783\" data-end=\"806\">Integruotas peilis:<\/strong> <span class=\"relative -mx-px my-[-0.2rem] rounded px-px py-[0.2rem] transition-colors duration-100 ease-in-out\">juostos nupjovimui po suvirinimo<\/span><\/p>\n<\/li>\n<li class=\"\" data-start=\"847\" data-end=\"949\">\n<p class=\"\" data-start=\"849\" data-end=\"949\"><strong data-start=\"849\" data-end=\"870\">Papildoma \u012franga:<\/strong> <span class=\"relative -mx-px my-[-0.2rem] rounded px-px py-[0.2rem] transition-colors duration-100 ease-in-out\">galimyb\u0117 naudoti su balansuojan\u010diu laikikliu vertikaliam pakavimui<\/span><\/p>\n<p><span class=\"relative -mx-px my-[-0.2rem] rounded px-px py-[0.2rem] transition-colors duration-100 ease-in-out\">ZAPAK ZP20 i\u0161siskiria tuo, kad vienu veiksmu \u012ftempia, suvirina ir nupjauna juost\u0105, taip u\u017etikrindamas efektyv\u0173 ir greit\u0105 pakavimo proces\u0105. D\u0117l auk\u0161tos kokyb\u0117s suvirinimo metodo nereikia naudoti metalini\u0173 spyneli\u0173, o tai suma\u017eina pakavimo s\u0105naudas. Ergonomi\u0161kas dizainas ir lengvas valdymas leid\u017eia operatoriui dirbti patogiai ir be didelio nuovargio. Be to, reguliuojamas suvirinimo laikas leid\u017eia pritaikyti \u012frengin\u012f \u012fvairioms juostos specifikacijoms, o integruotas peilis u\u017etikrina \u0161var\u0173 ir tiksl\u0173 juostos nupjovim\u0105 po suvirinimo.<\/span><\/li>\n<\/ul>\n<div id=\"gtx-trans\" style=\"position: absolute; left: 609px; top: -9.78819px;\">\n<div class=\"gtx-trans-icon\"><\/div>\n<\/div>\n","protected":false},"featured_media":17336,"template":"","meta":[],"product_cat":[577],"product_tag":[],"class_list":{"0":"post-17323","1":"product","2":"type-product","3":"status-publish","4":"has-post-thumbnail","6":"product_brand-zapak","7":"product_cat-akumuliatoriniai-rankiniai-risimo-irankiai","9":"first","10":"instock","11":"shipping-taxable","12":"product-type-simple"},"_links":{"self":[{"href":"https:\/\/packstera.lt\/lv\/wp-json\/wp\/v2\/product\/17323","targetHints":{"allow":["GET"]}}],"collection":[{"href":"https:\/\/packstera.lt\/lv\/wp-json\/wp\/v2\/product"}],"about":[{"href":"https:\/\/packstera.lt\/lv\/wp-json\/wp\/v2\/types\/product"}],"version-history":[{"count":8,"href":"https:\/\/packstera.lt\/lv\/wp-json\/wp\/v2\/product\/17323\/revisions"}],"predecessor-version":[{"id":17371,"href":"https:\/\/packstera.lt\/lv\/wp-json\/wp\/v2\/product\/17323\/revisions\/17371"}],"wp:featuredmedia":[{"embeddable":true,"href":"https:\/\/packstera.lt\/lv\/wp-json\/wp\/v2\/media\/17336"}],"wp:attachment":[{"href":"https:\/\/packstera.lt\/lv\/wp-json\/wp\/v2\/media?parent=17323"}],"wp:term":[{"taxonomy":"product_cat","embeddable":true,"href":"https:\/\/packstera.lt\/lv\/wp-json\/wp\/v2\/product_cat?post=17323"},{"taxonomy":"product_tag","embeddable":true,"href":"https:\/\/packstera.lt\/lv\/wp-json\/wp\/v2\/product_tag?post=17323"}],"curies":[{"name":"wp","href":"https:\/\/api.w.org\/{rel}","templated":true}]}}