{"id":17380,"date":"2025-05-08T14:18:35","date_gmt":"2025-05-08T11:18:35","guid":{"rendered":"https:\/\/packstera.lt\/?post_type=product&#038;p=17380"},"modified":"2025-05-08T14:26:39","modified_gmt":"2025-05-08T11:26:39","slug":"nepartrauktas-drukas-ierice-ar-ellas-tinti-ebs-2600","status":"publish","type":"product","link":"https:\/\/packstera.lt\/lv\/p\/nepertraukiamo-spausdinimo-irenginys-aliejiniu-rasalu-ebs-2600\/","title":{"rendered":"Nep\u0101rtrauktas drukas ier\u012bce ar e\u013c\u013cas tinti EBS-2600"},"content":{"rendered":"<div data-elementor-type=\"wp-post\" data-elementor-id=\"17380\" class=\"elementor elementor-17380\">\n\t\t\t\t\t\t<section class=\"elementor-section elementor-top-section elementor-element elementor-element-455b34f7 elementor-section-boxed elementor-section-height-default elementor-section-height-default\" data-id=\"455b34f7\" data-element_type=\"section\" data-e-type=\"section\">\n\t\t\t\t\t\t<div class=\"elementor-container elementor-column-gap-default\">\n\t\t\t\t\t<div class=\"elementor-column elementor-col-100 elementor-top-column elementor-element elementor-element-3f5cf849\" data-id=\"3f5cf849\" data-element_type=\"column\" data-e-type=\"column\">\n\t\t\t<div class=\"elementor-widget-wrap elementor-element-populated\">\n\t\t\t\t\t\t<div class=\"elementor-element elementor-element-16a7f372 elementor-widget__width-initial elementor-widget elementor-widget-text-editor\" data-id=\"16a7f372\" data-element_type=\"widget\" data-e-type=\"widget\" data-widget_type=\"text-editor.default\">\n\t\t\t\t<div class=\"elementor-widget-container\">\n\t\t\t\t\t\t\t\t\t<table class=\"aligncenter\">\n<thead>\n<tr>\n<th style=\"text-align: left;\">Kategorija<\/th>\n<th style=\"text-align: left;\">Specifik\u0101cija<\/th>\n<\/tr>\n<\/thead>\n<tbody>\n<tr>\n<td><strong>Drukas augstums<\/strong><\/td>\n<td>l\u012bdz 71,8 mm<\/td>\n<\/tr>\n<tr>\n<td><strong>Maksim\u0101l\u0101 iz\u0161\u0137irtsp\u0113ja<\/strong><\/td>\n<td>510 dpi<\/td>\n<\/tr>\n<tr>\n<td><strong>Maks. druk\u0101\u0161anas \u0101trums<\/strong><\/td>\n<td>l\u012bdz 60 m\/min (ar 180 dpi)<\/td>\n<\/tr>\n<tr>\n<td><strong>Tintes veids<\/strong><\/td>\n<td>Uz e\u013c\u013cas b\u0101zes (bez \u0161\u0137\u012bdin\u0101t\u0101jiem)<\/td>\n<\/tr>\n<tr>\n<td><strong>Atbalst\u012btie kodi<\/strong><\/td>\n<td>1D: EAN-8, EAN-13, kods 39, kods 128 utt.; 2D: DataMatrix, QR, GS1 utt.<\/td>\n<\/tr>\n<tr>\n<td><strong>Grafika<\/strong><\/td>\n<td>Vienkr\u0101sains PNG form\u0101ts (izveidots ar Paint vai citu programmat\u016bru)<\/td>\n<\/tr>\n<tr>\n<td><strong>Autom\u0101tisk\u0101s funkcijas<\/strong><\/td>\n<td>Datums, laiks, skait\u012bt\u0101ji, klientam specifiski dati<\/td>\n<\/tr>\n<tr>\n<td><strong>Atmi\u0146a<\/strong><\/td>\n<td>4 GB<\/td>\n<\/tr>\n<tr>\n<td><strong>Vad\u012bba<\/strong><\/td>\n<td>Integr\u0113ts 5,7 collu kr\u0101su sk\u0101rienekr\u0101ns vai t\u012bmek\u013ca t\u0101lvad\u012bbas pults<\/td>\n<\/tr>\n<tr>\n<td><strong>Saskarnes<\/strong><\/td>\n<td>USB, Ethernet, integr\u0113ts fotodetektors, papildu v\u0101rpstas kod\u0113t\u0101js<\/td>\n<\/tr>\n<tr>\n<td><strong>\u0136ermenis<\/strong><\/td>\n<td>Ner\u016bs\u0113jo\u0161ais t\u0113rauds<\/td>\n<\/tr>\n<tr>\n<td><strong>Izm\u0113ri (P x A x Dz)<\/strong><\/td>\n<td>210 x 160 x 420 mm<\/td>\n<\/tr>\n<tr>\n<td><strong>Svars<\/strong><\/td>\n<td>4,8 kg (bez tintes)<\/td>\n<\/tr>\n<tr>\n<td><strong>Darba temperat\u016bra<\/strong><\/td>\n<td>no 5\u00b0C l\u012bdz 40\u00b0C<\/td>\n<\/tr>\n<tr>\n<td><strong>Relat\u012bvais mitrums<\/strong><\/td>\n<td>10\u201385% (bez kondens\u0101cijas)<\/td>\n<\/tr>\n<tr>\n<td><strong>Energoapg\u0101de<\/strong><\/td>\n<td>100\u2013240 V mai\u0146str\u0101va, 50\u201360 Hz, maks. 0,65\u20130,3 A<\/td>\n<\/tr>\n<tr>\n<td><strong>Ener\u0123ijas pat\u0113ri\u0146\u0161<\/strong><\/td>\n<td>maks. 15W<\/td>\n<\/tr>\n<tr>\n<td><strong>Maks. att\u0101lums l\u012bdz objektam<\/strong><\/td>\n<td>ne vair\u0101k k\u0101 4 mm<\/td>\n<\/tr>\n<\/tbody>\n<\/table>\t\t\t\t\t\t\t\t<\/div>\n\t\t\t\t<\/div>\n\t\t\t\t\t<\/div>\n\t\t<\/div>\n\t\t\t\t\t<\/div>\n\t\t<\/section>\n\t\t\t\t<section class=\"elementor-section elementor-top-section elementor-element elementor-element-e6b5fd5 elementor-hidden-desktop elementor-hidden-tablet elementor-hidden-mobile elementor-section-boxed elementor-section-height-default elementor-section-height-default\" data-id=\"e6b5fd5\" data-element_type=\"section\" data-e-type=\"section\">\n\t\t\t\t\t\t<div class=\"elementor-container elementor-column-gap-default\">\n\t\t\t\t\t<div class=\"elementor-column elementor-col-33 elementor-top-column elementor-element elementor-element-c0c901c\" data-id=\"c0c901c\" data-element_type=\"column\" data-e-type=\"column\">\n\t\t\t<div class=\"elementor-widget-wrap elementor-element-populated\">\n\t\t\t\t\t\t<div class=\"elementor-element elementor-element-2a39dac btn-position-bottom elementor-widget elementor-widget-razzi-image-button\" data-id=\"2a39dac\" data-element_type=\"widget\" data-e-type=\"widget\" data-widget_type=\"razzi-image-button.default\">\n\t\t\t\t<div class=\"elementor-widget-container\">\n\t\t\t\t\t<div class=\"razzi-image-button\"><img fetchpriority=\"high\" decoding=\"async\" width=\"1200\" height=\"675\" src=\"https:\/\/packstera.lt\/wp-content\/uploads\/2020\/08\/CIJ_Med__4_-1.jpg\" class=\"attachment-full size-full wp-image-15091\" alt=\"\" \/><a href=\"http:\/\/packstera.lt\/wp-content\/uploads\/2023\/01\/Boltmark_Series_II-LT-1.pdf\" target=\"_blank\" rel=\"nofollow\" class=\"razzi-image-button__link\"><\/a><a href=\"http:\/\/packstera.lt\/wp-content\/uploads\/2023\/01\/Boltmark_Series_II-LT-1.pdf\" target=\"_blank\" rel=\"nofollow\" class=\"razzi-image-button__position razzi-image-button__button\">Ra\u017eot\u0101ja apraksts <span class=\"razzi-svg-icon\"><svg aria-hidden=\"true\" role=\"img\" focusable=\"false\" xmlns=\"http:\/\/www.w3.org\/2000\/svg\" width=\"24\" height=\"24\" viewbox=\"0 0 24 24\" fill=\"none\" stroke=\"currentColor\" stroke-width=\"2\" stroke-linecap=\"round\" stroke-linejoin=\"round\"><line x1=\"0\" y1=\"12\" x2=\"19\" y2=\"12\"><\/line><polyline points=\"12 5 19 12 12 19\"><\/polyline><\/svg><\/span><\/a><\/div>\t\t\t\t<\/div>\n\t\t\t\t<\/div>\n\t\t\t\t\t<\/div>\n\t\t<\/div>\n\t\t\t\t<div class=\"elementor-column elementor-col-66 elementor-top-column elementor-element elementor-element-6ad607b\" data-id=\"6ad607b\" data-element_type=\"column\" data-e-type=\"column\">\n\t\t\t<div class=\"elementor-widget-wrap\">\n\t\t\t\t\t\t\t<\/div>\n\t\t<\/div>\n\t\t\t\t\t<\/div>\n\t\t<\/section>\n\t\t\t\t<\/div>","protected":false},"excerpt":{"rendered":"<p style=\"text-align: justify;\"><span class=\"relative -mx-px my-[-0.2rem] rounded px-px py-[0.2rem] transition-colors duration-100 ease-in-out\">EBS-2600 \u2013 tai modernus, kompakti\u0161kas auk\u0161tos rai\u0161kos spausdintuvas, skirtas spausdinti ant por\u0117t\u0173 pavir\u0161i\u0173, toki\u0173 kaip medin\u0117s palet\u0117s, kartonin\u0117s d\u0117\u017e\u0117s ar kitos absorbuojan\u010dios med\u017eiagos.<\/span> <span class=\"relative -mx-px my-[-0.2rem] rounded px-px py-[0.2rem] transition-colors duration-100 ease-in-out\">Naudojant aliejinius ra\u0161alus, u\u017etikrinamas ilgaam\u017eis ir kontrastingas spaudas.<\/span> <span class=\"relative -mx-px my-[-0.2rem] rounded px-px py-[0.2rem] transition-colors duration-100 ease-in-out\">\u012erenginys pasi\u017eymi itin ma\u017eu energijos suvartojimu (maks. 15 W) ir ekologi\u0161ku veikimu, nes nenaudoja tirpikli\u0173.<\/span> <span class=\"relative -mx-px my-[-0.2rem] rounded px-px py-[0.2rem] transition-colors duration-100 ease-in-out\">Valdymas galimas per integruot\u0105 5,7 colio spalvot\u0105 jutiklin\u012f ekran\u0105 arba nuotoliniu b\u016bdu per \u017einiatinklio nar\u0161ykl\u0119.<\/span> <span class=\"relative -mx-px my-[-0.2rem] rounded px-px py-[0.2rem] transition-colors duration-100 ease-in-out\">EBS-2600 idealiai tinka logistikos, medienos apdirbimo ir pakavimo pramon\u0117s sektoriams.<\/span><\/p>\n","protected":false},"featured_media":17390,"template":"","meta":[],"product_cat":[621],"product_tag":[],"class_list":{"0":"post-17380","1":"product","2":"type-product","3":"status-publish","4":"has-post-thumbnail","6":"product_cat-rasalinis-ciurkslinis","8":"first","9":"instock","10":"shipping-taxable","11":"product-type-simple"},"_links":{"self":[{"href":"https:\/\/packstera.lt\/lv\/wp-json\/wp\/v2\/product\/17380","targetHints":{"allow":["GET"]}}],"collection":[{"href":"https:\/\/packstera.lt\/lv\/wp-json\/wp\/v2\/product"}],"about":[{"href":"https:\/\/packstera.lt\/lv\/wp-json\/wp\/v2\/types\/product"}],"version-history":[{"count":5,"href":"https:\/\/packstera.lt\/lv\/wp-json\/wp\/v2\/product\/17380\/revisions"}],"predecessor-version":[{"id":17391,"href":"https:\/\/packstera.lt\/lv\/wp-json\/wp\/v2\/product\/17380\/revisions\/17391"}],"wp:featuredmedia":[{"embeddable":true,"href":"https:\/\/packstera.lt\/lv\/wp-json\/wp\/v2\/media\/17390"}],"wp:attachment":[{"href":"https:\/\/packstera.lt\/lv\/wp-json\/wp\/v2\/media?parent=17380"}],"wp:term":[{"taxonomy":"product_cat","embeddable":true,"href":"https:\/\/packstera.lt\/lv\/wp-json\/wp\/v2\/product_cat?post=17380"},{"taxonomy":"product_tag","embeddable":true,"href":"https:\/\/packstera.lt\/lv\/wp-json\/wp\/v2\/product_tag?post=17380"}],"curies":[{"name":"wp","href":"https:\/\/api.w.org\/{rel}","templated":true}]}}