{"id":17434,"date":"2025-05-21T16:42:07","date_gmt":"2025-05-21T13:42:07","guid":{"rendered":"https:\/\/packstera.lt\/?post_type=product&#038;p=17434"},"modified":"2025-05-23T16:11:37","modified_gmt":"2025-05-23T13:11:37","slug":"didelio-nasumo-vakuumavimo-irenginys-su-map-galimybe-vqm-hs","status":"publish","type":"product","link":"https:\/\/packstera.lt\/lv\/p\/didelio-nasumo-vakuumavimo-irenginys-su-map-galimybe-vqm-hs\/","title":{"rendered":"Didelio na\u0161umo vakuumavimo \u012frenginys su MAP galimybe \u2013 vQm HS"},"content":{"rendered":"<p>Didelio na\u0161umo vakuumavimo \u012frenginys su MAP galimybe \u2013\u00a0<strong data-start=\"90\" data-end=\"121\">vQm HS vakuuminis \u012frenginys<\/strong> \u2013 tai kompakti\u0161kas, ta\u010diau ypa\u010d efektyvus sprendimas didelio kiekio pakuo\u010di\u0173 vakuumavimui. \u012erenginys sujungia <strong data-start=\"232\" data-end=\"263\">naujos kartos technologijas<\/strong> ar <strong data-start=\"267\" data-end=\"315\">unikaliu, patentuotu didelio grei\u010dio vo\u017etuvu<\/strong>, kuris leid\u017eia \u017eenkliai sutrumpinti vakuumavimo laik\u0105 ir padidina proceso efektyvum\u0105. Tai idealus pasirinkimas gamybos aplinkose, kur svarbus greitis, patikimumas ir galimyb\u0117 naudoti modifikuot\u0105 atmosfer\u0105 (MAP).<\/p>\n<p class=\"\" data-start=\"529\" data-end=\"860\">\u012erenginys leid\u017eia prijungti <strong data-start=\"557\" data-end=\"583\">inertini\u0173 duj\u0173 \u0161altin\u012f<\/strong> (pvz., azot\u0105 ar anglies dioksid\u0105), kad b\u016bt\u0173 galima sukurti optimalias s\u0105lygas modifikuotoje atmosferoje pakuojamiems produktams. MAP galimyb\u0117 ypa\u010d svarbi maisto, farmacijos ir kitose pramon\u0117s \u0161akose, kur produkt\u0173 galiojimo laikas ir kokyb\u0117s i\u0161laikymas yra kritiniai veiksniai.<\/p>\n<p class=\"\" data-start=\"862\" data-end=\"1117\"><strong data-start=\"862\" data-end=\"899\">Naudotojui patogi valdymo sistema<\/strong> su 4 coli\u0173 spalvotu ekranu leid\u017eia pasirinkti i\u0161 i\u0161 anksto suprogramuot\u0173 nustatym\u0173 arba susikurti savo individualius parametrus pagal poreikius. D\u0117l to \u012frenginys yra lengvai integruojamas \u012f \u012fvairias gamybines linijas.<\/p>\n<p class=\"\" data-start=\"1119\" data-end=\"1143\"><strong data-start=\"1119\" data-end=\"1141\">Technin\u0117s savyb\u0117s:<\/strong><\/p>\n<div class=\"_tableContainer_16hzy_1\">\n<div class=\"_tableWrapper_16hzy_14 group flex w-fit flex-col-reverse\" tabindex=\"-1\">\n<table class=\"w-fit min-w-(--thread-content-width)\" data-start=\"1144\" data-end=\"2086\">\n<thead data-start=\"1144\" data-end=\"1222\">\n<tr data-start=\"1144\" data-end=\"1222\">\n<th data-start=\"1144\" data-end=\"1184\" data-col-size=\"md\"><strong data-start=\"1146\" data-end=\"1160\">Parametrs<\/strong><\/th>\n<th data-start=\"1184\" data-end=\"1222\" data-col-size=\"sm\"><strong data-start=\"1186\" data-end=\"1195\">V\u0113rt\u012bba<\/strong><\/th>\n<\/tr>\n<\/thead>\n<tbody data-start=\"1301\" data-end=\"2086\">\n<tr data-start=\"1301\" data-end=\"1378\">\n<td data-start=\"1301\" data-end=\"1340\" data-col-size=\"md\">Darbo temperat\u016bra<\/td>\n<td data-start=\"1340\" data-end=\"1378\" data-col-size=\"sm\">5 \u2013 40 \u00b0C<\/td>\n<\/tr>\n<tr data-start=\"1379\" data-end=\"1456\">\n<td data-start=\"1379\" data-end=\"1418\" data-col-size=\"md\">Trok\u0161\u0146a l\u012bmenis<\/td>\n<td data-start=\"1418\" data-end=\"1456\" data-col-size=\"sm\">&lt; 71 dB<\/td>\n<\/tr>\n<tr data-start=\"1457\" data-end=\"1534\">\n<td data-start=\"1457\" data-end=\"1496\" data-col-size=\"md\">Maksimalus darbo laikas<\/td>\n<td data-start=\"1496\" data-end=\"1534\" data-col-size=\"sm\">12 val.\/dien\u0105<\/td>\n<\/tr>\n<tr data-start=\"1535\" data-end=\"1619\">\n<td data-start=\"1535\" data-end=\"1583\" data-col-size=\"md\">\u012erenginio matmenys (plotis x ilgis x auk\u0161tis)<\/td>\n<td data-start=\"1583\" data-end=\"1619\" data-col-size=\"sm\">70 x 55 x 76 cm<\/td>\n<\/tr>\n<tr data-start=\"1620\" data-end=\"1697\">\n<td data-start=\"1620\" data-end=\"1659\" data-col-size=\"md\">Elektros \u012fvadas<\/td>\n<td data-col-size=\"sm\" data-start=\"1659\" data-end=\"1697\">220\u2013230 V, 50\/60 Hz<\/td>\n<\/tr>\n<tr data-start=\"1698\" data-end=\"1775\">\n<td data-start=\"1698\" data-end=\"1737\" data-col-size=\"md\">Jauda<\/td>\n<td data-col-size=\"sm\" data-start=\"1737\" data-end=\"1775\">10,5 A<\/td>\n<\/tr>\n<tr data-start=\"1776\" data-end=\"1852\">\n<td data-start=\"1776\" data-end=\"1815\" data-col-size=\"md\">Valdymo ekranas<\/td>\n<td data-start=\"1815\" data-end=\"1852\" data-col-size=\"sm\">4 coli\u0173 spalvotas ekranas<\/td>\n<\/tr>\n<tr data-start=\"1853\" data-end=\"1930\">\n<td data-start=\"1853\" data-end=\"1892\" data-col-size=\"md\">Pneumatinis prijungimas<\/td>\n<td data-start=\"1892\" data-end=\"1930\" data-col-size=\"sm\">8 mm \u017earna<\/td>\n<\/tr>\n<tr data-start=\"1931\" data-end=\"2008\">\n<td data-start=\"1931\" data-end=\"1970\" data-col-size=\"md\">Oro kokyb\u0117s reikalavimai<\/td>\n<td data-start=\"1970\" data-end=\"2008\" data-col-size=\"sm\">DIN ISO 8573-1 klas\u0117<\/td>\n<\/tr>\n<tr data-start=\"2009\" data-end=\"2086\">\n<td data-start=\"2009\" data-end=\"2048\" data-col-size=\"md\">MAP galimyb\u0117<\/td>\n<td data-start=\"2048\" data-end=\"2086\" data-col-size=\"sm\">Taip (CO\u2082, N\u2082 ir kt.)<\/td>\n<\/tr>\n<\/tbody>\n<\/table>\n<div class=\"sticky end-(--thread-content-margin) h-0 self-end select-none\">\n<div class=\"absolute end-0 flex items-end\"><\/div>\n<\/div>\n<\/div>\n<\/div>\n<ul data-start=\"2117\" data-end=\"2289\">\n<li class=\"\" data-start=\"2117\" data-end=\"2174\">\n<p class=\"\" data-start=\"2119\" data-end=\"2174\">Puikiai tinka maisto, pramon\u0117s ir farmacijos \u012fmon\u0117ms.<\/p>\n<\/li>\n<li class=\"\" data-start=\"2175\" data-end=\"2223\">\n<p class=\"\" data-start=\"2177\" data-end=\"2223\">Ypa\u010d efektyvus didel\u0117s apimties produkcijai.<\/p>\n<\/li>\n<li class=\"\" data-start=\"2224\" data-end=\"2289\">\n<p class=\"\" data-start=\"2226\" data-end=\"2289\">Galimyb\u0117 greitai perjungti tarp skirting\u0173 vakuumavimo re\u017eim\u0173.<\/p>\n<\/li>\n<\/ul>\n<div id=\"gtx-trans\" style=\"position: absolute; left: 1px; top: 803.113px;\">\n<div class=\"gtx-trans-icon\"><\/div>\n<\/div>","protected":false},"excerpt":{"rendered":"<p>Didelio na\u0161umo vakuumavimo \u012frenginys su MAP galimybe <strong data-start=\"2454\" data-end=\"2485\">vQm HS <\/strong>\u2013 tai kompakti\u0161kas, ta\u010diau itin greitas sprendimas didel\u0117s apimties vakuumavimui. \u012erenginys su patentuotu didelio grei\u010dio vo\u017etuvu ir MAP galimybe u\u017etikrina efektyvi\u0105 apsaug\u0105 bei ilgesn\u012f produkt\u0173 galiojimo laik\u0105. Valdymas per 4 coli\u0173 ekran\u0105 leid\u017eia naudoti i\u0161 anksto suprogramuotus ar individualius nustatymus, o pneumatinei sistemai taikomi auk\u0161ti oro kokyb\u0117s reikalavimai.<\/p>\n<div id=\"gtx-trans\" style=\"position: absolute; left: 647px; top: -9.50391px;\">\n<div class=\"gtx-trans-icon\"><\/div>\n<\/div>","protected":false},"featured_media":17437,"template":"","meta":[],"product_cat":[570],"product_tag":[],"class_list":{"0":"post-17434","1":"product","2":"type-product","3":"status-publish","4":"has-post-thumbnail","6":"product_cat-vakuuminio-pakavimo-irenginiai","8":"first","9":"instock","10":"shipping-taxable","11":"product-type-simple"},"_links":{"self":[{"href":"https:\/\/packstera.lt\/lv\/wp-json\/wp\/v2\/product\/17434","targetHints":{"allow":["GET"]}}],"collection":[{"href":"https:\/\/packstera.lt\/lv\/wp-json\/wp\/v2\/product"}],"about":[{"href":"https:\/\/packstera.lt\/lv\/wp-json\/wp\/v2\/types\/product"}],"version-history":[{"count":1,"href":"https:\/\/packstera.lt\/lv\/wp-json\/wp\/v2\/product\/17434\/revisions"}],"predecessor-version":[{"id":17442,"href":"https:\/\/packstera.lt\/lv\/wp-json\/wp\/v2\/product\/17434\/revisions\/17442"}],"wp:featuredmedia":[{"embeddable":true,"href":"https:\/\/packstera.lt\/lv\/wp-json\/wp\/v2\/media\/17437"}],"wp:attachment":[{"href":"https:\/\/packstera.lt\/lv\/wp-json\/wp\/v2\/media?parent=17434"}],"wp:term":[{"taxonomy":"product_cat","embeddable":true,"href":"https:\/\/packstera.lt\/lv\/wp-json\/wp\/v2\/product_cat?post=17434"},{"taxonomy":"product_tag","embeddable":true,"href":"https:\/\/packstera.lt\/lv\/wp-json\/wp\/v2\/product_tag?post=17434"}],"curies":[{"name":"wp","href":"https:\/\/api.w.org\/{rel}","templated":true}]}}