{"id":17446,"date":"2025-05-21T17:03:12","date_gmt":"2025-05-21T14:03:12","guid":{"rendered":"https:\/\/packstera.lt\/?post_type=product&#038;p=17446"},"modified":"2025-05-23T16:11:37","modified_gmt":"2025-05-23T13:11:37","slug":"rankinis-co%e2%82%82-o%e2%82%82-duju-analizatorius-oxybaby-m","status":"publish","type":"product","link":"https:\/\/packstera.lt\/lv\/p\/rankinis-co%e2%82%82-o%e2%82%82-duju-analizatorius-oxybaby-m\/","title":{"rendered":"Rankinis CO\u2082 \/ O\u2082 duj\u0173 analizatorius \u2013 OXYBABY\u00ae M+"},"content":{"rendered":"<p class=\"\" data-start=\"236\" data-end=\"604\">Rankinis CO\u2082 \/ O\u2082 duj\u0173 analizatorius \u2013 OXYBABY\u00ae \u2013 tai ergonomi\u0161kas, belaidis rankinis analizatorius, skirtas deguonies (O\u2082) ir (arba) anglies dioksido (CO\u2082) liku\u010di\u0173 matavimui pakuot\u0117se. Sukurtas darbui viena ranka, \u0161is prietaisas leid\u017eia greitai ir tiksliai analizuoti MAP (modifikuotos atmosferos pakuo\u010di\u0173) sud\u0117t\u012f maisto pramon\u0117je ir kitose srityse, kur svarbu u\u017etikrinti produkt\u0173 saugum\u0105 ir kokyb\u0119.<\/p>\n<p class=\"\" data-start=\"606\" data-end=\"893\">Matavimo ribos: nuo 0 iki 100 t\u016brio % O\u2082 ir (arba) CO\u2082, esant nedegiems, netoksi\u0161kiems ir nekoroziniams duj\u0173 mi\u0161iniams. OXYBABY\u00ae turi integruot\u0105 atmint\u012f 100 matavim\u0173, duomenys saugomi net i\u0161jungus \u012frengin\u012f. Siekiant maksimalaus naudotojo saugumo, \u012fmontuotas automatinis adatos dangtelis.<\/p>\n<p class=\"\" data-start=\"895\" data-end=\"1166\">\u012erenginys atitinka Europos standartus (DIN EN 61000 ir DIN EN 60439), turi elektromechanin\u0119 O\u2082 jutiklio technologij\u0105 su dideliu tikslumu (\u00b10,1 % absoliutus tikslumas \u017eemoms koncentracijoms) bei infraraudon\u0173j\u0173 spinduli\u0173 CO\u2082 analiz\u0117s technologij\u0105 kaip pasirenkam\u0105 funkcij\u0105.<\/p>\n<p class=\"\" data-start=\"1168\" data-end=\"1193\"><strong data-start=\"1168\" data-end=\"1193\">Svarbiausios savyb\u0117s:<\/strong><\/p>\n<ul data-start=\"1194\" data-end=\"1472\">\n<li class=\"\" data-start=\"1194\" data-end=\"1243\">\n<p class=\"\" data-start=\"1196\" data-end=\"1243\">Kompakti\u0161kas, lengvas (~600 g), veikia be laid\u0173<\/p>\n<\/li>\n<li class=\"\" data-start=\"1244\" data-end=\"1309\">\n<p class=\"\" data-start=\"1246\" data-end=\"1309\">Tinka darbui vietoje: sand\u0117liuose, gamyboje, kokyb\u0117s kontrol\u0117je<\/p>\n<\/li>\n<li class=\"\" data-start=\"1310\" data-end=\"1341\">\n<p class=\"\" data-start=\"1312\" data-end=\"1341\">Greitas atsakas: t90 \u2264 5 sek.<\/p>\n<\/li>\n<li class=\"\" data-start=\"1342\" data-end=\"1397\">\n<p class=\"\" data-start=\"1344\" data-end=\"1397\">Galimyb\u0117 keisti O\u2082 jutikl\u012f (~2 met\u0173 tarnavimo laikas)<\/p>\n<\/li>\n<li class=\"\" data-start=\"1398\" data-end=\"1444\">\n<p class=\"\" data-start=\"1400\" data-end=\"1444\">Integruotos \u012fkraunamos baterijos (\u2265 9,72 Wh)<\/p>\n<\/li>\n<li class=\"\" data-start=\"1445\" data-end=\"1472\">\n<p class=\"\" data-start=\"1447\" data-end=\"1472\">Automatin\u0117 adatos apsauga<\/p>\n<\/li>\n<\/ul>\n<hr class=\"\" data-start=\"1474\" data-end=\"1477\" \/>\n<h4 class=\"\" data-start=\"1479\" data-end=\"1512\"><strong data-start=\"1484\" data-end=\"1512\">Tehnisk\u0101s specifik\u0101cijas<\/strong><\/h4>\n<div class=\"_tableContainer_16hzy_1\">\n<div class=\"_tableWrapper_16hzy_14 group flex w-fit flex-col-reverse\" tabindex=\"-1\">\n<table class=\"w-fit min-w-(--thread-content-width)\" data-start=\"1514\" data-end=\"2740\">\n<thead data-start=\"1514\" data-end=\"1602\">\n<tr data-start=\"1514\" data-end=\"1602\">\n<th data-start=\"1514\" data-end=\"1544\" data-col-size=\"sm\">Parametrs<\/th>\n<th data-start=\"1544\" data-end=\"1602\" data-col-size=\"md\">Noz\u012bme<\/th>\n<\/tr>\n<\/thead>\n<tbody data-start=\"1692\" data-end=\"2740\">\n<tr data-start=\"1692\" data-end=\"1779\">\n<td data-start=\"1692\" data-end=\"1721\" data-col-size=\"sm\">Izm\u0113ri (A x P x D)<\/td>\n<td data-col-size=\"md\" data-start=\"1721\" data-end=\"1779\">187 x 106 x 91 mm<\/td>\n<\/tr>\n<tr data-start=\"1780\" data-end=\"1867\">\n<td data-start=\"1780\" data-end=\"1809\" data-col-size=\"sm\">Svars<\/td>\n<td data-col-size=\"md\" data-start=\"1809\" data-end=\"1867\">~600 g<\/td>\n<\/tr>\n<tr data-start=\"1868\" data-end=\"1955\">\n<td data-start=\"1868\" data-end=\"1897\" data-col-size=\"sm\">Duj\u0173 tipas<\/td>\n<td data-col-size=\"md\" data-start=\"1897\" data-end=\"1955\">O\u2082 ir\/arba CO\u2082 nedegiuose, netoksi\u0161kuose mi\u0161iniuose<\/td>\n<\/tr>\n<tr data-start=\"1956\" data-end=\"2043\">\n<td data-start=\"1956\" data-end=\"1985\" data-col-size=\"sm\">Akumulators<\/td>\n<td data-col-size=\"md\" data-start=\"1985\" data-end=\"2043\">3 integruotos \u012fkraunamos baterijos (\u2265 9,72 Wh)<\/td>\n<\/tr>\n<tr data-start=\"2044\" data-end=\"2130\">\n<td data-start=\"2044\" data-end=\"2072\" data-col-size=\"sm\">Atmi\u0146a<\/td>\n<td data-col-size=\"md\" data-start=\"2072\" data-end=\"2130\">100 matavim\u0173, saugoma net i\u0161jungus \u012frengin\u012f<\/td>\n<\/tr>\n<tr data-start=\"2131\" data-end=\"2217\">\n<td data-start=\"2131\" data-end=\"2159\" data-col-size=\"sm\">O\u2082 jutiklis<\/td>\n<td data-col-size=\"md\" data-start=\"2159\" data-end=\"2217\">Elektromechanin\u0117 l\u0105stel\u0117<\/td>\n<\/tr>\n<tr data-start=\"2218\" data-end=\"2305\">\n<td data-start=\"2218\" data-end=\"2246\" data-col-size=\"sm\">O\u2082 tikslumas<\/td>\n<td data-col-size=\"md\" data-start=\"2246\" data-end=\"2305\">\u00b10,1 % (kai \u2264 10 vol. %) \/ \u00b11 % (kai &gt; 10 vol. %)<\/td>\n<\/tr>\n<tr data-start=\"2306\" data-end=\"2392\">\n<td data-start=\"2306\" data-end=\"2334\" data-col-size=\"sm\">O\u2082 reakcijos laikas (t90)<\/td>\n<td data-col-size=\"md\" data-start=\"2334\" data-end=\"2392\">\u2264 5 s<\/td>\n<\/tr>\n<tr data-start=\"2393\" data-end=\"2479\">\n<td data-start=\"2393\" data-end=\"2422\" data-col-size=\"sm\">CO\u2082 jutiklis (pasirenkama)<\/td>\n<td data-col-size=\"md\" data-start=\"2422\" data-end=\"2479\">Infraraudon\u0173j\u0173 spinduli\u0173 adsorbcijos technologija<\/td>\n<\/tr>\n<tr data-start=\"2480\" data-end=\"2566\">\n<td data-start=\"2480\" data-end=\"2508\" data-col-size=\"sm\">CO\u2082 matavimo ribos<\/td>\n<td data-col-size=\"md\" data-start=\"2508\" data-end=\"2566\">0\u2013100 vol. %<\/td>\n<\/tr>\n<tr data-start=\"2567\" data-end=\"2653\">\n<td data-start=\"2567\" data-end=\"2595\" data-col-size=\"sm\">CO\u2082 tikslumas<\/td>\n<td data-col-size=\"md\" data-start=\"2595\" data-end=\"2653\">\u00b12 % FS prie 20 \u00b0C (\u00b12 % CO\u2082)<\/td>\n<\/tr>\n<tr data-start=\"2654\" data-end=\"2740\">\n<td data-start=\"2654\" data-end=\"2682\" data-col-size=\"sm\">Standartai<\/td>\n<td data-col-size=\"md\" data-start=\"2682\" data-end=\"2740\">DIN EN 61000-6-3, 61000-6-2, 60439-1<\/td>\n<\/tr>\n<\/tbody>\n<\/table>\n<\/div>\n<\/div>\n<div class=\"_tableContainer_16hzy_1\"><\/div>\n<div id=\"gtx-trans\" style=\"position: absolute; left: -10px; top: 0.476563px;\">\n<div class=\"gtx-trans-icon\"><\/div>\n<\/div>","protected":false},"excerpt":{"rendered":"<p>Rankinis CO\u2082 \/ O\u2082 duj\u0173 analizatorius \u2013 OXYBABY\u00ae \u2013 skirtas greitam ir tiksliam MAP pakuo\u010di\u0173 duj\u0173 liku\u010di\u0173 nustatymui maisto ir kitose pramon\u0117s \u0161akose. \u012erenginys sveria vos 600 g, turi vidin\u0119 atmint\u012f 100 matavim\u0173 ir automatin\u0119 adatos apsaug\u0105. O\u2082 analiz\u0117 atliekama elektromechaniniu jutikliu, o CO\u2082 \u2013 infraraudon\u0173j\u0173 spinduli\u0173 technologija (pasirenkama funkcija). Greitas atsakas (\u2264 5 s), lengva naudoti viena ranka, veikia su \u012fkraunama baterija \u2013 patikimas sprendimas kokyb\u0117s kontrolei.<\/p>\n<div id=\"gtx-trans\" style=\"position: absolute; left: -48px; top: -9.50391px;\">\n<div class=\"gtx-trans-icon\"><\/div>\n<\/div>","protected":false},"featured_media":17439,"template":"","meta":[],"product_cat":[570],"product_tag":[],"class_list":{"0":"post-17446","1":"product","2":"type-product","3":"status-publish","4":"has-post-thumbnail","6":"product_cat-vakuuminio-pakavimo-irenginiai","8":"first","9":"instock","10":"shipping-taxable","11":"product-type-simple"},"_links":{"self":[{"href":"https:\/\/packstera.lt\/lv\/wp-json\/wp\/v2\/product\/17446","targetHints":{"allow":["GET"]}}],"collection":[{"href":"https:\/\/packstera.lt\/lv\/wp-json\/wp\/v2\/product"}],"about":[{"href":"https:\/\/packstera.lt\/lv\/wp-json\/wp\/v2\/types\/product"}],"version-history":[{"count":1,"href":"https:\/\/packstera.lt\/lv\/wp-json\/wp\/v2\/product\/17446\/revisions"}],"predecessor-version":[{"id":17447,"href":"https:\/\/packstera.lt\/lv\/wp-json\/wp\/v2\/product\/17446\/revisions\/17447"}],"wp:featuredmedia":[{"embeddable":true,"href":"https:\/\/packstera.lt\/lv\/wp-json\/wp\/v2\/media\/17439"}],"wp:attachment":[{"href":"https:\/\/packstera.lt\/lv\/wp-json\/wp\/v2\/media?parent=17446"}],"wp:term":[{"taxonomy":"product_cat","embeddable":true,"href":"https:\/\/packstera.lt\/lv\/wp-json\/wp\/v2\/product_cat?post=17446"},{"taxonomy":"product_tag","embeddable":true,"href":"https:\/\/packstera.lt\/lv\/wp-json\/wp\/v2\/product_tag?post=17446"}],"curies":[{"name":"wp","href":"https:\/\/api.w.org\/{rel}","templated":true}]}}