{"id":17576,"date":"2025-07-08T15:09:49","date_gmt":"2025-07-08T12:09:49","guid":{"rendered":"https:\/\/packstera.lt\/?post_type=product&#038;p=17576"},"modified":"2025-07-08T16:38:32","modified_gmt":"2025-07-08T13:38:32","slug":"automatinis-deziu-formavimo-ir-pakavimo-irenginys-su-linijiniu-padavimu-wps-serija","status":"publish","type":"product","link":"https:\/\/packstera.lt\/lv\/p\/automatinis-deziu-formavimo-ir-pakavimo-irenginys-su-linijiniu-padavimu-wps-serija\/","title":{"rendered":"Automatinis d\u0117\u017ei\u0173 formavimo ir pakavimo \u012frenginys su linijiniu padavimu WPS serija"},"content":{"rendered":"<div data-elementor-type=\"wp-post\" data-elementor-id=\"17576\" class=\"elementor elementor-17576\">\n\t\t\t\t\t\t<section class=\"elementor-section elementor-top-section elementor-element elementor-element-25c89cf3 elementor-section-boxed elementor-section-height-default elementor-section-height-default\" data-id=\"25c89cf3\" data-element_type=\"section\" data-e-type=\"section\">\n\t\t\t\t\t\t<div class=\"elementor-container elementor-column-gap-default\">\n\t\t\t\t\t<div class=\"elementor-column elementor-col-100 elementor-top-column elementor-element elementor-element-14fdbee6\" data-id=\"14fdbee6\" data-element_type=\"column\" data-e-type=\"column\">\n\t\t\t<div class=\"elementor-widget-wrap elementor-element-populated\">\n\t\t\t\t\t\t<div class=\"elementor-element elementor-element-44ed75fa elementor-widget elementor-widget-text-editor\" data-id=\"44ed75fa\" data-element_type=\"widget\" data-e-type=\"widget\" data-widget_type=\"text-editor.default\">\n\t\t\t\t<div class=\"elementor-widget-container\">\n\t\t\t\t\t\t\t\t\t<table dir=\"ltr\" border=\"1\" cellspacing=\"0\" cellpadding=\"0\" data-sheets-root=\"1\" data-sheets-baot=\"1\"><colgroup><col width=\"100\" \/><col width=\"100\" \/><\/colgroup><tbody><tr><td>Specifik\u0101cija<\/td><td>Noz\u012bme<\/td><\/tr><tr><td>Performance<\/td><td>Iki 25 pakuo\u010di\u0173\/minut\u0119<\/td><\/tr><tr><td>Kartonin\u0117s pakuot\u0117s tipai<\/td><td>Mikro gofruotas, gofruotas, kraftpap<\/td><\/tr><tr><td>Valdymo skydelis<\/td><td>7 coli\u0173 spalvotas jutiklinis ekranas<\/td><\/tr><tr><td>Darbo cikl\u0173 programavimo galimyb\u0117<\/td><td>Iki 50 skirting\u0173 darbo cikl\u0173<\/td><\/tr><tr><td>Automatinis paketo konfig\u016bravimas<\/td><td>J\u0101<\/td><\/tr><tr><td>Juostos kontrol\u0117s sensoriai<\/td><td>J\u0101<\/td><\/tr><tr><td>\u201eIndustry 4.0\u201c atitikimas<\/td><td>J\u0101<\/td><\/tr><tr><td>Integruota sistema<\/td><td>Galimyb\u0117 integruoti su skirstytuvais (dividers)<\/td><\/tr><\/tbody><\/table>\t\t\t\t\t\t\t\t<\/div>\n\t\t\t\t<\/div>\n\t\t\t\t\t<\/div>\n\t\t<\/div>\n\t\t\t\t\t<\/div>\n\t\t<\/section>\n\t\t\t\t<section class=\"elementor-section elementor-top-section elementor-element elementor-element-30e8a38 elementor-section-boxed elementor-section-height-default elementor-section-height-default\" data-id=\"30e8a38\" data-element_type=\"section\" data-e-type=\"section\">\n\t\t\t\t\t\t<div class=\"elementor-container elementor-column-gap-default\">\n\t\t\t\t\t<div class=\"elementor-column elementor-col-66 elementor-top-column elementor-element elementor-element-0129562\" data-id=\"0129562\" data-element_type=\"column\" data-e-type=\"column\">\n\t\t\t<div class=\"elementor-widget-wrap elementor-element-populated\">\n\t\t\t\t\t\t<div class=\"elementor-element elementor-element-24fb148 elementor-widget elementor-widget-video\" data-id=\"24fb148\" data-element_type=\"widget\" data-e-type=\"widget\" data-settings=\"{&quot;youtube_url&quot;:&quot;https:\\\/\\\/www.youtube.com\\\/watch?v=C8fdVdH5bvs&quot;,&quot;video_type&quot;:&quot;youtube&quot;,&quot;controls&quot;:&quot;yes&quot;}\" data-widget_type=\"video.default\">\n\t\t\t\t<div class=\"elementor-widget-container\">\n\t\t\t\t\t\t\t<div class=\"elementor-wrapper elementor-open-inline\">\n\t\t\t<div class=\"elementor-video\"><\/div>\t\t<\/div>\n\t\t\t\t\t\t<\/div>\n\t\t\t\t<\/div>\n\t\t\t\t\t<\/div>\n\t\t<\/div>\n\t\t\t\t<div class=\"elementor-column elementor-col-33 elementor-top-column elementor-element elementor-element-872edc8\" data-id=\"872edc8\" data-element_type=\"column\" data-e-type=\"column\">\n\t\t\t<div class=\"elementor-widget-wrap elementor-element-populated\">\n\t\t\t\t\t\t<div class=\"elementor-element elementor-element-9bbd7d5 btn-position-bottom elementor-widget elementor-widget-razzi-image-button\" data-id=\"9bbd7d5\" data-element_type=\"widget\" data-e-type=\"widget\" data-widget_type=\"razzi-image-button.default\">\n\t\t\t\t<div class=\"elementor-widget-container\">\n\t\t\t\t\t<div class=\"razzi-image-button\"><img fetchpriority=\"high\" decoding=\"async\" width=\"640\" height=\"640\" src=\"https:\/\/packstera.lt\/wp-content\/uploads\/2025\/07\/FP560A-FP870A-1024x1024.jpg\" class=\"attachment-large size-large wp-image-17569\" alt=\"\" srcset=\"https:\/\/packstera.lt\/wp-content\/uploads\/2025\/07\/FP560A-FP870A-1024x1024.jpg 1024w, https:\/\/packstera.lt\/wp-content\/uploads\/2025\/07\/FP560A-FP870A-600x600.jpg 600w, https:\/\/packstera.lt\/wp-content\/uploads\/2025\/07\/FP560A-FP870A-150x150.jpg 150w, https:\/\/packstera.lt\/wp-content\/uploads\/2025\/07\/FP560A-FP870A-300x300.jpg 300w, https:\/\/packstera.lt\/wp-content\/uploads\/2025\/07\/FP560A-FP870A-768x768.jpg 768w\" sizes=\"(max-width: 640px) 100vw, 640px\" \/><a href=\"https:\/\/packstera.lt\/wp-content\/uploads\/2025\/06\/serie-wps-en-es-pt.pdf\" target=\"_blank\" rel=\"nofollow\" class=\"razzi-image-button__link\"><\/a><a href=\"https:\/\/packstera.lt\/wp-content\/uploads\/2025\/06\/serie-wps-en-es-pt.pdf\" target=\"_blank\" rel=\"nofollow\" class=\"razzi-image-button__position razzi-image-button__button\">Ra\u017eot\u0101ja apraksts <span class=\"razzi-svg-icon\"><svg aria-hidden=\"true\" role=\"img\" focusable=\"false\" xmlns=\"http:\/\/www.w3.org\/2000\/svg\" width=\"24\" height=\"24\" viewbox=\"0 0 24 24\" fill=\"none\" stroke=\"currentColor\" stroke-width=\"2\" stroke-linecap=\"round\" stroke-linejoin=\"round\"><line x1=\"0\" y1=\"12\" x2=\"19\" y2=\"12\"><\/line><polyline points=\"12 5 19 12 12 19\"><\/polyline><\/svg><\/span><\/a><\/div>\t\t\t\t<\/div>\n\t\t\t\t<\/div>\n\t\t\t\t\t<\/div>\n\t\t<\/div>\n\t\t\t\t\t<\/div>\n\t\t<\/section>\n\t\t\t\t<\/div>","protected":false},"excerpt":{"rendered":"<p style=\"text-align: justify;\">Automatinis d\u0117\u017ei\u0173 formavimo ir pakavimo \u012frenginys su linijiniu padavimu WPS serija. Skirti pakuoti \u012fvairius produktus \u012f pad\u0117klus, atviras, u\u017edaras, lentynoms paruo\u0161tas arba eksponuojamas d\u0117\u017ees, atitinka auk\u0161\u010diausius gamybos standartus ir kokyb\u0117s reglamentus.<\/p>\n<p>Kompakti\u0161kas dizainas suma\u017eina didel\u0117s montavimo erdv\u0117s poreik\u012f, o platus auk\u0161t\u0173j\u0173 technologij\u0173 komponent\u0173 naudojimas leid\u017eia per trump\u0105 laik\u0105 pasiekti didel\u012f gamybos na\u0161um\u0105. WPS pakavimo \u012frenginiai leid\u017eia dirbti su trij\u0173 tip\u0173 kartonu: mikrogofruotu, gofruotu ir kraft kartonu, ir gali pasiekti iki 25 pakuo\u010di\u0173 per minut\u0119 gamybos na\u0161um\u0105.<\/p>\n<div id=\"gtx-trans\" style=\"position: absolute; left: -105px; top: 38.4648px;\">\n<div class=\"gtx-trans-icon\"><\/div>\n<\/div>","protected":false},"featured_media":17620,"template":"","meta":[],"product_cat":[559,567],"product_tag":[],"class_list":{"0":"post-17576","1":"product","2":"type-product","3":"status-publish","4":"has-post-thumbnail","6":"product_brand-smipack","7":"product_cat-deziu-formavimo-irenginiai","8":"product_cat-pakavimo-i-termo-plevele-irenginiai","10":"first","11":"instock","12":"shipping-taxable","13":"product-type-simple"},"_links":{"self":[{"href":"https:\/\/packstera.lt\/lv\/wp-json\/wp\/v2\/product\/17576","targetHints":{"allow":["GET"]}}],"collection":[{"href":"https:\/\/packstera.lt\/lv\/wp-json\/wp\/v2\/product"}],"about":[{"href":"https:\/\/packstera.lt\/lv\/wp-json\/wp\/v2\/types\/product"}],"version-history":[{"count":7,"href":"https:\/\/packstera.lt\/lv\/wp-json\/wp\/v2\/product\/17576\/revisions"}],"predecessor-version":[{"id":17642,"href":"https:\/\/packstera.lt\/lv\/wp-json\/wp\/v2\/product\/17576\/revisions\/17642"}],"wp:featuredmedia":[{"embeddable":true,"href":"https:\/\/packstera.lt\/lv\/wp-json\/wp\/v2\/media\/17620"}],"wp:attachment":[{"href":"https:\/\/packstera.lt\/lv\/wp-json\/wp\/v2\/media?parent=17576"}],"wp:term":[{"taxonomy":"product_cat","embeddable":true,"href":"https:\/\/packstera.lt\/lv\/wp-json\/wp\/v2\/product_cat?post=17576"},{"taxonomy":"product_tag","embeddable":true,"href":"https:\/\/packstera.lt\/lv\/wp-json\/wp\/v2\/product_tag?post=17576"}],"curies":[{"name":"wp","href":"https:\/\/api.w.org\/{rel}","templated":true}]}}